{"id":21948,"date":"2023-02-24T12:42:15","date_gmt":"2023-02-24T11:42:15","guid":{"rendered":"https:\/\/esztar.hu\/?page_id=21948"},"modified":"2023-02-24T12:42:15","modified_gmt":"2023-02-24T11:42:15","slug":"pletykak-legendak","status":"publish","type":"page","link":"https:\/\/esztar.hu\/?page_id=21948","title":{"rendered":"Pletyk\u00e1k, Legend\u00e1k"},"content":{"rendered":"<p>felt\u00f6lt\u00e9s alatt&#8230;<\/p>\n","protected":false},"excerpt":{"rendered":"<p>felt\u00f6lt\u00e9s alatt&#8230;<\/p>\n","protected":false},"author":2,"featured_media":0,"parent":0,"menu_order":0,"comment_status":"closed","ping_status":"closed","template":"","meta":{"_sitemap_exclude":false,"_sitemap_priority":"","_sitemap_frequency":"","footnotes":""},"class_list":["post-21948","page","type-page","status-publish","hentry"],"_links":{"self":[{"href":"https:\/\/esztar.hu\/index.php?rest_route=\/wp\/v2\/pages\/21948","targetHints":{"allow":["GET"]}}],"collection":[{"href":"https:\/\/esztar.hu\/index.php?rest_route=\/wp\/v2\/pages"}],"about":[{"href":"https:\/\/esztar.hu\/index.php?rest_route=\/wp\/v2\/types\/page"}],"author":[{"embeddable":true,"href":"https:\/\/esztar.hu\/index.php?rest_route=\/wp\/v2\/users\/2"}],"replies":[{"embeddable":true,"href":"https:\/\/esztar.hu\/index.php?rest_route=%2Fwp%2Fv2%2Fcomments&post=21948"}],"version-history":[{"count":1,"href":"https:\/\/esztar.hu\/index.php?rest_route=\/wp\/v2\/pages\/21948\/revisions"}],"predecessor-version":[{"id":21949,"href":"https:\/\/esztar.hu\/index.php?rest_route=\/wp\/v2\/pages\/21948\/revisions\/21949"}],"wp:attachment":[{"href":"https:\/\/esztar.hu\/index.php?rest_route=%2Fwp%2Fv2%2Fmedia&parent=21948"}],"curies":[{"name":"wp","href":"https:\/\/api.w.org\/{rel}","templated":true}]}}