{"id":21935,"date":"2023-02-24T12:40:44","date_gmt":"2023-02-24T11:40:44","guid":{"rendered":"https:\/\/esztar.hu\/?page_id=21935"},"modified":"2023-02-24T12:40:44","modified_gmt":"2023-02-24T11:40:44","slug":"szocialis-intezmenyi-szolgaltatasok","status":"publish","type":"page","link":"https:\/\/esztar.hu\/?page_id=21935","title":{"rendered":"Szoci\u00e1lis int\u00e9zm\u00e9nyi szolg\u00e1ltat\u00e1sok"},"content":{"rendered":"<p>felt\u00f6lt\u00e9s alatt&#8230;<\/p>\n","protected":false},"excerpt":{"rendered":"<p>felt\u00f6lt\u00e9s alatt&#8230;<\/p>\n","protected":false},"author":2,"featured_media":0,"parent":21925,"menu_order":0,"comment_status":"closed","ping_status":"closed","template":"","meta":{"_sitemap_exclude":false,"_sitemap_priority":"","_sitemap_frequency":"","footnotes":""},"class_list":["post-21935","page","type-page","status-publish","hentry"],"_links":{"self":[{"href":"https:\/\/esztar.hu\/index.php?rest_route=\/wp\/v2\/pages\/21935","targetHints":{"allow":["GET"]}}],"collection":[{"href":"https:\/\/esztar.hu\/index.php?rest_route=\/wp\/v2\/pages"}],"about":[{"href":"https:\/\/esztar.hu\/index.php?rest_route=\/wp\/v2\/types\/page"}],"author":[{"embeddable":true,"href":"https:\/\/esztar.hu\/index.php?rest_route=\/wp\/v2\/users\/2"}],"replies":[{"embeddable":true,"href":"https:\/\/esztar.hu\/index.php?rest_route=%2Fwp%2Fv2%2Fcomments&post=21935"}],"version-history":[{"count":1,"href":"https:\/\/esztar.hu\/index.php?rest_route=\/wp\/v2\/pages\/21935\/revisions"}],"predecessor-version":[{"id":21936,"href":"https:\/\/esztar.hu\/index.php?rest_route=\/wp\/v2\/pages\/21935\/revisions\/21936"}],"up":[{"embeddable":true,"href":"https:\/\/esztar.hu\/index.php?rest_route=\/wp\/v2\/pages\/21925"}],"wp:attachment":[{"href":"https:\/\/esztar.hu\/index.php?rest_route=%2Fwp%2Fv2%2Fmedia&parent=21935"}],"curies":[{"name":"wp","href":"https:\/\/api.w.org\/{rel}","templated":true}]}}