{"id":21911,"date":"2023-02-24T11:51:59","date_gmt":"2023-02-24T10:51:59","guid":{"rendered":"https:\/\/esztar.hu\/?page_id=21911"},"modified":"2023-03-30T14:41:18","modified_gmt":"2023-03-30T12:41:18","slug":"kozigazgatasi-dokumentumok","status":"publish","type":"page","link":"https:\/\/esztar.hu\/?page_id=21911","title":{"rendered":"K\u00f6zigazgat\u00e1si dokumentumok"},"content":{"rendered":"\t\t<div data-elementor-type=\"wp-page\" data-elementor-id=\"21911\" class=\"elementor elementor-21911\">\n\t\t\t\t\t\t<section class=\"elementor-section elementor-top-section elementor-element elementor-element-391e9f7 elementor-section-boxed elementor-section-height-default elementor-section-height-default\" data-id=\"391e9f7\" data-element_type=\"section\">\n\t\t\t\t\t\t<div class=\"elementor-container elementor-column-gap-default\">\n\t\t\t\t\t<div class=\"elementor-column elementor-col-100 elementor-top-column elementor-element elementor-element-650df72\" data-id=\"650df72\" data-element_type=\"column\">\n\t\t\t<div class=\"elementor-widget-wrap elementor-element-populated\">\n\t\t\t\t\t\t<div class=\"elementor-element elementor-element-7970ce4 elementor-widget elementor-widget-wpdmcategory\" data-id=\"7970ce4\" data-element_type=\"widget\" data-widget_type=\"wpdmcategory.default\">\n\t\t\t\t<div class=\"elementor-widget-container\">\n\t\t\t<div class='w3eden'>\n    <div class=''>\n\n        <form method=\"get\" class=\"\" data-container=\"#content_wpdm_package_1\" id=\"sc_form_wpdm_package_1\" style=\"margin-bottom: 15px\">\n                <div class=\"panel panel-default card category-panel wpdm-shortcode-toolbar\">\n                <div class=\"panel-body card-body\">\n                    <div class=\"media\">\n                        <div class=\"mr-3\">\n                                                    <\/div>\n                        <div class=\"media-body\">\n                            <h3 style=\"margin: 0\">K\u00f6zigazgat\u00e1si dokumentumok<\/h3>\n                                                    <\/div>\n                    <\/div>\n                <\/div>\n                <div class=\"panel-footer card-footer\">\n                    <div class=\"row\">\n                        <div class=\"col-lg-6 col-md-12\">\n                            <input type=\"text\" name=\"skw\" value=\"\" placeholder=\"Kulcssz\u00f3 Keres\u00e9se...\" class=\"form-control\" \/>\n                        <\/div>\n                        <div class=\"col-lg-2 col-md-4\">\n                            <select name=\"orderby\" class=\"wpdm-custom-select custom-select\">\n                                <option value=\"date\" disabled=\"disabled\">Rendez\u00e9s:<\/option>\n                                <option value=\"date\" >K\u00f6zz\u00e9t\u00e9tel d\u00e1tuma<\/option>\n                                <option value=\"title\" >C\u00edm<\/option>\n                                <option value=\"update_date\" >Felt\u00f6lt\u00e9s d\u00e1tuma<\/option>\n                                <option value=\"download_count\" >Let\u00f6lt\u00e9sek<\/option>\n                                <option value=\"view_count\" >N\u00e9zetek<\/option>\n                            <\/select>\n                        <\/div>\n                        <div class=\"col-lg-2 col-md-4\">\n                            <select name=\"order\" class=\"wpdm-custom-select custom-select\">\n                                <option value=\"desc\" disabled=\"disabled\">Sorrend:<\/option>\n                                <option value=\"desc\" >Cs\u00f6kken\u0151<\/option>\n                                <option value=\"asc\" >N\u00f6vekv\u0151<\/option>\n                            <\/select>\n                        <\/div>\n                        <div class=\"col-lg-2 col-md-4\">\n                            <button type=\"submit\" class=\"btn btn-secondary btn-block\">Sz\u0171r\u0151 Alkalmaz\u00e1sa<\/button>\n                        <\/div>\n                    <\/div>\n\n                <\/div>\n            <\/div>\n            <\/form>\n<div class=\"spacer mb-3 d-block clearfix\"><\/div>\n\n        <div id=\"content_wpdm_package_1\">\n            <div class='row'><div class='col-md-12'>No downloads found!<\/div><\/div>            <div style='clear:both'><\/div><div class='text-center'><ul class='pagination wpdm-pagination pagination-centered text-center'><\/ul><\/div><div style='clear:both'><\/div>        <\/div>\n\n        <div style='clear:both'><\/div>\n    <\/div>\n<\/div>\n\t\t<\/div>\n\t\t\t\t<\/div>\n\t\t\t\t\t<\/div>\n\t\t<\/div>\n\t\t\t\t\t<\/div>\n\t\t<\/section>\n\t\t\t\t<\/div>\n\t\t","protected":false},"excerpt":{"rendered":"<p>K\u00f6zigazgat\u00e1si dokumentumok Rendez\u00e9s:K\u00f6zz\u00e9t\u00e9tel d\u00e1tumaC\u00edmFelt\u00f6lt\u00e9s d\u00e1tumaLet\u00f6lt\u00e9sekN\u00e9zetek Sorrend:Cs\u00f6kken\u0151N\u00f6vekv\u0151 Sz\u0171r\u0151 Alkalmaz\u00e1sa Aj\u00e1nlatt\u00e9teli felh\u00edv\u00e1s 1 f\u00e1jl 6.60 MB Let\u00f6lt\u00e9s<\/p>\n","protected":false},"author":2,"featured_media":0,"parent":21904,"menu_order":0,"comment_status":"closed","ping_status":"closed","template":"","meta":{"_sitemap_exclude":false,"_sitemap_priority":"","_sitemap_frequency":"","footnotes":""},"class_list":["post-21911","page","type-page","status-publish","hentry"],"_links":{"self":[{"href":"https:\/\/esztar.hu\/index.php?rest_route=\/wp\/v2\/pages\/21911","targetHints":{"allow":["GET"]}}],"collection":[{"href":"https:\/\/esztar.hu\/index.php?rest_route=\/wp\/v2\/pages"}],"about":[{"href":"https:\/\/esztar.hu\/index.php?rest_route=\/wp\/v2\/types\/page"}],"author":[{"embeddable":true,"href":"https:\/\/esztar.hu\/index.php?rest_route=\/wp\/v2\/users\/2"}],"replies":[{"embeddable":true,"href":"https:\/\/esztar.hu\/index.php?rest_route=%2Fwp%2Fv2%2Fcomments&post=21911"}],"version-history":[{"count":7,"href":"https:\/\/esztar.hu\/index.php?rest_route=\/wp\/v2\/pages\/21911\/revisions"}],"predecessor-version":[{"id":21998,"href":"https:\/\/esztar.hu\/index.php?rest_route=\/wp\/v2\/pages\/21911\/revisions\/21998"}],"up":[{"embeddable":true,"href":"https:\/\/esztar.hu\/index.php?rest_route=\/wp\/v2\/pages\/21904"}],"wp:attachment":[{"href":"https:\/\/esztar.hu\/index.php?rest_route=%2Fwp%2Fv2%2Fmedia&parent=21911"}],"curies":[{"name":"wp","href":"https:\/\/api.w.org\/{rel}","templated":true}]}}