{"id":21909,"date":"2023-02-24T11:51:42","date_gmt":"2023-02-24T10:51:42","guid":{"rendered":"https:\/\/esztar.hu\/?page_id=21909"},"modified":"2025-08-28T14:57:23","modified_gmt":"2025-08-28T12:57:23","slug":"ado-es-penzugyi-dokumentumok","status":"publish","type":"page","link":"https:\/\/esztar.hu\/?page_id=21909","title":{"rendered":"Ad\u00f3 \u00e9s p\u00e9nz\u00fcgyi dokumentumok"},"content":{"rendered":"\t\t<div data-elementor-type=\"wp-page\" data-elementor-id=\"21909\" class=\"elementor elementor-21909\">\n\t\t\t\t\t\t<section class=\"elementor-section elementor-top-section elementor-element elementor-element-cf6ece1 elementor-section-boxed elementor-section-height-default elementor-section-height-default\" data-id=\"cf6ece1\" data-element_type=\"section\">\n\t\t\t\t\t\t<div class=\"elementor-container elementor-column-gap-default\">\n\t\t\t\t\t<div class=\"elementor-column elementor-col-100 elementor-top-column elementor-element elementor-element-8a531bb\" data-id=\"8a531bb\" data-element_type=\"column\">\n\t\t\t<div class=\"elementor-widget-wrap elementor-element-populated\">\n\t\t\t\t\t\t<div class=\"elementor-element elementor-element-9b24824 elementor-absolute elementor-widget elementor-widget-heading\" data-id=\"9b24824\" data-element_type=\"widget\" data-settings=\"{&quot;_position&quot;:&quot;absolute&quot;}\" data-widget_type=\"heading.default\">\n\t\t\t\t<div class=\"elementor-widget-container\">\n\t\t\t<style>\/*! elementor - v3.23.0 - 15-07-2024 *\/\n.elementor-heading-title{padding:0;margin:0;line-height:1}.elementor-widget-heading .elementor-heading-title[class*=elementor-size-]>a{color:inherit;font-size:inherit;line-height:inherit}.elementor-widget-heading .elementor-heading-title.elementor-size-small{font-size:15px}.elementor-widget-heading .elementor-heading-title.elementor-size-medium{font-size:19px}.elementor-widget-heading .elementor-heading-title.elementor-size-large{font-size:29px}.elementor-widget-heading .elementor-heading-title.elementor-size-xl{font-size:39px}.elementor-widget-heading .elementor-heading-title.elementor-size-xxl{font-size:59px}<\/style><h3 class=\"elementor-heading-title elementor-size-default\"><br>\u00dcgyt\u00edpus<\/h3>\t\t<\/div>\n\t\t\t\t<\/div>\n\t\t\t\t<div class=\"elementor-element elementor-element-db7c713 elementor-widget__width-initial elementor-widget elementor-widget-accordion\" data-id=\"db7c713\" data-element_type=\"widget\" data-widget_type=\"accordion.default\">\n\t\t\t\t<div class=\"elementor-widget-container\">\n\t\t\t<style>\/*! elementor - v3.23.0 - 15-07-2024 *\/\n.elementor-accordion{text-align:start}.elementor-accordion .elementor-accordion-item{border:1px solid #d5d8dc}.elementor-accordion .elementor-accordion-item+.elementor-accordion-item{border-top:none}.elementor-accordion .elementor-tab-title{margin:0;padding:15px 20px;font-weight:700;line-height:1;cursor:pointer;outline:none}.elementor-accordion .elementor-tab-title .elementor-accordion-icon{display:inline-block;width:1.5em}.elementor-accordion .elementor-tab-title .elementor-accordion-icon svg{width:1em;height:1em}.elementor-accordion .elementor-tab-title .elementor-accordion-icon.elementor-accordion-icon-right{float:right;text-align:right}.elementor-accordion .elementor-tab-title .elementor-accordion-icon.elementor-accordion-icon-left{float:left;text-align:left}.elementor-accordion .elementor-tab-title .elementor-accordion-icon .elementor-accordion-icon-closed{display:block}.elementor-accordion .elementor-tab-title .elementor-accordion-icon .elementor-accordion-icon-opened,.elementor-accordion .elementor-tab-title.elementor-active .elementor-accordion-icon-closed{display:none}.elementor-accordion .elementor-tab-title.elementor-active .elementor-accordion-icon-opened{display:block}.elementor-accordion .elementor-tab-content{display:none;padding:15px 20px;border-top:1px solid #d5d8dc}@media (max-width:767px){.elementor-accordion .elementor-tab-title{padding:12px 15px}.elementor-accordion .elementor-tab-title .elementor-accordion-icon{width:1.2em}.elementor-accordion .elementor-tab-content{padding:7px 15px}}.e-con-inner>.elementor-widget-accordion,.e-con>.elementor-widget-accordion{width:var(--container-widget-width);--flex-grow:var(--container-widget-flex-grow)}<\/style>\t\t<div class=\"elementor-accordion\">\n\t\t\t\t\t\t\t<div class=\"elementor-accordion-item\">\n\t\t\t\t\t<h4 id=\"elementor-tab-title-2301\" class=\"elementor-tab-title\" data-tab=\"1\" role=\"button\" aria-controls=\"elementor-tab-content-2301\" aria-expanded=\"false\">\n\t\t\t\t\t\t\t\t\t\t\t\t\t<span class=\"elementor-accordion-icon elementor-accordion-icon-left\" aria-hidden=\"true\">\n\t\t\t\t\t\t\t\t\t\t\t\t\t\t\t<span class=\"elementor-accordion-icon-closed\"><i class=\"fas fa-plus\"><\/i><\/span>\n\t\t\t\t\t\t\t\t<span class=\"elementor-accordion-icon-opened\"><i class=\"fas fa-minus\"><\/i><\/span>\n\t\t\t\t\t\t\t\t\t\t\t\t\t\t<\/span>\n\t\t\t\t\t\t\t\t\t\t\t\t<a class=\"elementor-accordion-title\" tabindex=\"0\">Mag\u00e1nszem\u00e9lyek kommun\u00e1lis ad\u00f3ja<\/a>\n\t\t\t\t\t<\/h4>\n\t\t\t\t\t<div id=\"elementor-tab-content-2301\" class=\"elementor-tab-content elementor-clearfix\" data-tab=\"1\" role=\"region\" aria-labelledby=\"elementor-tab-title-2301\"><p><img decoding=\"async\" class=\"alignleft\" src=\"https:\/\/tse3.mm.bing.net\/th\/id\/OIP.qyip0gFDasQiIdcBiJSRiwHaJM?cb=thfvnext&amp;rs=1&amp;pid=ImgDetMain&amp;o=7&amp;rm=3\" alt=\"\" width=\"23\" height=\"28\" \/><a style=\"letter-spacing: 0px;\" href=\"https:\/\/esztar.hu\/wp-content\/uploads\/2025\/08\/Adatbejelentes-a-maganszemely-kommunalis-adojarol.pdf\">Adatbejelent\u00e9s- a mag\u00e1nszem\u00e9ly kommun\u00e1lis ad\u00f3j\u00e1r\u00f3l<\/a><\/p><p><a href=\"https:\/\/esztar.hu\/wp-content\/uploads\/2025\/08\/Megallapodas-adoval-kapcsolatos-kotelezettsegekrol-es-jogokrol.pdf\"><img decoding=\"async\" class=\"alignleft\" src=\"https:\/\/tse3.mm.bing.net\/th\/id\/OIP.qyip0gFDasQiIdcBiJSRiwHaJM?cb=thfvnext&amp;rs=1&amp;pid=ImgDetMain&amp;o=7&amp;rm=3\" alt=\"\" width=\"23\" height=\"28\" \/>Meg\u00e1llapod\u00e1s ad\u00f3val kapcsolatos k\u00f6telezetts\u00e9gekr\u0151l \u00e9s jogokr\u00f3l<\/a><\/p><p><img decoding=\"async\" class=\"alignleft\" src=\"https:\/\/tse3.mm.bing.net\/th\/id\/OIP.qyip0gFDasQiIdcBiJSRiwHaJM?cb=thfvnext&amp;rs=1&amp;pid=ImgDetMain&amp;o=7&amp;rm=3\" alt=\"\" width=\"23\" height=\"28\" \/><a href=\"https:\/\/esztar.hu\/wp-content\/uploads\/2025\/08\/Mentessegi-kerelem.pdf\">Mentess\u00e9gi k\u00e9relem<\/a><\/p><p><img decoding=\"async\" class=\"alignleft\" src=\"https:\/\/tse3.mm.bing.net\/th\/id\/OIP.qyip0gFDasQiIdcBiJSRiwHaJM?cb=thfvnext&amp;rs=1&amp;pid=ImgDetMain&amp;o=7&amp;rm=3\" alt=\"\" width=\"23\" height=\"28\" \/><a href=\"https:\/\/esztar.hu\/wp-content\/uploads\/2025\/08\/Igazolas-szurovizsgalaton-valo-reszvetelrol-adomentessegi-kerelem-melleklete.pdf\">Igazol\u00e1s sz\u0171r\u0151vizsg\u00e1laton val\u00f3 r\u00e9szv\u00e9telr\u0151l (ad\u00f3mentess\u00e9gi k\u00e9relem mell\u00e9klete)<\/a><\/p><p><img decoding=\"async\" class=\"alignleft\" src=\"https:\/\/tse3.mm.bing.net\/th\/id\/OIP.qyip0gFDasQiIdcBiJSRiwHaJM?cb=thfvnext&amp;rs=1&amp;pid=ImgDetMain&amp;o=7&amp;rm=3\" alt=\"\" width=\"23\" height=\"28\" \/><a href=\"https:\/\/esztar.hu\/wp-content\/uploads\/2025\/08\/Mentessegi-kerelem-Szurovizsgalaton-valo-reszvetel-kitoltesi-utmutato.pdf\">Mentess\u00e9gi k\u00e9relem (Sz\u0171r\u0151vizsg\u00e1laton val\u00f3 r\u00e9szv\u00e9tel)- kit\u00f6lt\u00e9si \u00fatmutat\u00f3<\/a><\/p><p><img decoding=\"async\" class=\"alignleft\" src=\"https:\/\/tse3.mm.bing.net\/th\/id\/OIP.qyip0gFDasQiIdcBiJSRiwHaJM?cb=thfvnext&amp;rs=1&amp;pid=ImgDetMain&amp;o=7&amp;rm=3\" alt=\"\" width=\"23\" height=\"28\" \/><a href=\"https:\/\/esztar.hu\/wp-content\/uploads\/2025\/08\/Mentessegi-kerelem-80.-eletevet-betolto-adoalanyok-kitoltesi-utmutato.pdf\">Mentess\u00e9gi k\u00e9relem (80. \u00e9let\u00e9vet bet\u00f6lt\u0151 ad\u00f3alanyok) &#8211; kit\u00f6lt\u00e9si \u00fatmutat\u00f3<\/a><\/p><\/div>\n\t\t\t\t<\/div>\n\t\t\t\t\t\t\t<div class=\"elementor-accordion-item\">\n\t\t\t\t\t<h4 id=\"elementor-tab-title-2302\" class=\"elementor-tab-title\" data-tab=\"2\" role=\"button\" aria-controls=\"elementor-tab-content-2302\" aria-expanded=\"false\">\n\t\t\t\t\t\t\t\t\t\t\t\t\t<span class=\"elementor-accordion-icon elementor-accordion-icon-left\" aria-hidden=\"true\">\n\t\t\t\t\t\t\t\t\t\t\t\t\t\t\t<span class=\"elementor-accordion-icon-closed\"><i class=\"fas fa-plus\"><\/i><\/span>\n\t\t\t\t\t\t\t\t<span class=\"elementor-accordion-icon-opened\"><i class=\"fas fa-minus\"><\/i><\/span>\n\t\t\t\t\t\t\t\t\t\t\t\t\t\t<\/span>\n\t\t\t\t\t\t\t\t\t\t\t\t<a class=\"elementor-accordion-title\" tabindex=\"0\">Helyi ipar\u0171z\u00e9si ad\u00f3<\/a>\n\t\t\t\t\t<\/h4>\n\t\t\t\t\t<div id=\"elementor-tab-content-2302\" class=\"elementor-tab-content elementor-clearfix\" data-tab=\"2\" role=\"region\" aria-labelledby=\"elementor-tab-title-2302\"><p><img decoding=\"async\" class=\"alignleft\" src=\"https:\/\/tse3.mm.bing.net\/th\/id\/OIP.qyip0gFDasQiIdcBiJSRiwHaJM?cb=thfvnext&amp;rs=1&amp;pid=ImgDetMain&amp;o=7&amp;rm=3\" alt=\"\" width=\"23\" height=\"28\" \/><a href=\"https:\/\/esztar.hu\/wp-content\/uploads\/2025\/08\/Ostermeloi-nyilatkozat.pdf\">\u0150stermel\u0151i nyilatkozat<\/a><\/p><\/div>\n\t\t\t\t<\/div>\n\t\t\t\t\t\t\t<div class=\"elementor-accordion-item\">\n\t\t\t\t\t<h4 id=\"elementor-tab-title-2303\" class=\"elementor-tab-title\" data-tab=\"3\" role=\"button\" aria-controls=\"elementor-tab-content-2303\" aria-expanded=\"false\">\n\t\t\t\t\t\t\t\t\t\t\t\t\t<span class=\"elementor-accordion-icon elementor-accordion-icon-left\" aria-hidden=\"true\">\n\t\t\t\t\t\t\t\t\t\t\t\t\t\t\t<span class=\"elementor-accordion-icon-closed\"><i class=\"fas fa-plus\"><\/i><\/span>\n\t\t\t\t\t\t\t\t<span class=\"elementor-accordion-icon-opened\"><i class=\"fas fa-minus\"><\/i><\/span>\n\t\t\t\t\t\t\t\t\t\t\t\t\t\t<\/span>\n\t\t\t\t\t\t\t\t\t\t\t\t<a class=\"elementor-accordion-title\" tabindex=\"0\">\u00c1ltal\u00e1nos nyomtatv\u00e1nyok<\/a>\n\t\t\t\t\t<\/h4>\n\t\t\t\t\t<div id=\"elementor-tab-content-2303\" class=\"elementor-tab-content elementor-clearfix\" data-tab=\"3\" role=\"region\" aria-labelledby=\"elementor-tab-title-2303\"><p><a href=\"https:\/\/esztar.hu\/wp-content\/uploads\/2025\/08\/Tulfizetes-rendezese-kiutalasi-kerelem.pdf\"><img decoding=\"async\" class=\"alignleft\" src=\"https:\/\/tse3.mm.bing.net\/th\/id\/OIP.qyip0gFDasQiIdcBiJSRiwHaJM?cb=thfvnext&amp;rs=1&amp;pid=ImgDetMain&amp;o=7&amp;rm=3\" alt=\"\" width=\"23\" height=\"28\" \/>T\u00falfizet\u00e9s rendez\u00e9se- kiutal\u00e1si k\u00e9relem<\/a><\/p><p><a href=\"https:\/\/esztar.hu\/wp-content\/uploads\/2025\/08\/Tulfizetes-rendezese-atvezetesi-kerelem.pdf\"><img decoding=\"async\" class=\"alignleft\" src=\"https:\/\/tse3.mm.bing.net\/th\/id\/OIP.qyip0gFDasQiIdcBiJSRiwHaJM?cb=thfvnext&amp;rs=1&amp;pid=ImgDetMain&amp;o=7&amp;rm=3\" alt=\"\" width=\"23\" height=\"28\" \/>T\u00falfizet\u00e9s rendez\u00e9se- \u00e1tvezet\u00e9si k\u00e9relem<\/a><\/p><\/div>\n\t\t\t\t<\/div>\n\t\t\t\t\t\t\t\t<\/div>\n\t\t\t\t<\/div>\n\t\t\t\t<\/div>\n\t\t\t\t\t<\/div>\n\t\t<\/div>\n\t\t\t\t\t<\/div>\n\t\t<\/section>\n\t\t\t\t<\/div>\n\t\t","protected":false},"excerpt":{"rendered":"<p>\u00dcgyt\u00edpus Mag\u00e1nszem\u00e9lyek kommun\u00e1lis ad\u00f3ja Adatbejelent\u00e9s- a mag\u00e1nszem\u00e9ly kommun\u00e1lis ad\u00f3j\u00e1r\u00f3l Meg\u00e1llapod\u00e1s ad\u00f3val kapcsolatos k\u00f6telezetts\u00e9gekr\u0151l \u00e9s jogokr\u00f3l Mentess\u00e9gi k\u00e9relem Igazol\u00e1s sz\u0171r\u0151vizsg\u00e1laton val\u00f3 r\u00e9szv\u00e9telr\u0151l (ad\u00f3mentess\u00e9gi k\u00e9relem mell\u00e9klete) Mentess\u00e9gi k\u00e9relem (Sz\u0171r\u0151vizsg\u00e1laton val\u00f3 r\u00e9szv\u00e9tel)- kit\u00f6lt\u00e9si \u00fatmutat\u00f3 Mentess\u00e9gi k\u00e9relem (80. \u00e9let\u00e9vet bet\u00f6lt\u0151 ad\u00f3alanyok) &#8211; kit\u00f6lt\u00e9si \u00fatmutat\u00f3 Helyi ipar\u0171z\u00e9si ad\u00f3 \u0150stermel\u0151i nyilatkozat \u00c1ltal\u00e1nos nyomtatv\u00e1nyok T\u00falfizet\u00e9s rendez\u00e9se- kiutal\u00e1si k\u00e9relem T\u00falfizet\u00e9s rendez\u00e9se- \u00e1tvezet\u00e9si k\u00e9relem<\/p>\n","protected":false},"author":2,"featured_media":0,"parent":21904,"menu_order":0,"comment_status":"closed","ping_status":"closed","template":"","meta":{"_sitemap_exclude":false,"_sitemap_priority":"","_sitemap_frequency":"","footnotes":""},"class_list":["post-21909","page","type-page","status-publish","hentry"],"_links":{"self":[{"href":"https:\/\/esztar.hu\/index.php?rest_route=\/wp\/v2\/pages\/21909","targetHints":{"allow":["GET"]}}],"collection":[{"href":"https:\/\/esztar.hu\/index.php?rest_route=\/wp\/v2\/pages"}],"about":[{"href":"https:\/\/esztar.hu\/index.php?rest_route=\/wp\/v2\/types\/page"}],"author":[{"embeddable":true,"href":"https:\/\/esztar.hu\/index.php?rest_route=\/wp\/v2\/users\/2"}],"replies":[{"embeddable":true,"href":"https:\/\/esztar.hu\/index.php?rest_route=%2Fwp%2Fv2%2Fcomments&post=21909"}],"version-history":[{"count":19,"href":"https:\/\/esztar.hu\/index.php?rest_route=\/wp\/v2\/pages\/21909\/revisions"}],"predecessor-version":[{"id":23869,"href":"https:\/\/esztar.hu\/index.php?rest_route=\/wp\/v2\/pages\/21909\/revisions\/23869"}],"up":[{"embeddable":true,"href":"https:\/\/esztar.hu\/index.php?rest_route=\/wp\/v2\/pages\/21904"}],"wp:attachment":[{"href":"https:\/\/esztar.hu\/index.php?rest_route=%2Fwp%2Fv2%2Fmedia&parent=21909"}],"curies":[{"name":"wp","href":"https:\/\/api.w.org\/{rel}","templated":true}]}}