{"id":21904,"date":"2023-02-24T11:45:18","date_gmt":"2023-02-24T10:45:18","guid":{"rendered":"https:\/\/esztar.hu\/?page_id=21904"},"modified":"2023-03-30T14:58:18","modified_gmt":"2023-03-30T12:58:18","slug":"dokumentumtar","status":"publish","type":"page","link":"https:\/\/esztar.hu\/?page_id=21904","title":{"rendered":"Dokumentumt\u00e1r"},"content":{"rendered":"<div>\n<div>\n<!-- Page-list plugin v.5.6 wordpress.org\/plugins\/page-list\/ -->\n<ul class=\"page-list \">\n<li class=\"page_item page-item-21909\"><a href=\"https:\/\/esztar.hu\/?page_id=21909\">Ad\u00f3 \u00e9s p\u00e9nz\u00fcgyi dokumentumok<\/a><\/li>\n<li class=\"page_item page-item-21911\"><a href=\"https:\/\/esztar.hu\/?page_id=21911\">K\u00f6zigazgat\u00e1si dokumentumok<\/a><\/li>\n<li class=\"page_item page-item-21907\"><a href=\"https:\/\/esztar.hu\/?page_id=21907\">Szoci\u00e1lis \u00fcgyek dokumentumai<\/a><\/li>\n\n<\/ul><\/div>\n<\/div>\n","protected":false},"excerpt":{"rendered":"","protected":false},"author":2,"featured_media":0,"parent":21900,"menu_order":0,"comment_status":"closed","ping_status":"closed","template":"","meta":{"_sitemap_exclude":false,"_sitemap_priority":"","_sitemap_frequency":"","footnotes":""},"class_list":["post-21904","page","type-page","status-publish","hentry"],"_links":{"self":[{"href":"https:\/\/esztar.hu\/index.php?rest_route=\/wp\/v2\/pages\/21904","targetHints":{"allow":["GET"]}}],"collection":[{"href":"https:\/\/esztar.hu\/index.php?rest_route=\/wp\/v2\/pages"}],"about":[{"href":"https:\/\/esztar.hu\/index.php?rest_route=\/wp\/v2\/types\/page"}],"author":[{"embeddable":true,"href":"https:\/\/esztar.hu\/index.php?rest_route=\/wp\/v2\/users\/2"}],"replies":[{"embeddable":true,"href":"https:\/\/esztar.hu\/index.php?rest_route=%2Fwp%2Fv2%2Fcomments&post=21904"}],"version-history":[{"count":3,"href":"https:\/\/esztar.hu\/index.php?rest_route=\/wp\/v2\/pages\/21904\/revisions"}],"predecessor-version":[{"id":22005,"href":"https:\/\/esztar.hu\/index.php?rest_route=\/wp\/v2\/pages\/21904\/revisions\/22005"}],"up":[{"embeddable":true,"href":"https:\/\/esztar.hu\/index.php?rest_route=\/wp\/v2\/pages\/21900"}],"wp:attachment":[{"href":"https:\/\/esztar.hu\/index.php?rest_route=%2Fwp%2Fv2%2Fmedia&parent=21904"}],"curies":[{"name":"wp","href":"https:\/\/api.w.org\/{rel}","templated":true}]}}