{"id":21900,"date":"2023-02-24T11:44:05","date_gmt":"2023-02-24T10:44:05","guid":{"rendered":"https:\/\/esztar.hu\/?page_id=21900"},"modified":"2023-02-24T11:44:05","modified_gmt":"2023-02-24T10:44:05","slug":"esztari-kozos-onkormanyzati-hivatal","status":"publish","type":"page","link":"https:\/\/esztar.hu\/?page_id=21900","title":{"rendered":"Eszt\u00e1ri K\u00f6z\u00f6s \u00d6nkorm\u00e1nyzati Hivatal"},"content":{"rendered":"<p>felt\u00f6lt\u00e9s alatt&#8230;<\/p>\n","protected":false},"excerpt":{"rendered":"<p>felt\u00f6lt\u00e9s alatt&#8230;<\/p>\n","protected":false},"author":2,"featured_media":0,"parent":0,"menu_order":0,"comment_status":"closed","ping_status":"closed","template":"","meta":{"_sitemap_exclude":false,"_sitemap_priority":"","_sitemap_frequency":"","footnotes":""},"class_list":["post-21900","page","type-page","status-publish","hentry"],"_links":{"self":[{"href":"https:\/\/esztar.hu\/index.php?rest_route=\/wp\/v2\/pages\/21900","targetHints":{"allow":["GET"]}}],"collection":[{"href":"https:\/\/esztar.hu\/index.php?rest_route=\/wp\/v2\/pages"}],"about":[{"href":"https:\/\/esztar.hu\/index.php?rest_route=\/wp\/v2\/types\/page"}],"author":[{"embeddable":true,"href":"https:\/\/esztar.hu\/index.php?rest_route=\/wp\/v2\/users\/2"}],"replies":[{"embeddable":true,"href":"https:\/\/esztar.hu\/index.php?rest_route=%2Fwp%2Fv2%2Fcomments&post=21900"}],"version-history":[{"count":1,"href":"https:\/\/esztar.hu\/index.php?rest_route=\/wp\/v2\/pages\/21900\/revisions"}],"predecessor-version":[{"id":21901,"href":"https:\/\/esztar.hu\/index.php?rest_route=\/wp\/v2\/pages\/21900\/revisions\/21901"}],"wp:attachment":[{"href":"https:\/\/esztar.hu\/index.php?rest_route=%2Fwp%2Fv2%2Fmedia&parent=21900"}],"curies":[{"name":"wp","href":"https:\/\/api.w.org\/{rel}","templated":true}]}}