{"id":21898,"date":"2023-02-24T11:43:47","date_gmt":"2023-02-24T10:43:47","guid":{"rendered":"https:\/\/esztar.hu\/?page_id=21898"},"modified":"2023-02-24T11:43:47","modified_gmt":"2023-02-24T10:43:47","slug":"esztari-roma-nemzetisegi-onkormanyzat","status":"publish","type":"page","link":"https:\/\/esztar.hu\/?page_id=21898","title":{"rendered":"Eszt\u00e1ri Roma Nemzetis\u00e9gi \u00d6nkorm\u00e1nyzat"},"content":{"rendered":"<p>felt\u00f6lt\u00e9s alatt&#8230;<\/p>\n","protected":false},"excerpt":{"rendered":"<p>felt\u00f6lt\u00e9s alatt&#8230;<\/p>\n","protected":false},"author":2,"featured_media":0,"parent":0,"menu_order":0,"comment_status":"closed","ping_status":"closed","template":"","meta":{"_sitemap_exclude":false,"_sitemap_priority":"","_sitemap_frequency":"","footnotes":""},"class_list":["post-21898","page","type-page","status-publish","hentry"],"_links":{"self":[{"href":"https:\/\/esztar.hu\/index.php?rest_route=\/wp\/v2\/pages\/21898","targetHints":{"allow":["GET"]}}],"collection":[{"href":"https:\/\/esztar.hu\/index.php?rest_route=\/wp\/v2\/pages"}],"about":[{"href":"https:\/\/esztar.hu\/index.php?rest_route=\/wp\/v2\/types\/page"}],"author":[{"embeddable":true,"href":"https:\/\/esztar.hu\/index.php?rest_route=\/wp\/v2\/users\/2"}],"replies":[{"embeddable":true,"href":"https:\/\/esztar.hu\/index.php?rest_route=%2Fwp%2Fv2%2Fcomments&post=21898"}],"version-history":[{"count":1,"href":"https:\/\/esztar.hu\/index.php?rest_route=\/wp\/v2\/pages\/21898\/revisions"}],"predecessor-version":[{"id":21899,"href":"https:\/\/esztar.hu\/index.php?rest_route=\/wp\/v2\/pages\/21898\/revisions\/21899"}],"wp:attachment":[{"href":"https:\/\/esztar.hu\/index.php?rest_route=%2Fwp%2Fv2%2Fmedia&parent=21898"}],"curies":[{"name":"wp","href":"https:\/\/api.w.org\/{rel}","templated":true}]}}