{"id":21895,"date":"2023-02-24T11:36:15","date_gmt":"2023-02-24T10:36:15","guid":{"rendered":"https:\/\/esztar.hu\/?page_id=21895"},"modified":"2024-11-20T13:47:24","modified_gmt":"2024-11-20T12:47:24","slug":"bizottsagok","status":"publish","type":"page","link":"https:\/\/esztar.hu\/?page_id=21895","title":{"rendered":"Bizotts\u00e1gok"},"content":{"rendered":"<p dir=\"ltr\"><strong>Vagyonnyilatkozat-kezel\u0151 bizotts\u00e1g tagjai:<\/strong><\/p>\n<p dir=\"ltr\"><em>-Sz\u00e9les Tam\u00e1s K\u00e1lm\u00e1n (eln\u00f6k)<\/em><\/p>\n<p dir=\"ltr\"><em>-N\u00e9meth Zsolt (bizotts\u00e1gi tag, k\u00e9pvisel\u0151)<\/em><\/p>\n<p dir=\"ltr\"><em>-Vajas Vera (bizotts\u00e1gi tag, k\u00e9pvisel\u0151)<\/em><\/p>\n<p dir=\"ltr\"><strong>Szoci\u00e1lis bizotts\u00e1g tagjai:<\/strong><\/p>\n<p dir=\"ltr\"><em>-T\u00f3th J\u00f3zsef (eln\u00f6k)<\/em><\/p>\n<p dir=\"ltr\"><em>-Farkas Zolt\u00e1nn\u00e9 (bizotts\u00e1gi tag, k\u00e9pvisel\u0151)<\/em><\/p>\n<p dir=\"ltr\"><em>-Sz\u00e9csin\u00e9 Borsa Korn\u00e9lia (k\u00fcls\u0151 tag)<\/em><\/p>\n","protected":false},"excerpt":{"rendered":"<p>Vagyonnyilatkozat-kezel\u0151 bizotts\u00e1g tagjai: -Sz\u00e9les Tam\u00e1s K\u00e1lm\u00e1n (eln\u00f6k) -N\u00e9meth Zsolt (bizotts\u00e1gi tag, k\u00e9pvisel\u0151) -Vajas Vera (bizotts\u00e1gi tag, k\u00e9pvisel\u0151) Szoci\u00e1lis bizotts\u00e1g tagjai: -T\u00f3th J\u00f3zsef (eln\u00f6k) -Farkas Zolt\u00e1nn\u00e9 (bizotts\u00e1gi tag, k\u00e9pvisel\u0151) -Sz\u00e9csin\u00e9 Borsa Korn\u00e9lia (k\u00fcls\u0151 tag)<\/p>\n","protected":false},"author":2,"featured_media":0,"parent":17781,"menu_order":0,"comment_status":"closed","ping_status":"closed","template":"","meta":{"_sitemap_exclude":false,"_sitemap_priority":"","_sitemap_frequency":"","footnotes":""},"class_list":["post-21895","page","type-page","status-publish","hentry"],"_links":{"self":[{"href":"https:\/\/esztar.hu\/index.php?rest_route=\/wp\/v2\/pages\/21895","targetHints":{"allow":["GET"]}}],"collection":[{"href":"https:\/\/esztar.hu\/index.php?rest_route=\/wp\/v2\/pages"}],"about":[{"href":"https:\/\/esztar.hu\/index.php?rest_route=\/wp\/v2\/types\/page"}],"author":[{"embeddable":true,"href":"https:\/\/esztar.hu\/index.php?rest_route=\/wp\/v2\/users\/2"}],"replies":[{"embeddable":true,"href":"https:\/\/esztar.hu\/index.php?rest_route=%2Fwp%2Fv2%2Fcomments&post=21895"}],"version-history":[{"count":2,"href":"https:\/\/esztar.hu\/index.php?rest_route=\/wp\/v2\/pages\/21895\/revisions"}],"predecessor-version":[{"id":23233,"href":"https:\/\/esztar.hu\/index.php?rest_route=\/wp\/v2\/pages\/21895\/revisions\/23233"}],"up":[{"embeddable":true,"href":"https:\/\/esztar.hu\/index.php?rest_route=\/wp\/v2\/pages\/17781"}],"wp:attachment":[{"href":"https:\/\/esztar.hu\/index.php?rest_route=%2Fwp%2Fv2%2Fmedia&parent=21895"}],"curies":[{"name":"wp","href":"https:\/\/api.w.org\/{rel}","templated":true}]}}