{"id":21848,"date":"2023-02-10T13:27:31","date_gmt":"2023-02-10T12:27:31","guid":{"rendered":"https:\/\/esztar.hu\/?page_id=21848"},"modified":"2023-02-24T12:50:53","modified_gmt":"2023-02-24T11:50:53","slug":"programok","status":"publish","type":"page","link":"https:\/\/esztar.hu\/?page_id=21848","title":{"rendered":"Programok"},"content":{"rendered":"\t\t<div data-elementor-type=\"wp-page\" data-elementor-id=\"21848\" class=\"elementor elementor-21848\">\n\t\t\t\t\t\t<section class=\"elementor-section elementor-top-section elementor-element elementor-element-8341a04 elementor-section-boxed elementor-section-height-default elementor-section-height-default\" data-id=\"8341a04\" data-element_type=\"section\">\n\t\t\t\t\t\t<div class=\"elementor-container elementor-column-gap-default\">\n\t\t\t\t\t<div class=\"elementor-column elementor-col-100 elementor-top-column elementor-element elementor-element-a8cccd5\" data-id=\"a8cccd5\" data-element_type=\"column\">\n\t\t\t<div class=\"elementor-widget-wrap elementor-element-populated\">\n\t\t\t\t\t\t\t<\/div>\n\t\t<\/div>\n\t\t\t\t\t<\/div>\n\t\t<\/section>\n\t\t\t\t<\/div>\n\t\t","protected":false},"excerpt":{"rendered":"<p>2023. m\u00e1j. 14. Training Food Quality and First Aid Eszt\u00e1r, Erd\u0151dy-k\u00fariaMegtekint\u00e9s\u00e1pr &#8211; 22 &#8211; 2023 Cultural Festival &amp; Concert at New Year W Acacia Ave, El Segundo, CA 90245, USAMegtekint\u00e9sdec &#8211; 17 &#8211; 2023 Seminar on Child Labour held in next month W Acacia Ave, El Segundo, CA 90245, USAMegtekint\u00e9snov &#8211; 04 &#8211; 2024 Protest<\/p>\n","protected":false},"author":2,"featured_media":0,"parent":0,"menu_order":0,"comment_status":"closed","ping_status":"closed","template":"","meta":{"_sitemap_exclude":false,"_sitemap_priority":"","_sitemap_frequency":"","footnotes":""},"class_list":["post-21848","page","type-page","status-publish","hentry"],"_links":{"self":[{"href":"https:\/\/esztar.hu\/index.php?rest_route=\/wp\/v2\/pages\/21848","targetHints":{"allow":["GET"]}}],"collection":[{"href":"https:\/\/esztar.hu\/index.php?rest_route=\/wp\/v2\/pages"}],"about":[{"href":"https:\/\/esztar.hu\/index.php?rest_route=\/wp\/v2\/types\/page"}],"author":[{"embeddable":true,"href":"https:\/\/esztar.hu\/index.php?rest_route=\/wp\/v2\/users\/2"}],"replies":[{"embeddable":true,"href":"https:\/\/esztar.hu\/index.php?rest_route=%2Fwp%2Fv2%2Fcomments&post=21848"}],"version-history":[{"count":11,"href":"https:\/\/esztar.hu\/index.php?rest_route=\/wp\/v2\/pages\/21848\/revisions"}],"predecessor-version":[{"id":21970,"href":"https:\/\/esztar.hu\/index.php?rest_route=\/wp\/v2\/pages\/21848\/revisions\/21970"}],"wp:attachment":[{"href":"https:\/\/esztar.hu\/index.php?rest_route=%2Fwp%2Fv2%2Fmedia&parent=21848"}],"curies":[{"name":"wp","href":"https:\/\/api.w.org\/{rel}","templated":true}]}}