{"id":17978,"date":"2023-02-07T14:59:09","date_gmt":"2023-02-07T13:59:09","guid":{"rendered":"https:\/\/esztar.hu\/?page_id=17978"},"modified":"2023-02-07T14:59:30","modified_gmt":"2023-02-07T13:59:30","slug":"kozbeszerzes","status":"publish","type":"page","link":"https:\/\/esztar.hu\/?page_id=17978","title":{"rendered":"K\u00f6zbeszerz\u00e9s"},"content":{"rendered":"\t\t<div data-elementor-type=\"wp-page\" data-elementor-id=\"17978\" class=\"elementor elementor-17978\">\n\t\t\t\t\t\t<section class=\"elementor-section elementor-top-section elementor-element elementor-element-bfec72e elementor-section-boxed elementor-section-height-default elementor-section-height-default\" data-id=\"bfec72e\" data-element_type=\"section\">\n\t\t\t\t\t\t<div class=\"elementor-container elementor-column-gap-default\">\n\t\t\t\t\t<div class=\"elementor-column elementor-col-100 elementor-top-column elementor-element elementor-element-141060b\" data-id=\"141060b\" data-element_type=\"column\">\n\t\t\t<div class=\"elementor-widget-wrap elementor-element-populated\">\n\t\t\t\t\t\t<div class=\"elementor-element elementor-element-9288c69 elementor-widget elementor-widget-egovenzblog\" data-id=\"9288c69\" data-element_type=\"widget\" data-widget_type=\"egovenzblog.default\">\n\t\t\t\t\r\n\t\t<div class=\"elementor-widget-container blog-wrapper blog-style-modern blog-light blog-normal-model\" data-css=\"&quot;&quot;\">\r\n\t\t\r\n\t\t\t<div class=\"row\"><div class=\"col-lg-12 col-md-12\"><div class=\"blog-inner\"><div class=\"entry-title\"><h4 class=\"post-title-head\"><a href=\"https:\/\/esztar.hu\/?p=17963\" class=\"post-title\">Az Eszt\u00e1ri Epreskert \u00d3voda szolg\u00e1ltat\u00e1sainak fejleszt\u00e9se \u00faj eszk\u00f6z\u00f6k, fedett terasz \u00e9s parkol\u00f3 kialak\u00edt\u00e1sa \u00e1ltal<\/a><\/h4><\/div><!-- .entry-title --><div class=\"post-excerpt\"><p>Eszt\u00e1r K\u00f6zs\u00e9g \u00d6nkorm\u00e1nyzat\u00e1nak TOP-1.4.1-15-HB1-2016-00020 szerz\u0151d\u00e9ssz\u00e1m\u00fa, \u201eEszt\u00e1r epreskert \u00d3voda szolg\u00e1ltat\u00e1sainak min\u0151s\u00e9gi fejleszt\u00e9se \u00faj eszk\u00f6z\u00f6k, fedett terasz \u00e9s parkol\u00f3 kialak\u00edt\u00e1s\u00e1val\u201d c\u00edm\u0171 p\u00e1ly\u00e1zat k\u00f6zbeszerz\u00e9si\u00a0elj\u00e1r\u00e1s\u00e1nak dokument\u00e1ci\u00f3ja. Aj\u00e1nlatt\u00e9teli felh\u00edv\u00e1s 1 f\u00e1jl 6.60 MB Let\u00f6lt\u00e9s K\u00f6zbeszerz\u00e9si<\/p>\n<\/div><!-- .post-excerpt --><div class=\"bottom-meta clearfix\"><ul class=\"nav bottom-meta-list meta-left\"><li><div class=\"post-date\"><a href=\"https:\/\/esztar.hu\/?m=20230207\" ><i class=\"ti-calendar\"><\/i> 2023.02.07.<\/a><\/div><\/li><\/ul><ul class=\"nav bottom-meta-list meta-right\"><li><div class=\"post-more\"><a class=\"read-more\" href=\"https:\/\/esztar.hu\/?p=17963\">Tov\u00e1bb<\/a><\/div><\/li><\/ul><\/div><\/div><!-- .blog-inner --><\/div><!-- .col \/ .owl-carousel-item \/ .isotope --><\/div><!-- .row --><div class=\"row\"><div class=\"col-lg-12 col-md-12\"><div class=\"blog-inner\"><div class=\"entry-title\"><h4 class=\"post-title-head\"><a href=\"https:\/\/esztar.hu\/?p=17952\" class=\"post-title\">\u201eVP6-7.2.1-7.4.1.2-16 azonos\u00edt\u00f3 sz\u00e1m\u00fa \u201eA vid\u00e9ki t\u00e9rs\u00e9gek kism\u00e9ret\u0171 infrastrukt\u00far\u00e1j\u00e1nak \u00e9s alapvet\u0151 szolg\u00e1ltat\u00e1sainak fejleszt\u00e9s\u00e9re K\u00fclter\u00fcleti helyi k\u00f6zutak fejleszt\u00e9se, \u00f6nkorm\u00e1nyzati utak kezel\u00e9s\u00e9hez, \u00e1llapotjav\u00edt\u00e1s\u00e1hoz, karbantart\u00e1s\u00e1hoz sz\u00fcks\u00e9ges er\u0151-\u00e9<\/a><\/h4><\/div><!-- .entry-title --><div class=\"post-excerpt\"><p>Eszt\u00e1r K\u00f6zs\u00e9g \u00d6nkorm\u00e1nyzat\u00e1nak\u00a0\u201eVP6-7.2.1-7.4.1.2-16 azonos\u00edt\u00f3 sz\u00e1m\u00fa \u201eA vid\u00e9ki t\u00e9rs\u00e9gek kism\u00e9ret\u0171 infrastrukt\u00far\u00e1j\u00e1nak \u00e9s alapvet\u0151 szolg\u00e1ltat\u00e1sainak fejleszt\u00e9s\u00e9re K\u00fclter\u00fcleti helyi k\u00f6zutak fejleszt\u00e9se, \u00f6nkorm\u00e1nyzati utak kezel\u00e9s\u00e9hez, \u00e1llapotjav\u00edt\u00e1s\u00e1hoz, karbantart\u00e1s\u00e1hoz sz\u00fcks\u00e9ges er\u0151- \u00e9s munkag\u00e9pek beszerz\u00e9se\u201d c\u00edm\u0171 projekt<\/p>\n<\/div><!-- .post-excerpt --><div class=\"bottom-meta clearfix\"><ul class=\"nav bottom-meta-list meta-left\"><li><div class=\"post-date\"><a href=\"https:\/\/esztar.hu\/?m=20230207\" ><i class=\"ti-calendar\"><\/i> 2023.02.07.<\/a><\/div><\/li><\/ul><ul class=\"nav bottom-meta-list meta-right\"><li><div class=\"post-more\"><a class=\"read-more\" href=\"https:\/\/esztar.hu\/?p=17952\">Tov\u00e1bb<\/a><\/div><\/li><\/ul><\/div><\/div><!-- .blog-inner --><\/div><!-- .col \/ .owl-carousel-item \/ .isotope --><\/div><!-- .row -->\t\t\t\r\n\t\t<\/div>\r\n\t\t\t\t<\/div>\n\t\t\t\t\t<\/div>\n\t\t<\/div>\n\t\t\t\t\t<\/div>\n\t\t<\/section>\n\t\t\t\t<\/div>\n\t\t","protected":false},"excerpt":{"rendered":"<p>Az Eszt\u00e1ri Epreskert \u00d3voda szolg\u00e1ltat\u00e1sainak fejleszt\u00e9se \u00faj eszk\u00f6z\u00f6k, fedett terasz \u00e9s parkol\u00f3 kialak\u00edt\u00e1sa \u00e1ltal Eszt\u00e1r K\u00f6zs\u00e9g \u00d6nkorm\u00e1nyzat\u00e1nak TOP-1.4.1-15-HB1-2016-00020 szerz\u0151d\u00e9ssz\u00e1m\u00fa, \u201eEszt\u00e1r epreskert \u00d3voda szolg\u00e1ltat\u00e1sainak min\u0151s\u00e9gi fejleszt\u00e9se \u00faj eszk\u00f6z\u00f6k, fedett terasz \u00e9s<\/p>\n","protected":false},"author":2,"featured_media":0,"parent":0,"menu_order":0,"comment_status":"closed","ping_status":"closed","template":"","meta":{"_sitemap_exclude":false,"_sitemap_priority":"","_sitemap_frequency":"","footnotes":""},"class_list":["post-17978","page","type-page","status-publish","hentry"],"_links":{"self":[{"href":"https:\/\/esztar.hu\/index.php?rest_route=\/wp\/v2\/pages\/17978","targetHints":{"allow":["GET"]}}],"collection":[{"href":"https:\/\/esztar.hu\/index.php?rest_route=\/wp\/v2\/pages"}],"about":[{"href":"https:\/\/esztar.hu\/index.php?rest_route=\/wp\/v2\/types\/page"}],"author":[{"embeddable":true,"href":"https:\/\/esztar.hu\/index.php?rest_route=\/wp\/v2\/users\/2"}],"replies":[{"embeddable":true,"href":"https:\/\/esztar.hu\/index.php?rest_route=%2Fwp%2Fv2%2Fcomments&post=17978"}],"version-history":[{"count":4,"href":"https:\/\/esztar.hu\/index.php?rest_route=\/wp\/v2\/pages\/17978\/revisions"}],"predecessor-version":[{"id":17982,"href":"https:\/\/esztar.hu\/index.php?rest_route=\/wp\/v2\/pages\/17978\/revisions\/17982"}],"wp:attachment":[{"href":"https:\/\/esztar.hu\/index.php?rest_route=%2Fwp%2Fv2%2Fmedia&parent=17978"}],"curies":[{"name":"wp","href":"https:\/\/api.w.org\/{rel}","templated":true}]}}