{"id":17921,"date":"2023-02-07T14:03:08","date_gmt":"2023-02-07T13:03:08","guid":{"rendered":"https:\/\/esztar.hu\/?page_id=17921"},"modified":"2023-02-07T14:03:08","modified_gmt":"2023-02-07T13:03:08","slug":"ado-es-ertekbizonyitvany","status":"publish","type":"page","link":"https:\/\/esztar.hu\/?page_id=17921","title":{"rendered":"Ad\u00f3- \u00e9s \u00e9rt\u00e9kbizony\u00edtv\u00e1ny"},"content":{"rendered":"<p><strong>Az ad\u00f3- \u00e9s \u00e9rt\u00e9kbizony\u00edtv\u00e1ny kiadhat\u00f3 a k\u00fcl\u00f6n jogszab\u00e1lyban meghat\u00e1rozott al\u00e1bbi<\/strong><\/p>\n<p><strong>elj\u00e1r\u00e1sokhoz:<\/strong><\/p>\n<ul>\n<li>hagyat\u00e9ki elj\u00e1r\u00e1shoz<\/li>\n<li>gy\u00e1mhat\u00f3s\u00e1gi elj\u00e1r\u00e1shoz<\/li>\n<li>f\u00f6ldter\u00fclet felaj\u00e1nl\u00e1shoz \u00e9letj\u00e1rad\u00e9k ellen\u00e9ben<\/li>\n<li>b\u00edr\u00f3s\u00e1gi v\u00e9grehajt\u00f3n\u00e1l folyamatban l\u00e9v\u0151 \u00fcgyekhez<\/li>\n<li>NAV-n\u00e1l folyamatban l\u00e9v\u0151 v\u00e9grehajt\u00e1si \u00fcgyekhez<\/li>\n<\/ul>\n<p><em>Kiadja\u00a0az ingatlan fekv\u00e9se szerint illet\u00e9kes telep\u00fcl\u00e9si \u00f6nkorm\u00e1nyzat jegyz\u0151je.<\/em><\/p>\n<p><strong>A bizony\u00edtv\u00e1ny tartalmazza:<\/strong><\/p>\n<p>az ingatlan \u00e9s az ingatlanszerz\u0151k (tulajdonosok) adatait, az \u00e9rt\u00e9k meg\u00e1llap\u00edt\u00e1s\u00e1n\u00e1l figyelembe vett t\u00e9nyez\u0151ket,\u00a0tov\u00e1bb\u00e1 az ingatlannak az adott id\u0151pontban fenn\u00e1ll\u00f3 forgalmi \u00e9rt\u00e9k\u00e9t.<\/p>\n<p><em>Az elj\u00e1r\u00e1s illet\u00e9ke 4.000.- Ft<\/em><\/p>\n<p>Ha egy beadv\u00e1nyban t\u00f6bb ingatlanra vonatkoz\u00f3 ad\u00f3- \u00e9s \u00e9rt\u00e9kbizony\u00edtv\u00e1nyt k\u00e9rnek, az illet\u00e9ket ezek sz\u00e1m\u00e1t\u00f3l\u00a0f\u00fcgg\u0151en, k\u00fcl\u00f6n-k\u00fcl\u00f6n kell megfizetni Eszt\u00e1r K\u00f6zs\u00e9g \u00d6nkorm\u00e1nyzat 11738118-15728829-03470000 sz\u00e1m\u00fa\u00a0&#8222;\u00c1llamigazgat\u00e1si elj\u00e1r\u00e1si illet\u00e9k beszed\u00e9si sz\u00e1mla&#8221; jav\u00e1ra \u00e1tutal\u00e1ssal vagy csekken.<\/p>\n<p><strong>\u00dcgyint\u00e9z\u00e9shez sz\u00fcks\u00e9ges:<\/strong><\/p>\n<p>Az \u00e9rt\u00e9kelni k\u00edv\u00e1nt ingatlan tulajdoni lapj\u00e1nak m\u00e1solata<\/p>\n<p><strong>Kapcsol\u00f3d\u00f3 jogszab\u00e1lyok:<\/strong><\/p>\n<ul>\n<li><em>az illet\u00e9kekr\u0151l sz\u00f3l\u00f3 1990. \u00e9vi XCIII. t\u00f6rv\u00e9ny 101. \u00a7; \u00e9s mell\u00e9klet\u00e9nek XIX. fejezete<\/em><\/li>\n<li><em>az 1991. \u00e9vi XX. t\u00f6rv\u00e9ny 140.\u00a7 (2) bek. d.) pont<\/em><\/li>\n<li><em>a b\u00edr\u00f3s\u00e1gi v\u00e9grehajt\u00e1sr\u00f3l sz\u00f3l\u00f3 1994. \u00e9vi LIII. tv. 140. \u00a7 (1) bekezd\u00e9s,<\/em><\/li>\n<li><em>a hagyat\u00e9ki elj\u00e1r\u00e1sr\u00f3l sz\u00f3l\u00f3 29\/2010. (XII.31.) KIM rendelet.<\/em><\/li>\n<li><em>a gy\u00e1mhat\u00f3s\u00e1gokr\u00f3l, valamint a gyermekv\u00e9delmi \u00e9s gy\u00e1m\u00fcgyi elj\u00e1r\u00e1sr\u00f3l sz\u00f3l\u00f3 149\/1997. (IX. 10.) Korm. rendelet 153. \u00a7 <\/em><em>(1) bekezd\u00e9s b) pont<\/em><\/li>\n<\/ul>\n","protected":false},"excerpt":{"rendered":"<p>Az ad\u00f3- \u00e9s \u00e9rt\u00e9kbizony\u00edtv\u00e1ny kiadhat\u00f3 a k\u00fcl\u00f6n jogszab\u00e1lyban meghat\u00e1rozott al\u00e1bbi elj\u00e1r\u00e1sokhoz: hagyat\u00e9ki elj\u00e1r\u00e1shoz gy\u00e1mhat\u00f3s\u00e1gi elj\u00e1r\u00e1shoz f\u00f6ldter\u00fclet felaj\u00e1nl\u00e1shoz \u00e9letj\u00e1rad\u00e9k ellen\u00e9ben b\u00edr\u00f3s\u00e1gi v\u00e9grehajt\u00f3n\u00e1l folyamatban l\u00e9v\u0151 \u00fcgyekhez NAV-n\u00e1l folyamatban l\u00e9v\u0151 v\u00e9grehajt\u00e1si \u00fcgyekhez Kiadja\u00a0az ingatlan fekv\u00e9se szerint illet\u00e9kes telep\u00fcl\u00e9si \u00f6nkorm\u00e1nyzat jegyz\u0151je. A bizony\u00edtv\u00e1ny tartalmazza: az ingatlan \u00e9s az ingatlanszerz\u0151k (tulajdonosok) adatait, az \u00e9rt\u00e9k meg\u00e1llap\u00edt\u00e1s\u00e1n\u00e1l figyelembe vett t\u00e9nyez\u0151ket,\u00a0tov\u00e1bb\u00e1 az ingatlannak<\/p>\n","protected":false},"author":2,"featured_media":0,"parent":17889,"menu_order":0,"comment_status":"closed","ping_status":"closed","template":"","meta":{"_sitemap_exclude":false,"_sitemap_priority":"","_sitemap_frequency":"","footnotes":""},"class_list":["post-17921","page","type-page","status-publish","hentry"],"_links":{"self":[{"href":"https:\/\/esztar.hu\/index.php?rest_route=\/wp\/v2\/pages\/17921","targetHints":{"allow":["GET"]}}],"collection":[{"href":"https:\/\/esztar.hu\/index.php?rest_route=\/wp\/v2\/pages"}],"about":[{"href":"https:\/\/esztar.hu\/index.php?rest_route=\/wp\/v2\/types\/page"}],"author":[{"embeddable":true,"href":"https:\/\/esztar.hu\/index.php?rest_route=\/wp\/v2\/users\/2"}],"replies":[{"embeddable":true,"href":"https:\/\/esztar.hu\/index.php?rest_route=%2Fwp%2Fv2%2Fcomments&post=17921"}],"version-history":[{"count":1,"href":"https:\/\/esztar.hu\/index.php?rest_route=\/wp\/v2\/pages\/17921\/revisions"}],"predecessor-version":[{"id":17922,"href":"https:\/\/esztar.hu\/index.php?rest_route=\/wp\/v2\/pages\/17921\/revisions\/17922"}],"up":[{"embeddable":true,"href":"https:\/\/esztar.hu\/index.php?rest_route=\/wp\/v2\/pages\/17889"}],"wp:attachment":[{"href":"https:\/\/esztar.hu\/index.php?rest_route=%2Fwp%2Fv2%2Fmedia&parent=17921"}],"curies":[{"name":"wp","href":"https:\/\/api.w.org\/{rel}","templated":true}]}}