{"id":17916,"date":"2023-02-07T13:52:29","date_gmt":"2023-02-07T12:52:29","guid":{"rendered":"https:\/\/esztar.hu\/?page_id=17916"},"modified":"2023-02-07T13:52:29","modified_gmt":"2023-02-07T12:52:29","slug":"helyi-iparuzesi-ado","status":"publish","type":"page","link":"https:\/\/esztar.hu\/?page_id=17916","title":{"rendered":"Helyi ipar\u0171z\u00e9si ad\u00f3"},"content":{"rendered":"<p><strong>Az ipar\u0171z\u00e9si ad\u00f3 alanya:<\/strong><\/p>\n<p>Az \u00f6nkorm\u00e1nyzat illet\u00e9kess\u00e9gi ter\u00fclet\u00e9n \u00e1lland\u00f3 \u00e9s ideiglenes v\u00e1llalkoz\u00e1si tev\u00e9kenys\u00e9get v\u00e9gz\u0151:<\/p>\n<p>&#8211; a szem\u00e9lyi j\u00f6vedelemad\u00f3r\u00f3l sz\u00f3l\u00f3 t\u00f6rv\u00e9nyben meghat\u00e1rozott egy\u00e9ni v\u00e1llalkoz\u00f3, egy\u00e9ni c\u00e9g<\/p>\n<p>&#8211; a szem\u00e9lyi j\u00f6vedelemad\u00f3r\u00f3l sz\u00f3l\u00f3 t\u00f6rv\u00e9nyben meghat\u00e1rozott mez\u0151gazdas\u00e1gi \u0151stermel\u0151, felt\u00e9ve, hogy \u0151stermel\u0151i tev\u00e9kenys\u00e9g\u00e9b\u0151l sz\u00e1rmaz\u00f3 bev\u00e9tele az ad\u00f3\u00e9vben a 600.000,-Ft-ot meghaladja<\/p>\n<p>&#8211; a jogi szem\u00e9ly (a felsz\u00e1mol\u00e1s \u00e9s v\u00e9gelsz\u00e1mol\u00e1s alatt \u00e1ll\u00f3 is)<\/p>\n<p>&#8211; egy\u00e9b szervezet, jogi szem\u00e9lyis\u00e9ggel nem rendelkez\u0151 gazdas\u00e1gi t\u00e1rsas\u00e1g<\/p>\n<p>Az ad\u00f3alanyt azon telep\u00fcl\u00e9seken terheli \u00e1lland\u00f3 jelleg\u0171 ipar\u0171z\u00e9si tev\u00e9kenys\u00e9g ut\u00e1ni ad\u00f3k\u00f6telezetts\u00e9g &#8211; \u00edgy bevall\u00e1s-beny\u00fajt\u00e1si k\u00f6telezetts\u00e9g &#8211; , ahol sz\u00e9khelye, illet\u0151leg telephelye tal\u00e1lhat\u00f3. A sz\u00e9khely \u00e9s a telephely azonos\u00edt\u00e1sa kapcs\u00e1n a Htv. rendelkez\u00e9seib\u0151l kell kiindulni.\u00a0Amennyiben az ad\u00f3alany sz\u00e9khely\u00e9n k\u00edv\u00fcl telephellyel is rendelkezik, akkor az ad\u00f3 alapj\u00e1t &#8211; a tev\u00e9kenys\u00e9g saj\u00e1toss\u00e1gaira legink\u00e1bb jellemz\u0151en &#8211; az ad\u00f3alanynak a Htv. mell\u00e9klet\u00e9ben meghat\u00e1rozott m\u00f3don meg kell osztania.<\/p>\n<p><strong>Ideiglenes jelleggel v\u00e9gzett ipar\u0171z\u00e9si tev\u00e9kenys\u00e9g:<\/strong><\/p>\n<p>Ideiglenes jelleg\u0171 az ipar\u0171z\u00e9si tev\u00e9kenys\u00e9g, ha az \u00f6nkorm\u00e1nyzat illet\u00e9kess\u00e9gi ter\u00fclet\u00e9n az ott sz\u00e9khellyel, telephellyel nem rendelkez\u0151 v\u00e1llalkoz\u00f3<\/p>\n<p>a.) \u00e9p\u00edt\u0151ipari tev\u00e9kenys\u00e9get folytat, illet\u0151leg term\u00e9szeti er\u0151forr\u00e1st t\u00e1r fel vagy kutat, felt\u00e9ve, hogy a folyamatosan vagy megszak\u00edt\u00e1sokkal v\u00e9gzett tev\u00e9kenys\u00e9g id\u0151tartama ad\u00f3\u00e9ven bel\u00fcl a 30 napot meghaladja, de nem \u00e9ri el a 181 napot. Ha a tev\u00e9kenys\u00e9g folytat\u00e1s\u00e1nak id\u0151tartama a 180 napot meghaladja, akkor a tev\u00e9kenys\u00e9g v\u00e9gz\u00e9s\u00e9nek helye telephelynek min\u0151s\u00fcl,<\/p>\n<p>b.) b\u00e1rmely &#8211; az a.) pontba nem sorolhat\u00f3 &#8211; tev\u00e9kenys\u00e9g, ha annak folytat\u00e1s\u00e1b\u00f3l k\u00f6zvetlen\u00fcl bev\u00e9telre tesz szert, felt\u00e9ve, ha egyetlen<\/p>\n<p>\u00f6nkorm\u00e1nyzat illet\u00e9kess\u00e9gi ter\u00fclet\u00e9n sem rendelkezik sz\u00e9khellyel, telephellyel.<\/p>\n<p>c.) Ha az \u00e9p\u00edt\u0151ipari tev\u00e9kenys\u00e9g folytat\u00e1s\u00e1nak, illet\u0151leg a term\u00e9szeti er\u0151forr\u00e1s felt\u00e1r\u00e1s\u00e1nak, kutat\u00e1s\u00e1nak id\u0151tartama az \u00f6nkorm\u00e1nyzat illet\u00e9kess\u00e9gi ter\u00fclet\u00e9n a 180 napot meghaladta vagy el\u0151rel\u00e1that\u00f3an meghaladja, akkor e tev\u00e9kenys\u00e9gek v\u00e9gz\u00e9s\u00e9nek helye a tev\u00e9kenys\u00e9g-v\u00e9gz\u00e9s megkezd\u00e9s\u00e9nek napj\u00e1t\u00f3l telephelynek min\u0151s\u00fcl, a v\u00e1llalkoz\u00f3nak \u00e1lland\u00f3 jelleg\u0171 ipar\u0171z\u00e9si tev\u00e9kenys\u00e9get v\u00e9gz\u0151k\u00e9nt kell bejelentkeznie \u00e9s az ideiglenes jelleg\u0171 tev\u00e9kenys\u00e9g ut\u00e1ni ad\u00f3t nem kell megfizetnie. Amennyiben a v\u00e1llalkoz\u00f3 az \u00f6nkorm\u00e1nyzat illet\u00e9kess\u00e9gi ter\u00fclet\u00e9n folytatott ideiglenes jelleg\u0171 ipar\u0171z\u00e9si tev\u00e9kenys\u00e9ge ut\u00e1n az ad\u00f3\u00e9vre m\u00e1r fizetett ad\u00f3t, akkor azt ? elt\u00e9r\u0151en a 40. \u00a7 (4) bekezd\u00e9s\u00e9ben foglaltakt\u00f3l-az adott \u00f6nkorm\u00e1nyzat illet\u00e9kess\u00e9gi ter\u00fclet\u00e9n v\u00e9gzett ad\u00f3\u00e9vi \u00e1lland\u00f3 jelleg\u0171 ipar\u0171z\u00e9si tev\u00e9kenys\u00e9g ut\u00e1ni ad\u00f3b\u00f3l vonhatja le. Amennyiben a v\u00e1llalkoz\u00f3 el\u0151zetes bejelent\u00e9s\u00e9t\u0151l elt\u00e9r\u0151en a tev\u00e9kenys\u00e9g-v\u00e9gz\u00e9s napjai alapj\u00e1n a v\u00e1llalkoz\u00f3nak az \u00f6nkorm\u00e1nyzat illet\u00e9kess\u00e9gi ter\u00fclet\u00e9n ideiglenes jelleg\u0171 ipar\u0171z\u00e9si tev\u00e9kenys\u00e9g ut\u00e1ni ad\u00f3k\u00f6telezetts\u00e9ge \u00e1ll fenn, akkor arr\u00f3l legk\u00e9s\u0151bb az ad\u00f3\u00e9vet k\u00f6vet\u0151 \u00e9v janu\u00e1r 15. napj\u00e1ig k\u00f6teles bevall\u00e1st beny\u00fajtani, s a bevall\u00e1s beny\u00fajt\u00e1s\u00e1val egyidej\u0171leg az ad\u00f3t az ideiglenes tev\u00e9kenys\u00e9g ut\u00e1n egy\u00e9bk\u00e9nt fizetend\u0151 ad\u00f3 eredeti esed\u00e9kess\u00e9g\u00e9t\u0151l sz\u00e1m\u00edtott k\u00e9sedelmi p\u00f3tl\u00e9kkal n\u00f6velten megfizetni.\u00a0Az ideiglenes jelleggel v\u00e9gzett ipar\u0171z\u00e9si tev\u00e9kenys\u00e9g az els\u0151 30 napban ad\u00f3mentes, a 31. napt\u00f3l kezdve az ad\u00f3 m\u00e9rt\u00e9ke 500,- Ft\/nap<\/p>\n<p><strong>A helyi ipar\u0171z\u00e9si ad\u00f3 alapja:<\/strong><\/p>\n<p>&#8211; az \u00e9rt\u00e9kes\u00edtett term\u00e9k, illet\u0151leg v\u00e9gzett szolg\u00e1ltat\u00e1s nett\u00f3 \u00e1rbev\u00e9tele, cs\u00f6kkentve az eladott \u00e1ruk beszerz\u00e9si \u00e9rt\u00e9k\u00e9vel \u00e9s a k\u00f6zvet\u00edtett<\/p>\n<p>szolg\u00e1ltat\u00e1sok \u00e9rt\u00e9k\u00e9vel, valamint az anyagk\u00f6lts\u00e9ggel.<\/p>\n<p>&#8211; A kisad\u00f3z\u00f3 v\u00e1llalkoz\u00e1sok t\u00e9teles ad\u00f3j\u00e1r\u00f3l \u00e9s a kisv\u00e1llalati ad\u00f3r\u00f3l sz\u00f3l\u00f3 2012. \u00e9vi CXLVII t\u00f6rv\u00e9ny tartalmazza a 2013. \u00e9vt\u0151l\u00a0bevezet\u00e9sre ker\u00fcl\u0151 \u00faj ad\u00f3nemek, a kisad\u00f3z\u00f3 v\u00e1llalkoz\u00e1sok t\u00e9teles ad\u00f3j\u00e1nak (KATA) \u00e9s a kisv\u00e1llalati ad\u00f3nak (KIVA) szab\u00e1lyait, mely ezen ad\u00f3nemeket v\u00e1laszt\u00f3 v\u00e1llalkoz\u00e1sok sz\u00e1m\u00e1ra az adminisztr\u00e1ci\u00f3s terhek egyszer\u0171s\u00edt\u00e9s\u00e9t jelenti.<\/p>\n<p>Az eml\u00edtett ad\u00f3nemeket v\u00e1laszt\u00f3 ad\u00f3z\u00f3knak az \u00f6nkorm\u00e1nyzati ad\u00f3hat\u00f3s\u00e1g fel\u00e9 k\u00e9t k\u00f6telezetts\u00e9get is teljes\u00edteni\u00fck kell: &#8211; v\u00e1ltoz\u00e1sbejelent\u00e9st \u00e9s a lez\u00e1rt el\u0151z\u0151 id\u0151szakra a z\u00e1r\u00f3bevall\u00e1s megt\u00e9tel\u00e9vel kapcsolatos k\u00f6telezetts\u00e9get is rendezni\u00fck kell.<br \/>\nA kisad\u00f3z\u00f3k t\u00e9teles ad\u00f3j\u00e1nak (KATA) hat\u00e1lya al\u00e1 tartoz\u00f3 v\u00e1llalkoz\u00f3 ad\u00f3alapja sz\u00e9khelye \u00e9s telephelye szerinti \u00f6nkorm\u00e1nyzatonk\u00e9nt 2,5-2,5 milli\u00f3 forint.<br \/>\nAz ad\u00f3alap t\u00e9teles \u00f6sszegben val\u00f3 meghat\u00e1roz\u00e1s\u00e1t a kisad\u00f3z\u00f3 v\u00e1llalkoz\u00e1si l\u00e9t teljes id\u0151szak\u00e1ra lehet v\u00e1lasztani \u00e9s ez a d\u00f6nt\u00e9s mindaddig nem v\u00e1ltoztathat\u00f3 meg, am\u00edg a v\u00e1llalkoz\u00f3 kisad\u00f3z\u00f3 v\u00e1llalkoz\u00e1snak min\u0151s\u00fcl.<\/p>\n<p>A KATA-t v\u00e1laszt\u00f3knak v\u00e1ltozatlan t\u00e9ny\u00e1ll\u00e1s eset\u00e9n ipar\u0171z\u00e9si ad\u00f3el\u0151leg bejelent\u00e9si, &#8211; bevall\u00e1si \u00e9s -fizet\u00e9si k\u00f6telezetts\u00e9ge, tov\u00e1bb\u00e1 ad\u00f3alap megoszt\u00e1si k\u00f6telezetts\u00e9ge sem lesz.<\/p>\n<p>A kisv\u00e1llalati ad\u00f3t (KIVA) v\u00e1laszt\u00f3 v\u00e1llalkoz\u00e1s nem mentes\u00fcl a helyi ipar\u0171z\u00e9si ad\u00f3bevall\u00e1s \u00e9s megfizet\u00e9s al\u00f3l. Az ad\u00f3alanyis\u00e1g a bejelent\u00e9st k\u00f6vet\u0151 \u00e9v els\u0151 napj\u00e1val (legkor\u00e1bban 2013. janu\u00e1r 1-j\u00e9vel) j\u00f6n l\u00e9tre. A kisv\u00e1llalati ad\u00f3 alapja a kisv\u00e1llalati ad\u00f3 1,2-szerese,\u00a0az ad\u00f3t az ipar\u0171z\u00e9si ad\u00f3bevall\u00e1son vallja be, melynek beny\u00fajt\u00e1si hat\u00e1rideje az ad\u00f3\u00e9vet k\u00f6vet\u0151 \u00e9v m\u00e1jus 31-e.<\/p>\n<p>V\u00e1ltoz\u00e1s m\u00e9g az ipar\u0171z\u00e9si ad\u00f3ban, hogy megv\u00e1ltozik az 500 milli\u00f3 Ft feletti \u00e1rbev\u00e9tellel rendelkez\u0151 c\u00e9gekn\u00e9l az ipar\u0171z\u00e9si ad\u00f3 alapj\u00e1nak a sz\u00e1m\u00edt\u00e1sa. A nett\u00f3 \u00e1rbev\u00e9telb\u0151l az eladott \u00e1ruk beszerz\u00e9si \u00e9rt\u00e9ke \u00e9s a k\u00f6zvet\u00edtett szolg\u00e1ltat\u00e1sok \u00e9rt\u00e9ke csak 500 milli\u00f3 Ft-os \u00e1rbev\u00e9tel alatt vonhat\u00f3 le teljes \u00f6sszegben. Felette bev\u00e9teltartom\u00e1nyok ker\u00fcltek kialak\u00edt\u00e1sra (0,5-20 milli\u00e1rd Ft, 20-80 milli\u00e1rd Ft, 80 milli\u00e1rd Ft felett), amelyekben a bev\u00e9telre es\u0151 fenti cs\u00f6kkent\u0151 t\u00e9telnek csak egy s\u00e1vosan cs\u00f6kken\u0151 r\u00e9sze vonhat\u00f3 le az ad\u00f3alapb\u00f3l\u00a0(85 %, 75 %, 70 %) .<\/p>\n<p><strong>Az ad\u00f3 m\u00e9rt\u00e9ke:<\/strong><\/p>\n<p>az ad\u00f3alap 1,5 %-a<\/p>\n<p>Ha v\u00e1llalkoz\u00f3 t\u00f6bb \u00f6nkorm\u00e1nyzat illet\u00e9kess\u00e9gi ter\u00fclet\u00e9n v\u00e9gez \u00e1lland\u00f3 jelleg\u0171 ipar\u0171z\u00e9si tev\u00e9kenys\u00e9get, akkor az ad\u00f3 alapj\u00e1t &#8211; a tev\u00e9kenys\u00e9g saj\u00e1toss\u00e1gaira legink\u00e1bb jellemz\u0151en &#8211; a v\u00e1llalkoz\u00f3nak kell megosztania.<\/p>\n<p>Bizonyos, a t\u00f6rv\u00e9nyben meghat\u00e1rozott esetekben m\u00f3d van az \u00e1lland\u00f3 jelleg\u0171 ipar\u0171z\u00e9si tev\u00e9kenys\u00e9g ad\u00f3alapj\u00e1nak egyszer\u0171s\u00edtett m\u00f3don t\u00f6rt\u00e9n\u0151 meghat\u00e1roz\u00e1s\u00e1ra.<\/p>\n<p>A szem\u00e9lyi j\u00f6vedelemad\u00f3r\u00f3l sz\u00f3l\u00f3 t\u00f6rv\u00e9ny szerint, az ad\u00f3\u00e9vben \u00e1tal\u00e1nyad\u00f3z\u00f3 mag\u00e1nszem\u00e9ly (egy\u00e9ni v\u00e1llalkoz\u00f3, mez\u0151gazdas\u00e1gi kistermel\u0151) v\u00e1llalkoz\u00f3 eset\u00e9ben az ad\u00f3 alapja a szem\u00e9lyi j\u00f6vedelemad\u00f3r\u00f3l sz\u00f3l\u00f3 t\u00f6rv\u00e9ny szerinti \u00e1tal\u00e1nyad\u00f3 alapj\u00e1nak 20%-kal n\u00f6velt \u00f6sszege, azzal, hogy az ad\u00f3 alapja nem lehet t\u00f6bb, mint a szem\u00e9lyi j\u00f6vedelemad\u00f3r\u00f3l sz\u00f3l\u00f3 t\u00f6rv\u00e9ny szerinti &#8211; e tev\u00e9kenys\u00e9gb\u0151l sz\u00e1rmaz\u00f3 &#8211; bev\u00e9tel\u00e9nek 80 %-a.<\/p>\n<p>A szem\u00e9lyi j\u00f6vedelemad\u00f3r\u00f3l sz\u00f3l\u00f3 t\u00f6rv\u00e9nyben meghat\u00e1rozott egy\u00e9ni v\u00e1llalkoz\u00f3, mez\u0151gazdas\u00e1gi \u0151stermel\u0151 &#8211; felt\u00e9ve, hogy\u00a0\u0151stermel\u0151i tev\u00e9kenys\u00e9g\u00e9b\u0151l sz\u00e1rmaz\u00f3 bev\u00e9tele az ad\u00f3\u00e9vben a 600.000,- forintot meghaladja -, a jogi szem\u00e9ly, valamint az egy\u00e9b szervezet eset\u00e9ben &#8211; ide\u00e9rtve azt is, ha az felsz\u00e1mol\u00e1s vagy v\u00e9gelsz\u00e1mol\u00e1s alatt \u00e1ll &#8211; ha az ad\u00f3\u00e9vet megel\u0151z\u0151 ad\u00f3\u00e9vben:<\/p>\n<p>&#8211; 12 h\u00f3napn\u00e1l r\u00f6videbb ad\u00f3\u00e9vet megel\u0151z\u0151 ad\u00f3\u00e9v eset\u00e9n napi ar\u00e1nyos\u00edt\u00e1ssal sz\u00e1m\u00edtva id\u0151ar\u00e1nyosan nem haladta meg a 4 milli\u00f3 forintot, illetve a tev\u00e9kenys\u00e9g\u00e9t ad\u00f3\u00e9vben kezd\u0151 v\u00e1llalkoz\u00f3 eset\u00e9n az ad\u00f3\u00e9vben &#8211; id\u0151ar\u00e1nyosan &#8211; a 4.000.000.- forintot v\u00e1rhat\u00f3an nem haladja meg, akkor az ad\u00f3 alapja a nett\u00f3 \u00e1rbev\u00e9tel\u00e9nek 80 %-a.<\/p>\n<p><strong>Bevall\u00e1s:<\/strong><\/p>\n<p>Teend\u0151k az \u00f6nkorm\u00e1nyzat ad\u00f3hat\u00f3s\u00e1ga fel\u00e9:<\/p>\n<p>&#8211; a tev\u00e9kenys\u00e9g megkezd\u00e9s\u00e9t\u0151l sz\u00e1m\u00edtott 15 napon bel\u00fcl kell bejelentkezni az ipar\u0171z\u00e9si ad\u00f3 al\u00e1,<br \/>\n&#8211; ad\u00f3bevall\u00e1st az ad\u00f3\u00e9vet k\u00f6vet\u0151 \u00e9v m\u00e1jus 31-ig kell beny\u00fajtani \u00e9s az ad\u00f3t egyidej\u0171leg megfizetni,<br \/>\n&#8211; ad\u00f3el\u0151leget hat\u00e1rozat (fizet\u00e9si meghagy\u00e1s) alapj\u00e1n \u00e9vente k\u00e9tszer kell fizetni m\u00e1rcius 15-ig, illetve szeptember 15-ig,<br \/>\n&#8211; a t\u00e1rsas\u00e1gi ad\u00f3el\u0151legnek az ad\u00f3\u00e9vi v\u00e1rhat\u00f3 fizetend\u0151 ad\u00f3 \u00f6sszeg\u00e9re t\u00f6rt\u00e9n\u0151 kieg\u00e9sz\u00edt\u00e9sre k\u00f6telezett v\u00e1llalkoz\u00f3nak az ipar\u0171z\u00e9si ad\u00f3el\u0151leget a v\u00e1rhat\u00f3 \u00e9ves fizetend\u0151 ad\u00f3 \u00f6sszeg\u00e9re az ad\u00f3\u00e9v december 20. napj\u00e1ig kell kieg\u00e9sz\u00edtenie.<\/p>\n<p><strong>Ad\u00f3 megfizet\u00e9se:<\/strong><\/p>\n<p>A befizet\u00e9s t\u00f6rt\u00e9nhet csekken vagy \u00e1tutal\u00e1ssal a 11738118-15728829-03540000 sz\u00e1mlasz\u00e1mra.<\/p>\n<p><strong>Befizet\u00e9si hat\u00e1rid\u0151:<\/strong><\/p>\n<p>&#8211; Els\u0151 f\u00e9l\u00e9vi el\u0151leg: m\u00e1rcius 16.<br \/>\n&#8211; El\u0151z\u0151 \u00e9vi ad\u00f3k\u00fcl\u00f6nb\u00f6zet: m\u00e1jus 31.<br \/>\n&#8211; M\u00e1sodik f\u00e9l\u00e9vi el\u0151leg: szeptember 15.<br \/>\n&#8211; Ad\u00f3el\u0151leg felt\u00f6lt\u00e9s: december 20.<\/p>\n<p><strong>Illet\u00e9kess\u00e9g:<\/strong><\/p>\n<p>Eszt\u00e1r K\u00f6zs\u00e9g k\u00f6zigazgat\u00e1si ter\u00fclete.<\/p>\n<p><strong>Jogorvoslati lehet\u0151s\u00e9g:<\/strong><\/p>\n<p>&#8211; Az els\u0151 fok\u00fa hat\u00e1rozat ellen a k\u00f6zl\u00e9st\u0151l sz\u00e1m\u00edtott 15 napon bel\u00fcl a Hajd\u00fa-Bihar Megyei Korm\u00e1nyhivatalhoz c\u00edmzett, Eszt\u00e1ri K\u00f6z\u00f6s \u00d6nkorm\u00e1nyzati Hivatal Jegyz\u0151j\u00e9hez beny\u00fajtand\u00f3 fellebbez\u00e9ssel lehet \u00e9lni.<\/p>\n<p>&#8211; A fellebbez\u00e9si illet\u00e9k m\u00e9rt\u00e9ke, ha a fellebbez\u00e9si elj\u00e1r\u00e1s t\u00e1rgy\u00e1nak \u00e9rt\u00e9ke p\u00e9nzben meg\u00e1llap\u00edthat\u00f3 a fellebbez\u00e9ssel \u00e9rintett, vagy vitatott\u00a0\u00f6sszeg minden megkezdett 10.000 Ft-ja ut\u00e1n 400 Ft, de legal\u00e1bb 5.000 Ft, legfeljebb 500.000 Ft.\u00a0<em>A fellebbez\u00e9si illet\u00e9kes Eszt\u00e1r K\u00f6zs\u00e9g \u00d6nkorm\u00e1nyzat 11738118-15728829-03470000 sz\u00e1m\u00fa \u00c1llamigazgat\u00e1si elj\u00e1r\u00e1si illet\u00e9k beszed\u00e9si sz\u00e1mla jav\u00e1ra \u00e1tutal\u00e1ssal vagy csekken kell megfizetni.<\/em><\/p>\n<p><strong>Kapcsol\u00f3d\u00f3 jogszab\u00e1lyok:<\/strong><\/p>\n<p><em>&#8211; Az ad\u00f3z\u00e1s rendj\u00e9t szab\u00e1lyoz\u00f3 t\u00f6bbsz\u00f6r m\u00f3dos\u00edtott 2003. \u00e9vi XCII. tv.<\/em><br \/>\n<em>&#8211; A helyi ad\u00f3kr\u00f3l sz\u00f3l\u00f3 t\u00f6bbsz\u00f6r m\u00f3dos\u00edtott 1990. \u00e9vi C. t\u00f6rv\u00e9ny<\/em><br \/>\n<em>&#8211; A szem\u00e9lyi j\u00f6vedelemad\u00f3r\u00f3l sz\u00f3l\u00f3 t\u00f6bbsz\u00f6r m\u00f3dos\u00edtott 1995. \u00e9vi CXVII. t\u00f6rv\u00e9ny<\/em><br \/>\n<em>&#8211; Eszt\u00e1r K\u00f6zs\u00e9g \u00d6nkorm\u00e1nyzat K\u00e9pvisel\u0151-test\u00fclet\u00e9nek a helyi ad\u00f3kr\u00f3l sz\u00f3l\u00f3 16\/2013 (XI.11.) sz\u00e1m\u00fa rendelete<\/em><\/p>\n","protected":false},"excerpt":{"rendered":"<p>Az ipar\u0171z\u00e9si ad\u00f3 alanya: Az \u00f6nkorm\u00e1nyzat illet\u00e9kess\u00e9gi ter\u00fclet\u00e9n \u00e1lland\u00f3 \u00e9s ideiglenes v\u00e1llalkoz\u00e1si tev\u00e9kenys\u00e9get v\u00e9gz\u0151: &#8211; a szem\u00e9lyi j\u00f6vedelemad\u00f3r\u00f3l sz\u00f3l\u00f3 t\u00f6rv\u00e9nyben meghat\u00e1rozott egy\u00e9ni v\u00e1llalkoz\u00f3, egy\u00e9ni c\u00e9g &#8211; a szem\u00e9lyi j\u00f6vedelemad\u00f3r\u00f3l sz\u00f3l\u00f3 t\u00f6rv\u00e9nyben meghat\u00e1rozott mez\u0151gazdas\u00e1gi \u0151stermel\u0151, felt\u00e9ve, hogy \u0151stermel\u0151i tev\u00e9kenys\u00e9g\u00e9b\u0151l sz\u00e1rmaz\u00f3 bev\u00e9tele az ad\u00f3\u00e9vben a 600.000,-Ft-ot meghaladja &#8211; a jogi szem\u00e9ly (a felsz\u00e1mol\u00e1s \u00e9s v\u00e9gelsz\u00e1mol\u00e1s alatt \u00e1ll\u00f3<\/p>\n","protected":false},"author":2,"featured_media":0,"parent":17889,"menu_order":0,"comment_status":"closed","ping_status":"closed","template":"","meta":{"_sitemap_exclude":false,"_sitemap_priority":"","_sitemap_frequency":"","footnotes":""},"class_list":["post-17916","page","type-page","status-publish","hentry"],"_links":{"self":[{"href":"https:\/\/esztar.hu\/index.php?rest_route=\/wp\/v2\/pages\/17916","targetHints":{"allow":["GET"]}}],"collection":[{"href":"https:\/\/esztar.hu\/index.php?rest_route=\/wp\/v2\/pages"}],"about":[{"href":"https:\/\/esztar.hu\/index.php?rest_route=\/wp\/v2\/types\/page"}],"author":[{"embeddable":true,"href":"https:\/\/esztar.hu\/index.php?rest_route=\/wp\/v2\/users\/2"}],"replies":[{"embeddable":true,"href":"https:\/\/esztar.hu\/index.php?rest_route=%2Fwp%2Fv2%2Fcomments&post=17916"}],"version-history":[{"count":1,"href":"https:\/\/esztar.hu\/index.php?rest_route=\/wp\/v2\/pages\/17916\/revisions"}],"predecessor-version":[{"id":17917,"href":"https:\/\/esztar.hu\/index.php?rest_route=\/wp\/v2\/pages\/17916\/revisions\/17917"}],"up":[{"embeddable":true,"href":"https:\/\/esztar.hu\/index.php?rest_route=\/wp\/v2\/pages\/17889"}],"wp:attachment":[{"href":"https:\/\/esztar.hu\/index.php?rest_route=%2Fwp%2Fv2%2Fmedia&parent=17916"}],"curies":[{"name":"wp","href":"https:\/\/api.w.org\/{rel}","templated":true}]}}