{"id":17889,"date":"2023-02-07T12:50:29","date_gmt":"2023-02-07T11:50:29","guid":{"rendered":"https:\/\/esztar.hu\/?page_id=17889"},"modified":"2023-02-07T14:04:44","modified_gmt":"2023-02-07T13:04:44","slug":"helyi-adok","status":"publish","type":"page","link":"https:\/\/esztar.hu\/?page_id=17889","title":{"rendered":"Helyi ad\u00f3k"},"content":{"rendered":"\t\t<div data-elementor-type=\"wp-page\" data-elementor-id=\"17889\" class=\"elementor elementor-17889\">\n\t\t\t\t\t\t<section class=\"elementor-section elementor-top-section elementor-element elementor-element-bb03bc5 elementor-section-boxed elementor-section-height-default elementor-section-height-default\" data-id=\"bb03bc5\" data-element_type=\"section\">\n\t\t\t\t\t\t<div class=\"elementor-container elementor-column-gap-default\">\n\t\t\t\t\t<div class=\"elementor-column elementor-col-100 elementor-top-column elementor-element elementor-element-227ed0c\" data-id=\"227ed0c\" data-element_type=\"column\">\n\t\t\t<div class=\"elementor-widget-wrap elementor-element-populated\">\n\t\t\t\t\t\t<div class=\"elementor-element elementor-element-62e6536 eael-simple-menu-hamburger-align-right eael-hamburger--tablet elementor-widget elementor-widget-eael-simple-menu\" data-id=\"62e6536\" data-element_type=\"widget\" data-widget_type=\"eael-simple-menu.default\">\n\t\t\t\t<div class=\"elementor-widget-container\">\n\t\t\t<style>\n                        @media screen and (max-width: 1024px) {\n                            .eael-hamburger--tablet {\n                                .eael-simple-menu-horizontal,\n                                .eael-simple-menu-vertical {\n                                    display: none;\n                                }\n                            }\n                            .eael-hamburger--tablet {\n                                .eael-simple-menu-container .eael-simple-menu-toggle {\n                                    display: block;\n                                }\n                            }\n                        }\n                    <\/style>            <div data-hamburger-icon=\"&lt;i aria-hidden=&quot;true&quot; class=&quot;fas fa-bars&quot;&gt;&lt;\/i&gt;\" data-indicator-icon=\"&lt;i aria-hidden=&quot;true&quot; class=&quot;fas fa-angle-down&quot;&gt;&lt;\/i&gt;\" data-dropdown-indicator-icon=\"&lt;i class=&quot;fas fa-angle-down&quot;&gt;&lt;\/i&gt;\" class=\"eael-simple-menu-container eael-simple-menu-align-left eael-simple-menu-dropdown-align-left preset-1\" data-hamburger-breakpoints=\"{&quot;mobile&quot;:&quot;Mobile Portrait (&gt; 767px)&quot;,&quot;tablet&quot;:&quot;Tablet Portrait (&gt; 1024px)&quot;,&quot;desktop&quot;:&quot;Desktop (&gt; 2400px)&quot;,&quot;none&quot;:&quot;None&quot;}\" data-hamburger-device=\"tablet\">\n                <ul id=\"menu-helyi-adok\" class=\"eael-simple-menu eael-simple-menu-dropdown-animate-to-top eael-simple-menu-indicator eael-simple-menu-horizontal\"><li id=\"menu-item-17930\" class=\"menu-item menu-item-type-post_type menu-item-object-page menu-item-17930\"><a href=\"https:\/\/esztar.hu\/?page_id=17912\">Mag\u00e1nszem\u00e9ly kommun\u00e1lis ad\u00f3ja<\/a><\/li>\n<li id=\"menu-item-17929\" class=\"menu-item menu-item-type-post_type menu-item-object-page menu-item-17929\"><a href=\"https:\/\/esztar.hu\/?page_id=17914\">Mag\u00e1nf\u0151z\u00f6tt p\u00e1rlat ut\u00e1ni \u00e1tal\u00e1nyad\u00f3<\/a><\/li>\n<li id=\"menu-item-17928\" class=\"menu-item menu-item-type-post_type menu-item-object-page menu-item-17928\"><a href=\"https:\/\/esztar.hu\/?page_id=17916\">Helyi ipar\u0171z\u00e9si ad\u00f3<\/a><\/li>\n<li id=\"menu-item-17927\" class=\"menu-item menu-item-type-post_type menu-item-object-page menu-item-17927\"><a href=\"https:\/\/esztar.hu\/?page_id=17918\">G\u00e9pj\u00e1rm\u0171ad\u00f3<\/a><\/li>\n<li id=\"menu-item-17926\" class=\"menu-item menu-item-type-post_type menu-item-object-page menu-item-17926\"><a href=\"https:\/\/esztar.hu\/?page_id=17921\">Ad\u00f3- \u00e9s \u00e9rt\u00e9kbizony\u00edtv\u00e1ny<\/a><\/li>\n<\/ul>                <button class=\"eael-simple-menu-toggle\">\n                    <span class=\"sr-only \">Humberger Toggle Menu<\/span>\n                    <i aria-hidden=\"true\" class=\"fas fa-bars\"><\/i>                <\/button>\n            <\/div>\n            \t\t<\/div>\n\t\t\t\t<\/div>\n\t\t\t\t\t<\/div>\n\t\t<\/div>\n\t\t\t\t\t<\/div>\n\t\t<\/section>\n\t\t\t\t<\/div>\n\t\t","protected":false},"excerpt":{"rendered":"<p>Mag\u00e1nszem\u00e9ly kommun\u00e1lis ad\u00f3ja Mag\u00e1nf\u0151z\u00f6tt p\u00e1rlat ut\u00e1ni \u00e1tal\u00e1nyad\u00f3 Helyi ipar\u0171z\u00e9si ad\u00f3 G\u00e9pj\u00e1rm\u0171ad\u00f3 Ad\u00f3- \u00e9s \u00e9rt\u00e9kbizony\u00edtv\u00e1ny<\/p>\n","protected":false},"author":2,"featured_media":0,"parent":17806,"menu_order":0,"comment_status":"closed","ping_status":"closed","template":"","meta":{"_sitemap_exclude":false,"_sitemap_priority":"","_sitemap_frequency":"","footnotes":""},"class_list":["post-17889","page","type-page","status-publish","hentry"],"_links":{"self":[{"href":"https:\/\/esztar.hu\/index.php?rest_route=\/wp\/v2\/pages\/17889","targetHints":{"allow":["GET"]}}],"collection":[{"href":"https:\/\/esztar.hu\/index.php?rest_route=\/wp\/v2\/pages"}],"about":[{"href":"https:\/\/esztar.hu\/index.php?rest_route=\/wp\/v2\/types\/page"}],"author":[{"embeddable":true,"href":"https:\/\/esztar.hu\/index.php?rest_route=\/wp\/v2\/users\/2"}],"replies":[{"embeddable":true,"href":"https:\/\/esztar.hu\/index.php?rest_route=%2Fwp%2Fv2%2Fcomments&post=17889"}],"version-history":[{"count":22,"href":"https:\/\/esztar.hu\/index.php?rest_route=\/wp\/v2\/pages\/17889\/revisions"}],"predecessor-version":[{"id":17933,"href":"https:\/\/esztar.hu\/index.php?rest_route=\/wp\/v2\/pages\/17889\/revisions\/17933"}],"up":[{"embeddable":true,"href":"https:\/\/esztar.hu\/index.php?rest_route=\/wp\/v2\/pages\/17806"}],"wp:attachment":[{"href":"https:\/\/esztar.hu\/index.php?rest_route=%2Fwp%2Fv2%2Fmedia&parent=17889"}],"curies":[{"name":"wp","href":"https:\/\/api.w.org\/{rel}","templated":true}]}}