{"id":17853,"date":"2023-02-07T12:15:13","date_gmt":"2023-02-07T11:15:13","guid":{"rendered":"https:\/\/esztar.hu\/?page_id=17853"},"modified":"2024-03-19T12:43:33","modified_gmt":"2024-03-19T11:43:33","slug":"onkormanyzati-valasztas-2019","status":"publish","type":"page","link":"https:\/\/esztar.hu\/?page_id=17853","title":{"rendered":"V\u00e1laszt\u00e1si inform\u00e1ci\u00f3k"},"content":{"rendered":"\t\t<div data-elementor-type=\"wp-page\" data-elementor-id=\"17853\" class=\"elementor elementor-17853\">\n\t\t\t\t\t\t<section class=\"elementor-section elementor-top-section elementor-element elementor-element-39cf1bc elementor-section-boxed elementor-section-height-default elementor-section-height-default\" data-id=\"39cf1bc\" data-element_type=\"section\">\n\t\t\t\t\t\t<div class=\"elementor-container elementor-column-gap-default\">\n\t\t\t\t\t<div class=\"elementor-column elementor-col-100 elementor-top-column elementor-element elementor-element-f445b1e\" data-id=\"f445b1e\" data-element_type=\"column\">\n\t\t\t<div class=\"elementor-widget-wrap elementor-element-populated\">\n\t\t\t\t\t\t<div class=\"elementor-element elementor-element-60f6c96 elementor-widget elementor-widget-text-editor\" data-id=\"60f6c96\" data-element_type=\"widget\" data-widget_type=\"text-editor.default\">\n\t\t\t\t<div class=\"elementor-widget-container\">\n\t\t\t<style>\/*! elementor - v3.23.0 - 15-07-2024 *\/\n.elementor-widget-text-editor.elementor-drop-cap-view-stacked .elementor-drop-cap{background-color:#69727d;color:#fff}.elementor-widget-text-editor.elementor-drop-cap-view-framed .elementor-drop-cap{color:#69727d;border:3px solid;background-color:transparent}.elementor-widget-text-editor:not(.elementor-drop-cap-view-default) .elementor-drop-cap{margin-top:8px}.elementor-widget-text-editor:not(.elementor-drop-cap-view-default) .elementor-drop-cap-letter{width:1em;height:1em}.elementor-widget-text-editor .elementor-drop-cap{float:left;text-align:center;line-height:1;font-size:50px}.elementor-widget-text-editor .elementor-drop-cap-letter{display:inline-block}<\/style>\t\t\t\t<div class=\"enlighter-code\"><div class=\"enlighter-raw\"><div class='w3eden'>\n    <div class=''>\n\n        <form method=\"get\" class=\"__wpdm_submit_async\" data-container=\"#content_wpdm_package_1\" id=\"sc_form_wpdm_package_1\" style=\"margin-bottom: 15px\">\n    \n            <div class=\"card panel panel-default wpdm-shortcode-toolbar\">\n                <div class=\"card-body panel-body\">\n                    <div class=\"row\">\n                        <div class=\"col-lg-6 col-md-12\">\n                            <input type=\"search\" name=\"skw\" value=\"\" placeholder=\"Kulcssz\u00f3 Keres\u00e9se...\" class=\"form-control\" \/>\n                        <\/div>\n                        <div class=\"col-lg-2 col-md-4\">\n                            <select name=\"orderby\" class=\"wpdm-custom-select custom-select\">\n                                <option value=\"date\" disabled=\"disabled\">Rendez\u00e9s:<\/option>\n                                <option value=\"date\" >K\u00f6zz\u00e9t\u00e9tel d\u00e1tuma<\/option>\n                                <option value=\"title\" >C\u00edm<\/option>\n                                <option value=\"update_date\" >Felt\u00f6lt\u00e9s d\u00e1tuma<\/option>\n                                <option value=\"downloads\" >Let\u00f6lt\u00e9sek<\/option>\n                                <option value=\"views\" >N\u00e9zetek<\/option>\n                            <\/select>\n                        <\/div>\n                        <div class=\"col-lg-2 col-md-4\">\n                            <select name=\"order\" class=\"wpdm-custom-select custom-select\">\n                                <option value=\"desc\" disabled=\"disabled\">Sorrend:<\/option>\n                                <option value=\"desc\" >Cs\u00f6kken\u0151<\/option>\n                                <option value=\"asc\" >N\u00f6vekv\u0151<\/option>\n                            <\/select>\n                        <\/div>\n                        <div class=\"col-lg-2 col-md-4\">\n                            <button type=\"submit\" class=\"btn btn-secondary btn-block\">Sz\u0171r\u0151 Alkalmaz\u00e1sa<\/button>\n                        <\/div>\n                    <\/div>\n                <\/div>\n            <\/div>\n\n            <\/form>\n<div class=\"spacer mb-3 d-block clearfix\"><\/div>\n\n        <div id=\"content_wpdm_package_1\">\n            <div class='row'><div class='col-lg-12 col-md-12 col-12'><!-- WPDM Link Template: Default Template ( Compact ) -->\n\n<div class=\"link-template-default card mb-2\">\n    <div class=\"card-body\">\n        <div class=\"media\">\n            <div class=\"mr-3 img-48\"><img decoding=\"async\" class=\"wpdm_icon\" alt=\"Ikon\" src=\"https:\/\/esztar.hu\/wp-content\/plugins\/download-manager\/assets\/file-type-icons\/pdf.svg\" \/><\/div>\n            <div class=\"media-body\">\n                <h3 class=\"package-title\">Polg\u00e1rmester v\u00e1laszt\u00e1s eredm\u00e9nye<\/h3>\n                <div class=\"text-muted text-small\"><i class=\"fas fa-copy\"><\/i> 1 f\u00e1jl <i class=\"fas fa-hdd ml-3\"><\/i> 3.08 MB<\/div>\n            <\/div>\n            <div class=\"ml-3\">\n                <a class='wpdm-download-link download-on-click btn btn-primary ' rel='nofollow' href='#' data-downloadurl=\"https:\/\/esztar.hu\/?wpdmpro=polgarmester-valasztas-eredmenye&#038;wpdmdl=17852&#038;refresh=6a01d1e8579ea1778504168\">Let\u00f6lt\u00e9s<\/a>\n            <\/div>\n        <\/div>\n    <\/div>\n<\/div>\n\n<\/div><div class='col-lg-12 col-md-12 col-12'><!-- WPDM Link Template: Default Template ( Compact ) -->\n\n<div class=\"link-template-default card mb-2\">\n    <div class=\"card-body\">\n        <div class=\"media\">\n            <div class=\"mr-3 img-48\"><img decoding=\"async\" class=\"wpdm_icon\" alt=\"Ikon\" src=\"https:\/\/esztar.hu\/wp-content\/plugins\/download-manager\/assets\/file-type-icons\/pdf.svg\" \/><\/div>\n            <div class=\"media-body\">\n                <h3 class=\"package-title\">K\u00e9pvisel\u0151-test\u00fclet tagjainak megv\u00e1laszt\u00e1s\u00e1nak eredm\u00e9nye<\/h3>\n                <div class=\"text-muted text-small\"><i class=\"fas fa-copy\"><\/i> 1 f\u00e1jl <i class=\"fas fa-hdd ml-3\"><\/i> 3.82 MB<\/div>\n            <\/div>\n            <div class=\"ml-3\">\n                <a class='wpdm-download-link download-on-click btn btn-primary ' rel='nofollow' href='#' data-downloadurl=\"https:\/\/esztar.hu\/?wpdmpro=kepviselo-testulet-tagjainak-megvalasztasanak-eredmenye&#038;wpdmdl=17851&#038;refresh=6a01d1e8597ed1778504168\">Let\u00f6lt\u00e9s<\/a>\n            <\/div>\n        <\/div>\n    <\/div>\n<\/div>\n\n<\/div><div class='col-lg-12 col-md-12 col-12'><!-- WPDM Link Template: Default Template ( Compact ) -->\n\n<div class=\"link-template-default card mb-2\">\n    <div class=\"card-body\">\n        <div class=\"media\">\n            <div class=\"mr-3 img-48\"><img decoding=\"async\" class=\"wpdm_icon\" alt=\"Ikon\" src=\"https:\/\/esztar.hu\/wp-content\/plugins\/download-manager\/assets\/file-type-icons\/pdf.svg\" \/><\/div>\n            <div class=\"media-body\">\n                <h3 class=\"package-title\">Roma Nemzetis\u00e9gi \u00d6nkorm\u00e1nyzati K\u00e9pvisel\u0151k v\u00e1laszt\u00e1si eredm\u00e9nye<\/h3>\n                <div class=\"text-muted text-small\"><i class=\"fas fa-copy\"><\/i> 1 f\u00e1jl <i class=\"fas fa-hdd ml-3\"><\/i> 3.74 MB<\/div>\n            <\/div>\n            <div class=\"ml-3\">\n                <a class='wpdm-download-link download-on-click btn btn-primary ' rel='nofollow' href='#' data-downloadurl=\"https:\/\/esztar.hu\/?wpdmpro=roma-nemzetisegi-onkormanyzati-kepviselok-valasztasi-eredmenye&#038;wpdmdl=17850&#038;refresh=6a01d1e85a9e81778504168\">Let\u00f6lt\u00e9s<\/a>\n            <\/div>\n        <\/div>\n    <\/div>\n<\/div>\n\n<\/div><div class='col-lg-12 col-md-12 col-12'><!-- WPDM Link Template: Default Template ( Compact ) -->\n\n<div class=\"link-template-default card mb-2\">\n    <div class=\"card-body\">\n        <div class=\"media\">\n            <div class=\"mr-3 img-48\"><img decoding=\"async\" class=\"wpdm_icon\" alt=\"Ikon\" src=\"https:\/\/esztar.hu\/wp-content\/plugins\/download-manager\/assets\/file-type-icons\/pdf.svg\" \/><\/div>\n            <div class=\"media-body\">\n                <h3 class=\"package-title\">V\u00e1laszt\u00e1si hirdetm\u00e9ny a jel\u00f6ltekr\u0151l<\/h3>\n                <div class=\"text-muted text-small\"><i class=\"fas fa-copy\"><\/i> 1 f\u00e1jl <i class=\"fas fa-hdd ml-3\"><\/i> 454.51 KB<\/div>\n            <\/div>\n            <div class=\"ml-3\">\n                <a class='wpdm-download-link download-on-click btn btn-primary ' rel='nofollow' href='#' data-downloadurl=\"https:\/\/esztar.hu\/?wpdmpro=valasztasi-hirdetmeny-a-jeloltekrol&#038;wpdmdl=17849&#038;refresh=6a01d1e85bbbd1778504168\">Let\u00f6lt\u00e9s<\/a>\n            <\/div>\n        <\/div>\n    <\/div>\n<\/div>\n\n<\/div><div class='col-lg-12 col-md-12 col-12'><!-- WPDM Link Template: Default Template ( Compact ) -->\n\n<div class=\"link-template-default card mb-2\">\n    <div class=\"card-body\">\n        <div class=\"media\">\n            <div class=\"mr-3 img-48\"><img decoding=\"async\" class=\"wpdm_icon\" alt=\"Ikon\" src=\"https:\/\/esztar.hu\/wp-content\/plugins\/download-manager\/assets\/file-type-icons\/pdf.svg\" \/><\/div>\n            <div class=\"media-body\">\n                <h3 class=\"package-title\">A Helyi V\u00e1laszt\u00e1si Iroda Vezet\u0151j\u00e9nek 2019. (VIII.08.) sz\u00e1m\u00fa k\u00f6zlem\u00e9nye<\/h3>\n                <div class=\"text-muted text-small\"><i class=\"fas fa-copy\"><\/i> 1 f\u00e1jl <i class=\"fas fa-hdd ml-3\"><\/i> 211.01 KB<\/div>\n            <\/div>\n            <div class=\"ml-3\">\n                <a class='wpdm-download-link download-on-click btn btn-primary ' rel='nofollow' href='#' data-downloadurl=\"https:\/\/esztar.hu\/?wpdmpro=a-helyi-valasztasi-iroda-vezetojenek-2019-viii-08-szamu-kozlemenye&#038;wpdmdl=17848&#038;refresh=6a01d1e85cd661778504168\">Let\u00f6lt\u00e9s<\/a>\n            <\/div>\n        <\/div>\n    <\/div>\n<\/div>\n\n<\/div><div class='col-lg-12 col-md-12 col-12'><!-- WPDM Link Template: Default Template ( Compact ) -->\n\n<div class=\"link-template-default card mb-2\">\n    <div class=\"card-body\">\n        <div class=\"media\">\n            <div class=\"mr-3 img-48\"><img decoding=\"async\" class=\"wpdm_icon\" alt=\"Ikon\" src=\"https:\/\/esztar.hu\/wp-content\/plugins\/download-manager\/assets\/file-type-icons\/pdf.svg\" \/><\/div>\n            <div class=\"media-body\">\n                <h3 class=\"package-title\">Aj\u00e1nl\u00f3\u00edv ig\u00e9nyl\u00e9se &#8211; Helyi<\/h3>\n                <div class=\"text-muted text-small\"><i class=\"fas fa-copy\"><\/i> 1 f\u00e1jl <i class=\"fas fa-hdd ml-3\"><\/i> 911.39 KB<\/div>\n            <\/div>\n            <div class=\"ml-3\">\n                <a class='wpdm-download-link download-on-click btn btn-primary ' rel='nofollow' href='#' data-downloadurl=\"https:\/\/esztar.hu\/?wpdmpro=ajanloiv-igenylese-helyi&#038;wpdmdl=17847&#038;refresh=6a01d1e85e04d1778504168\">Let\u00f6lt\u00e9s<\/a>\n            <\/div>\n        <\/div>\n    <\/div>\n<\/div>\n\n<\/div><div class='col-lg-12 col-md-12 col-12'><!-- WPDM Link Template: Default Template ( Compact ) -->\n\n<div class=\"link-template-default card mb-2\">\n    <div class=\"card-body\">\n        <div class=\"media\">\n            <div class=\"mr-3 img-48\"><img decoding=\"async\" class=\"wpdm_icon\" alt=\"Ikon\" src=\"https:\/\/esztar.hu\/wp-content\/plugins\/download-manager\/assets\/file-type-icons\/pdf.svg\" \/><\/div>\n            <div class=\"media-body\">\n                <h3 class=\"package-title\">Aj\u00e1nl\u00f3\u00edv ig\u00e9nyl\u00e9se &#8211; Nemzetis\u00e9gi<\/h3>\n                <div class=\"text-muted text-small\"><i class=\"fas fa-copy\"><\/i> 1 f\u00e1jl <i class=\"fas fa-hdd ml-3\"><\/i> 845.74 KB<\/div>\n            <\/div>\n            <div class=\"ml-3\">\n                <a class='wpdm-download-link download-on-click btn btn-primary ' rel='nofollow' href='#' data-downloadurl=\"https:\/\/esztar.hu\/?wpdmpro=ajanloiv-igenylese-nemzetisegi&#038;wpdmdl=17846&#038;refresh=6a01d1e85f3151778504168\">Let\u00f6lt\u00e9s<\/a>\n            <\/div>\n        <\/div>\n    <\/div>\n<\/div>\n\n<\/div><div class='col-lg-12 col-md-12 col-12'><!-- WPDM Link Template: Default Template ( Compact ) -->\n\n<div class=\"link-template-default card mb-2\">\n    <div class=\"card-body\">\n        <div class=\"media\">\n            <div class=\"mr-3 img-48\"><img decoding=\"async\" class=\"wpdm_icon\" alt=\"Ikon\" src=\"https:\/\/esztar.hu\/wp-content\/plugins\/download-manager\/assets\/file-type-icons\/pdf.svg\" \/><\/div>\n            <div class=\"media-body\">\n                <h3 class=\"package-title\">Egy\u00e9ni jel\u00f6lt bejelent\u00e9se &#8211; Helyi<\/h3>\n                <div class=\"text-muted text-small\"><i class=\"fas fa-copy\"><\/i> 1 f\u00e1jl <i class=\"fas fa-hdd ml-3\"><\/i> 745.47 KB<\/div>\n            <\/div>\n            <div class=\"ml-3\">\n                <a class='wpdm-download-link download-on-click btn btn-primary ' rel='nofollow' href='#' data-downloadurl=\"https:\/\/esztar.hu\/?wpdmpro=egyeni-jelolt-bejelentese-helyi&#038;wpdmdl=17845&#038;refresh=6a01d1e86053b1778504168\">Let\u00f6lt\u00e9s<\/a>\n            <\/div>\n        <\/div>\n    <\/div>\n<\/div>\n\n<\/div><div class='col-lg-12 col-md-12 col-12'><!-- WPDM Link Template: Default Template ( Compact ) -->\n\n<div class=\"link-template-default card mb-2\">\n    <div class=\"card-body\">\n        <div class=\"media\">\n            <div class=\"mr-3 img-48\"><img decoding=\"async\" class=\"wpdm_icon\" alt=\"Ikon\" src=\"https:\/\/esztar.hu\/wp-content\/plugins\/download-manager\/assets\/file-type-icons\/pdf.svg\" \/><\/div>\n            <div class=\"media-body\">\n                <h3 class=\"package-title\">Egy\u00e9ni k\u00e9pvisel\u0151jel\u00f6lt bejelent\u00e9se &#8211; Nemzetis\u00e9gi<\/h3>\n                <div class=\"text-muted text-small\"><i class=\"fas fa-copy\"><\/i> 1 f\u00e1jl <i class=\"fas fa-hdd ml-3\"><\/i> 728.23 KB<\/div>\n            <\/div>\n            <div class=\"ml-3\">\n                <a class='wpdm-download-link download-on-click btn btn-primary ' rel='nofollow' href='#' data-downloadurl=\"https:\/\/esztar.hu\/?wpdmpro=egyeni-kepviselojelolt-bejelentese-nemzetisegi&#038;wpdmdl=17844&#038;refresh=6a01d1e86188b1778504168\">Let\u00f6lt\u00e9s<\/a>\n            <\/div>\n        <\/div>\n    <\/div>\n<\/div>\n\n<\/div><div class='col-lg-12 col-md-12 col-12'><!-- WPDM Link Template: Default Template ( Compact ) -->\n\n<div class=\"link-template-default card mb-2\">\n    <div class=\"card-body\">\n        <div class=\"media\">\n            <div class=\"mr-3 img-48\"><img decoding=\"async\" class=\"wpdm_icon\" alt=\"Ikon\" src=\"https:\/\/esztar.hu\/wp-content\/plugins\/download-manager\/assets\/file-type-icons\/pdf.svg\" \/><\/div>\n            <div class=\"media-body\">\n                <h3 class=\"package-title\">K\u00e9relem \u00e1tjelentkez\u00e9ssel t\u00f6rt\u00e9n\u0151 szavaz\u00e1shoz<\/h3>\n                <div class=\"text-muted text-small\"><i class=\"fas fa-copy\"><\/i> 1 f\u00e1jl <i class=\"fas fa-hdd ml-3\"><\/i> 126.63 KB<\/div>\n            <\/div>\n            <div class=\"ml-3\">\n                <a class='wpdm-download-link download-on-click btn btn-primary ' rel='nofollow' href='#' data-downloadurl=\"https:\/\/esztar.hu\/?wpdmpro=kerelem-atjelentkezessel-torteno-szavazashoz&#038;wpdmdl=17843&#038;refresh=6a01d1e862ba51778504168\">Let\u00f6lt\u00e9s<\/a>\n            <\/div>\n        <\/div>\n    <\/div>\n<\/div>\n\n<\/div><div class='col-lg-12 col-md-12 col-12'><!-- WPDM Link Template: Default Template ( Compact ) -->\n\n<div class=\"link-template-default card mb-2\">\n    <div class=\"card-body\">\n        <div class=\"media\">\n            <div class=\"mr-3 img-48\"><img decoding=\"async\" class=\"wpdm_icon\" alt=\"Ikon\" src=\"https:\/\/esztar.hu\/wp-content\/plugins\/download-manager\/assets\/file-type-icons\/pdf.svg\" \/><\/div>\n            <div class=\"media-body\">\n                <h3 class=\"package-title\">Mozg\u00f3urna ir\u00e1nti k\u00e9relem<\/h3>\n                <div class=\"text-muted text-small\"><i class=\"fas fa-copy\"><\/i> 1 f\u00e1jl <i class=\"fas fa-hdd ml-3\"><\/i> 129.56 KB<\/div>\n            <\/div>\n            <div class=\"ml-3\">\n                <a class='wpdm-download-link download-on-click btn btn-primary ' rel='nofollow' href='#' data-downloadurl=\"https:\/\/esztar.hu\/?wpdmpro=mozgourna-iranti-kerelem&#038;wpdmdl=17842&#038;refresh=6a01d1e863f5a1778504168\">Let\u00f6lt\u00e9s<\/a>\n            <\/div>\n        <\/div>\n    <\/div>\n<\/div>\n\n<\/div><div class='col-lg-12 col-md-12 col-12'><!-- WPDM Link Template: Default Template ( Compact ) -->\n\n<div class=\"link-template-default card mb-2\">\n    <div class=\"card-body\">\n        <div class=\"media\">\n            <div class=\"mr-3 img-48\"><img decoding=\"async\" class=\"wpdm_icon\" alt=\"Ikon\" src=\"https:\/\/esztar.hu\/wp-content\/plugins\/download-manager\/assets\/file-type-icons\/pdf.svg\" \/><\/div>\n            <div class=\"media-body\">\n                <h3 class=\"package-title\">V\u00e1laszt\u00e1si k\u00f6zlem\u00e9ny<\/h3>\n                <div class=\"text-muted text-small\"><i class=\"fas fa-copy\"><\/i> 1 f\u00e1jl <i class=\"fas fa-hdd ml-3\"><\/i> 233.79 KB<\/div>\n            <\/div>\n            <div class=\"ml-3\">\n                <a class='wpdm-download-link download-on-click btn btn-primary ' rel='nofollow' href='#' data-downloadurl=\"https:\/\/esztar.hu\/?wpdmpro=valasztasi-kozlemeny&#038;wpdmdl=17841&#038;refresh=6a01d1e86546c1778504168\">Let\u00f6lt\u00e9s<\/a>\n            <\/div>\n        <\/div>\n    <\/div>\n<\/div>\n\n<\/div><\/div>            <div style='clear:both'><\/div><div class='text-center'><ul class='pagination wpdm-pagination pagination-centered text-center async'><\/ul><\/div><div style='clear:both'><\/div>        <\/div>\n\n        <div style='clear:both'><\/div>\n    <\/div>\n<\/div>\n<\/div><\/div>\t\t\t\t\t\t<\/div>\n\t\t\t\t<\/div>\n\t\t\t\t\t<\/div>\n\t\t<\/div>\n\t\t\t\t\t<\/div>\n\t\t<\/section>\n\t\t\t\t<\/div>\n\t\t","protected":false},"excerpt":{"rendered":"","protected":false},"author":2,"featured_media":0,"parent":17781,"menu_order":0,"comment_status":"closed","ping_status":"closed","template":"","meta":{"_sitemap_exclude":false,"_sitemap_priority":"","_sitemap_frequency":"","footnotes":""},"class_list":["post-17853","page","type-page","status-publish","hentry"],"_links":{"self":[{"href":"https:\/\/esztar.hu\/index.php?rest_route=\/wp\/v2\/pages\/17853","targetHints":{"allow":["GET"]}}],"collection":[{"href":"https:\/\/esztar.hu\/index.php?rest_route=\/wp\/v2\/pages"}],"about":[{"href":"https:\/\/esztar.hu\/index.php?rest_route=\/wp\/v2\/types\/page"}],"author":[{"embeddable":true,"href":"https:\/\/esztar.hu\/index.php?rest_route=\/wp\/v2\/users\/2"}],"replies":[{"embeddable":true,"href":"https:\/\/esztar.hu\/index.php?rest_route=%2Fwp%2Fv2%2Fcomments&post=17853"}],"version-history":[{"count":5,"href":"https:\/\/esztar.hu\/index.php?rest_route=\/wp\/v2\/pages\/17853\/revisions"}],"predecessor-version":[{"id":22056,"href":"https:\/\/esztar.hu\/index.php?rest_route=\/wp\/v2\/pages\/17853\/revisions\/22056"}],"up":[{"embeddable":true,"href":"https:\/\/esztar.hu\/index.php?rest_route=\/wp\/v2\/pages\/17781"}],"wp:attachment":[{"href":"https:\/\/esztar.hu\/index.php?rest_route=%2Fwp%2Fv2%2Fmedia&parent=17853"}],"curies":[{"name":"wp","href":"https:\/\/api.w.org\/{rel}","templated":true}]}}