{"id":17820,"date":"2023-02-07T10:48:52","date_gmt":"2023-02-07T09:48:52","guid":{"rendered":"https:\/\/esztar.hu\/?page_id=17820"},"modified":"2023-02-07T14:19:23","modified_gmt":"2023-02-07T13:19:23","slug":"palyazatok","status":"publish","type":"page","link":"https:\/\/esztar.hu\/?page_id=17820","title":{"rendered":"P\u00e1ly\u00e1zatok"},"content":{"rendered":"\t\t<div data-elementor-type=\"wp-page\" data-elementor-id=\"17820\" class=\"elementor elementor-17820\">\n\t\t\t\t\t\t<section class=\"elementor-section elementor-top-section elementor-element elementor-element-bfec72e elementor-section-boxed elementor-section-height-default elementor-section-height-default\" data-id=\"bfec72e\" data-element_type=\"section\">\n\t\t\t\t\t\t<div class=\"elementor-container elementor-column-gap-default\">\n\t\t\t\t\t<div class=\"elementor-column elementor-col-100 elementor-top-column elementor-element elementor-element-141060b\" data-id=\"141060b\" data-element_type=\"column\">\n\t\t\t<div class=\"elementor-widget-wrap elementor-element-populated\">\n\t\t\t\t\t\t<div class=\"elementor-element elementor-element-9288c69 elementor-widget elementor-widget-egovenzblog\" data-id=\"9288c69\" data-element_type=\"widget\" data-widget_type=\"egovenzblog.default\">\n\t\t\t\t\r\n\t\t<div class=\"elementor-widget-container blog-wrapper blog-style-modern blog-light blog-normal-model\" data-css=\"&quot;&quot;\">\r\n\t\t\r\n\t\t\t<div class=\"row\"><div class=\"col-lg-12 col-md-12\"><div class=\"blog-inner\"><div class=\"entry-title\"><h4 class=\"post-title-head\"><a href=\"https:\/\/esztar.hu\/?p=24687\" class=\"post-title\">Versenyk\u00e9pes J\u00e1r\u00e1sok Program &#8211; Z\u00e1r\u00f3 Rendezv\u00e9ny<\/a><\/h4><\/div><!-- .entry-title --><div class=\"post-excerpt\"><p>2026. m\u00e1rcius 26-\u00e1n sikeresen lez\u00e1rultak Eszt\u00e1r K\u00f6zs\u00e9g \u00d6nkorm\u00e1nyzat\u00e1nak fejleszt\u00e9si projektjei a Versenyk\u00e9pes J\u00e1r\u00e1sok Program keret\u00e9ben. A k\u00f6zponti konyha eszk\u00f6zparkj\u00e1nak korszer\u0171s\u00edt\u00e9se \u00e9s a telep\u00fcl\u00e9si kiadv\u00e1nyok megval\u00f3s\u00edt\u00e1sa egyar\u00e1nt hozz\u00e1j\u00e1rult a k\u00f6zszolg\u00e1ltat\u00e1sok sz\u00ednvonal\u00e1nak<\/p>\n<\/div><!-- .post-excerpt --><div class=\"bottom-meta clearfix\"><ul class=\"nav bottom-meta-list meta-left\"><li><div class=\"post-date\"><a href=\"https:\/\/esztar.hu\/?m=20260327\" ><i class=\"ti-calendar\"><\/i> 2026.03.27.<\/a><\/div><\/li><\/ul><ul class=\"nav bottom-meta-list meta-right\"><li><div class=\"post-more\"><a class=\"read-more\" href=\"https:\/\/esztar.hu\/?p=24687\">Tov\u00e1bb<\/a><\/div><\/li><\/ul><\/div><\/div><!-- .blog-inner --><\/div><!-- .col \/ .owl-carousel-item \/ .isotope --><\/div><!-- .row --><div class=\"row\"><div class=\"col-lg-12 col-md-12\"><div class=\"blog-inner\"><div class=\"entry-title\"><h4 class=\"post-title-head\"><a href=\"https:\/\/esztar.hu\/?p=24442\" class=\"post-title\">Id\u0151sbar\u00e1t \u00d6nkorm\u00e1nyzat D\u00edj<\/a><\/h4><\/div><!-- .entry-title --><div class=\"post-excerpt\"><p>\u00a02025. november 28-\u00e1n Eszt\u00e1r K\u00f6zs\u00e9g \u00d6nkorm\u00e1nyzata jelent\u0151s elismer\u00e9sben r\u00e9szes\u00fclt, hiszen egy \u00fcnnep\u00e9lyes d\u00edj\u00e1tad\u00f3 keret\u00e9ben Sz\u00e9csi Tam\u00e1s polg\u00e1rmester \u00e1tvette az Id\u0151sbar\u00e1t \u00d6nkorm\u00e1nyzat d\u00edjat, amelyet a Kultur\u00e1lis \u00e9s Innov\u00e1ci\u00f3s Miniszt\u00e9rium k\u00e9pviselet\u00e9ben dr.<\/p>\n<\/div><!-- .post-excerpt --><div class=\"bottom-meta clearfix\"><ul class=\"nav bottom-meta-list meta-left\"><li><div class=\"post-date\"><a href=\"https:\/\/esztar.hu\/?m=20251201\" ><i class=\"ti-calendar\"><\/i> 2025.12.01.<\/a><\/div><\/li><\/ul><ul class=\"nav bottom-meta-list meta-right\"><li><div class=\"post-more\"><a class=\"read-more\" href=\"https:\/\/esztar.hu\/?p=24442\">Tov\u00e1bb<\/a><\/div><\/li><\/ul><\/div><\/div><!-- .blog-inner --><\/div><!-- .col \/ .owl-carousel-item \/ .isotope --><\/div><!-- .row --><div class=\"row\"><div class=\"col-lg-12 col-md-12\"><div class=\"blog-inner\"><div class=\"entry-title\"><h4 class=\"post-title-head\"><a href=\"https:\/\/esztar.hu\/?p=24502\" class=\"post-title\">K\u00f6zlem\u00e9ny t\u00e1mogat\u00f3i d\u00f6nt\u00e9sr\u0151l \u2013 Versenyk\u00e9pes J\u00e1r\u00e1sok Program<\/a><\/h4><\/div><!-- .entry-title --><div class=\"post-excerpt\"><p>Tisztelt Lakoss\u00e1g! \u00d6r\u00f6mmel osztjuk meg a h\u00edrt, hogy Eszt\u00e1r K\u00f6zs\u00e9g \u00d6nkorm\u00e1nyzata a Versenyk\u00e9pes J\u00e1r\u00e1sok Program keret\u00e9ben beny\u00fajtott p\u00e1ly\u00e1zat\u00e1ra 6 000 000 Ft \u00f6sszeg\u0171 vissza nem t\u00e9r\u00edtend\u0151 t\u00e1mogat\u00e1sban r\u00e9szes\u00fclt! A t\u00e1mogat\u00e1si<\/p>\n<\/div><!-- .post-excerpt --><div class=\"bottom-meta clearfix\"><ul class=\"nav bottom-meta-list meta-left\"><li><div class=\"post-date\"><a href=\"https:\/\/esztar.hu\/?m=20251103\" ><i class=\"ti-calendar\"><\/i> 2025.11.03.<\/a><\/div><\/li><\/ul><ul class=\"nav bottom-meta-list meta-right\"><li><div class=\"post-more\"><a class=\"read-more\" href=\"https:\/\/esztar.hu\/?p=24502\">Tov\u00e1bb<\/a><\/div><\/li><\/ul><\/div><\/div><!-- .blog-inner --><\/div><!-- .col \/ .owl-carousel-item \/ .isotope --><\/div><!-- .row --><div class=\"row\"><div class=\"col-lg-12 col-md-12\"><div class=\"blog-inner\"><div class=\"entry-title\"><h4 class=\"post-title-head\"><a href=\"https:\/\/esztar.hu\/?p=24659\" class=\"post-title\">Versenyk\u00e9pes J\u00e1r\u00e1sok Program &#8211; Sajt\u00f3k\u00f6zlem\u00e9ny<\/a><\/h4><\/div><!-- .entry-title --><div class=\"post-excerpt\"><p>&nbsp; A Versenyk\u00e9pes J\u00e1r\u00e1sok Program keret\u00e9ben Eszt\u00e1r telep\u00fcl\u00e9st \u00e9rint\u0151 sajt\u00f3k\u00f6zlem\u00e9ny az al\u00e1bbi hivatkoz\u00e1sra kattintva t\u00f6lthet\u0151 le \u00e9s tekinthet\u0151 meg. VJP &#8211; Sajt\u00f3k\u00f6zlem\u00e9ny &#8211; Eszt\u00e1r<\/p>\n<\/div><!-- .post-excerpt --><div class=\"bottom-meta clearfix\"><ul class=\"nav bottom-meta-list meta-left\"><li><div class=\"post-date\"><a href=\"https:\/\/esztar.hu\/?m=20251103\" ><i class=\"ti-calendar\"><\/i> 2025.11.03.<\/a><\/div><\/li><\/ul><ul class=\"nav bottom-meta-list meta-right\"><li><div class=\"post-more\"><a class=\"read-more\" href=\"https:\/\/esztar.hu\/?p=24659\">Tov\u00e1bb<\/a><\/div><\/li><\/ul><\/div><\/div><!-- .blog-inner --><\/div><!-- .col \/ .owl-carousel-item \/ .isotope --><\/div><!-- .row --><div class=\"row\"><div class=\"col-lg-12 col-md-12\"><div class=\"blog-inner\"><div class=\"entry-title\"><h4 class=\"post-title-head\"><a href=\"https:\/\/esztar.hu\/?p=24719\" class=\"post-title\">Nemzeti Kultur\u00e1lis Alap, Hagyom\u00e1ny- \u00e9s Ismeret\u00e1tad\u00e1s Koll\u00e9giuma &#8211; T\u00e1j\u00e9koztat\u00f3 t\u00e1mogat\u00e1s elnyer\u00e9s\u00e9r\u0151l<\/a><\/h4><\/div><!-- .entry-title --><div class=\"post-excerpt\"><p>Eszt\u00e1r K\u00f6zs\u00e9g \u00d6nkorm\u00e1nyzata t\u00e1mogat\u00e1st nyert a J\u00f3zsef Attila K\u00f6z\u00f6ss\u00e9gi Sz\u00ednt\u00e9r infrastruktur\u00e1lis fejleszt\u00e9s\u00e9re. A projekt a Nemzeti Kultur\u00e1lis Alap Hagyom\u00e1ny- \u00e9s Ismeret\u00e1tad\u00e1s Koll\u00e9giuma t\u00e1mogat\u00e1s\u00e1val val\u00f3sul meg. A p\u00e1ly\u00e1zat azonos\u00edt\u00f3 sz\u00e1ma: 504105\/04502.<\/p>\n<\/div><!-- .post-excerpt --><div class=\"bottom-meta clearfix\"><ul class=\"nav bottom-meta-list meta-left\"><li><div class=\"post-date\"><a href=\"https:\/\/esztar.hu\/?m=20251029\" ><i class=\"ti-calendar\"><\/i> 2025.10.29.<\/a><\/div><\/li><\/ul><ul class=\"nav bottom-meta-list meta-right\"><li><div class=\"post-more\"><a class=\"read-more\" href=\"https:\/\/esztar.hu\/?p=24719\">Tov\u00e1bb<\/a><\/div><\/li><\/ul><\/div><\/div><!-- .blog-inner --><\/div><!-- .col \/ .owl-carousel-item \/ .isotope --><\/div><!-- .row --><div class=\"row\"><div class=\"col-lg-12 col-md-12\"><div class=\"blog-inner\"><div class=\"entry-title\"><h4 class=\"post-title-head\"><a href=\"https:\/\/esztar.hu\/?p=24090\" class=\"post-title\">HIRDETM\u00c9NY: \u00d6nkorm\u00e1nyzati tulajdon\u00fa term\u0151f\u00f6ld b\u00e9rbead\u00e1s\u00e1ra vonatkoz\u00f3 p\u00e1ly\u00e1zati felh\u00edv\u00e1s (hat\u00e1rid\u0151 hosszabb\u00edt\u00e1s)<\/a><\/h4><\/div><!-- .entry-title --><div class=\"post-excerpt\"><p>Let\u00f6lthet\u0151: \u00a0F\u00f6ld b\u00e9rbead\u00e1s hirdetm\u00e9ny II.<\/p>\n<\/div><!-- .post-excerpt --><div class=\"bottom-meta clearfix\"><ul class=\"nav bottom-meta-list meta-left\"><li><div class=\"post-date\"><a href=\"https:\/\/esztar.hu\/?m=20251027\" ><i class=\"ti-calendar\"><\/i> 2025.10.27.<\/a><\/div><\/li><\/ul><ul class=\"nav bottom-meta-list meta-right\"><li><div class=\"post-more\"><a class=\"read-more\" href=\"https:\/\/esztar.hu\/?p=24090\">Tov\u00e1bb<\/a><\/div><\/li><\/ul><\/div><\/div><!-- .blog-inner --><\/div><!-- .col \/ .owl-carousel-item \/ .isotope --><\/div><!-- .row --><div class=\"row\"><div class=\"col-lg-12 col-md-12\"><div class=\"blog-inner\"><div class=\"entry-title\"><h4 class=\"post-title-head\"><a href=\"https:\/\/esztar.hu\/?p=24259\" class=\"post-title\">\u201eBiodiverzit\u00e1s-kutat\u00e1s \u00e9s -oktat\u00e1s a hat\u00e1ron \u00e1tny\u00fal\u00f3 \u00e9l\u0151helyeken\u201d (BREACH, ROHU00503) projekt &#8211; Workshop<\/a><\/h4><\/div><!-- .entry-title --><div class=\"post-excerpt\"><p>Tisztelt Lakoss\u00e1g!\u00a0<\/p>\n<\/div><!-- .post-excerpt --><div class=\"bottom-meta clearfix\"><ul class=\"nav bottom-meta-list meta-left\"><li><div class=\"post-date\"><a href=\"https:\/\/esztar.hu\/?m=20251017\" ><i class=\"ti-calendar\"><\/i> 2025.10.17.<\/a><\/div><\/li><\/ul><ul class=\"nav bottom-meta-list meta-right\"><li><div class=\"post-more\"><a class=\"read-more\" href=\"https:\/\/esztar.hu\/?p=24259\">Tov\u00e1bb<\/a><\/div><\/li><\/ul><\/div><\/div><!-- .blog-inner --><\/div><!-- .col \/ .owl-carousel-item \/ .isotope --><\/div><!-- .row --><div class=\"row\"><div class=\"col-lg-12 col-md-12\"><div class=\"blog-inner\"><div class=\"entry-title\"><h4 class=\"post-title-head\"><a href=\"https:\/\/esztar.hu\/?p=24237\" class=\"post-title\">ROHU00503 &#8211; \u201eBiodiverzit\u00e1s-kutat\u00e1s \u00e9s -oktat\u00e1s a hat\u00e1ron \u00e1tny\u00fal\u00f3 \u00e9l\u0151helyeken\u201d \u2013 MEGH\u00cdV\u00d3<\/a><\/h4><\/div><!-- .entry-title --><div class=\"post-excerpt\"><p>&nbsp; MEGH\u00cdV\u00d3 Biodiverzit\u00e1s-kutat\u00e1s \u00e9s -oktat\u00e1s a hat\u00e1ron \u00e1tny\u00fal\u00f3 \u00e9l\u0151helyeken ROHU00503 2025.10.16. &nbsp; Eszt\u00e1r K\u00f6zs\u00e9g \u00d6nkorm\u00e1nyzata, mint projektpartner, megh\u00edvja \u00d6nt a \u201eBiodiverzit\u00e1s-kutat\u00e1s \u00e9s -oktat\u00e1s a hat\u00e1ron \u00e1tny\u00fal\u00f3 \u00e9l\u0151helyeken\u201d \u2013 BREACH, JEMS<\/p>\n<\/div><!-- .post-excerpt --><div class=\"bottom-meta clearfix\"><ul class=\"nav bottom-meta-list meta-left\"><li><div class=\"post-date\"><a href=\"https:\/\/esztar.hu\/?m=20251010\" ><i class=\"ti-calendar\"><\/i> 2025.10.10.<\/a><\/div><\/li><\/ul><ul class=\"nav bottom-meta-list meta-right\"><li><div class=\"post-more\"><a class=\"read-more\" href=\"https:\/\/esztar.hu\/?p=24237\">Tov\u00e1bb<\/a><\/div><\/li><\/ul><\/div><\/div><!-- .blog-inner --><\/div><!-- .col \/ .owl-carousel-item \/ .isotope --><\/div><!-- .row --><div class=\"row\"><div class=\"col-lg-12 col-md-12\"><div class=\"blog-inner\"><div class=\"entry-title\"><h4 class=\"post-title-head\"><a href=\"https:\/\/esztar.hu\/?p=24039\" class=\"post-title\">2026. \u00e9vi Bursa Hungarica p\u00e1ly\u00e1zati ki\u00edr\u00e1s<\/a><\/h4><\/div><!-- .entry-title --><div class=\"post-excerpt\"><p>A Kultur\u00e1lis \u00e9s Innov\u00e1ci\u00f3s Miniszt\u00e9rium megb\u00edz\u00e1s\u00e1b\u00f3l a Nemzeti Kultur\u00e1lis T\u00e1mogat\u00e1skezel\u0151 ny\u00edlt p\u00e1ly\u00e1zat keret\u00e9ben meghirdeti a Bursa Hungarica Fels\u0151oktat\u00e1si \u00d6nkorm\u00e1nyzati \u00d6szt\u00f6nd\u00edjp\u00e1ly\u00e1zatot. \u00a0 &#8222;A&#8221; t\u00edpus &#8222;B&#8221; t\u00edpus &#8222;A&#8221; t\u00edpus &#8222;A&#8221;-t\u00edpus\u00fa-p\u00e1ly\u00e1zati-ki\u00edr\u00e1s Tov\u00e1bbi inform\u00e1ci\u00f3k<\/p>\n<\/div><!-- .post-excerpt --><div class=\"bottom-meta clearfix\"><ul class=\"nav bottom-meta-list meta-left\"><li><div class=\"post-date\"><a href=\"https:\/\/esztar.hu\/?m=20251001\" ><i class=\"ti-calendar\"><\/i> 2025.10.01.<\/a><\/div><\/li><\/ul><ul class=\"nav bottom-meta-list meta-right\"><li><div class=\"post-more\"><a class=\"read-more\" href=\"https:\/\/esztar.hu\/?p=24039\">Tov\u00e1bb<\/a><\/div><\/li><\/ul><\/div><\/div><!-- .blog-inner --><\/div><!-- .col \/ .owl-carousel-item \/ .isotope --><\/div><!-- .row --><div class=\"row\"><div class=\"col-lg-12 col-md-12\"><div class=\"blog-inner\"><div class=\"entry-title\"><h4 class=\"post-title-head\"><a href=\"https:\/\/esztar.hu\/?p=23929\" class=\"post-title\">TOP_PLUSZ-1.2.1-21-HB1-2022-00009, \u201e\u00c9lhet\u0151 telep\u00fcl\u00e9sek fejleszt\u00e9se Eszt\u00e1ron\u201d<\/a><\/h4><\/div><!-- .entry-title --><div class=\"post-excerpt\"><\/div><!-- .post-excerpt --><div class=\"bottom-meta clearfix\"><ul class=\"nav bottom-meta-list meta-left\"><li><div class=\"post-date\"><a href=\"https:\/\/esztar.hu\/?m=20250917\" ><i class=\"ti-calendar\"><\/i> 2025.09.17.<\/a><\/div><\/li><\/ul><ul class=\"nav bottom-meta-list meta-right\"><li><div class=\"post-more\"><a class=\"read-more\" href=\"https:\/\/esztar.hu\/?p=23929\">Tov\u00e1bb<\/a><\/div><\/li><\/ul><\/div><\/div><!-- .blog-inner --><\/div><!-- .col \/ .owl-carousel-item \/ .isotope --><\/div><!-- .row --><div class=\"row\"><div class=\"col-lg-12 col-md-12\"><div class=\"blog-inner\"><div class=\"entry-title\"><h4 class=\"post-title-head\"><a href=\"https:\/\/esztar.hu\/?p=23876\" class=\"post-title\">T\u00e1j\u00e9koztat\u00f3 &#8211; Pet\u0151fi utca \u00e9s a T\u00e1ncsics utca \u00fatfel\u00faj\u00edt\u00e1s\u00e1r\u00f3l<\/a><\/h4><\/div><!-- .entry-title --><div class=\"post-excerpt\"><\/div><!-- .post-excerpt --><div class=\"bottom-meta clearfix\"><ul class=\"nav bottom-meta-list meta-left\"><li><div class=\"post-date\"><a href=\"https:\/\/esztar.hu\/?m=20250902\" ><i class=\"ti-calendar\"><\/i> 2025.09.02.<\/a><\/div><\/li><\/ul><ul class=\"nav bottom-meta-list meta-right\"><li><div class=\"post-more\"><a class=\"read-more\" href=\"https:\/\/esztar.hu\/?p=23876\">Tov\u00e1bb<\/a><\/div><\/li><\/ul><\/div><\/div><!-- .blog-inner --><\/div><!-- .col \/ .owl-carousel-item \/ .isotope --><\/div><!-- .row --><div class=\"row\"><div class=\"col-lg-12 col-md-12\"><div class=\"blog-inner\"><div class=\"entry-title\"><h4 class=\"post-title-head\"><a href=\"https:\/\/esztar.hu\/?p=23912\" class=\"post-title\">N\u00e9pzene-oktat\u00e1si programok megval\u00f3s\u00edt\u00e1sa<\/a><\/h4><\/div><!-- .entry-title --><div class=\"post-excerpt\"><p>Eszt\u00e1r Fejl\u0151d\u00e9s\u00e9\u00e9rt Alap\u00edtv\u00e1ny szervez\u00e9s\u00e9ben, a Cso\u00f3ri S\u00e1ndor Alap t\u00e1mogat\u00e1s\u00e1val val\u00f3sult meg a Citera oktat\u00e1s \u00e9s m\u0171helymunka foglalkoz\u00e1s, amely sor\u00e1n a gyermekek tov\u00e1bb b\u0151v\u00edthett\u00e9k zenei tud\u00e1sukat \u00e9s \u00e9rt\u00e9kt\u00e1rukat T\u00f3th Gyula, a<\/p>\n<\/div><!-- .post-excerpt --><div class=\"bottom-meta clearfix\"><ul class=\"nav bottom-meta-list meta-left\"><li><div class=\"post-date\"><a href=\"https:\/\/esztar.hu\/?m=20250627\" ><i class=\"ti-calendar\"><\/i> 2025.06.27.<\/a><\/div><\/li><\/ul><ul class=\"nav bottom-meta-list meta-right\"><li><div class=\"post-more\"><a class=\"read-more\" href=\"https:\/\/esztar.hu\/?p=23912\">Tov\u00e1bb<\/a><\/div><\/li><\/ul><\/div><\/div><!-- .blog-inner --><\/div><!-- .col \/ .owl-carousel-item \/ .isotope --><\/div><!-- .row --><div class=\"post-pagination-wrap\"><ul class=\"nav pagination post-pagination justify-content-center\"><li class=\"nav-item active\"><span class=\"active\">01<\/span><\/li><li class=\"nav-item\"><a href=\"https:\/\/esztar.hu\/index.php?rest_route=%2Fwp%2Fv2%2Fpages%2F17820&#038;paged=2\">02<\/a><\/li><li class=\"nav-item\"><a href=\"https:\/\/esztar.hu\/index.php?rest_route=%2Fwp%2Fv2%2Fpages%2F17820&#038;paged=3\">03<\/a><\/li><li class=\"nav-item\"><a href=\"https:\/\/esztar.hu\/index.php?rest_route=%2Fwp%2Fv2%2Fpages%2F17820&#038;paged=4\">04<\/a><\/li><li class=\"nav-item\"><a href=\"https:\/\/esztar.hu\/index.php?rest_route=%2Fwp%2Fv2%2Fpages%2F17820&#038;paged=2\" class=\"next-page\" title=\"next\">Next<\/a><\/li><li class=\"nav-item next\"><a href=\"https:\/\/esztar.hu\/index.php?rest_route=%2Fwp%2Fv2%2Fpages%2F17820&#038;paged=4\" title=\"Last\">Last<\/a><\/li><\/ul><\/div>\t\t\t\r\n\t\t<\/div>\r\n\t\t\t\t<\/div>\n\t\t\t\t\t<\/div>\n\t\t<\/div>\n\t\t\t\t\t<\/div>\n\t\t<\/section>\n\t\t\t\t<\/div>\n\t\t","protected":false},"excerpt":{"rendered":"<p>Bursa Hungarica 2021 \u201cA\u201d T\u00cdPUS\u00da P\u00c1LY\u00c1ZATI KI\u00cdR\u00c1S \u201cB\u201d T\u00cdPUS\u00da P\u00c1LY\u00c1ZATI KI\u00cdR\u00c1S 2020.10.01. Tov\u00e1bb Hum\u00e1n szolg\u00e1ltat\u00e1sok fejleszt\u00e9se Eszt\u00e1ron Hum\u00e1n szolg\u00e1ltat\u00e1sok fejleszt\u00e9se Eszt\u00e1r \u00e9s a k\u00f6rnyez\u0151 telep\u00fcl\u00e9seken 2020.10.01. Tov\u00e1bb B\u00f6lcs\u0151dei fejleszt\u00e9si program<\/p>\n","protected":false},"author":2,"featured_media":0,"parent":0,"menu_order":0,"comment_status":"closed","ping_status":"closed","template":"","meta":{"_sitemap_exclude":false,"_sitemap_priority":"","_sitemap_frequency":"","footnotes":""},"class_list":["post-17820","page","type-page","status-publish","hentry"],"_links":{"self":[{"href":"https:\/\/esztar.hu\/index.php?rest_route=\/wp\/v2\/pages\/17820","targetHints":{"allow":["GET"]}}],"collection":[{"href":"https:\/\/esztar.hu\/index.php?rest_route=\/wp\/v2\/pages"}],"about":[{"href":"https:\/\/esztar.hu\/index.php?rest_route=\/wp\/v2\/types\/page"}],"author":[{"embeddable":true,"href":"https:\/\/esztar.hu\/index.php?rest_route=\/wp\/v2\/users\/2"}],"replies":[{"embeddable":true,"href":"https:\/\/esztar.hu\/index.php?rest_route=%2Fwp%2Fv2%2Fcomments&post=17820"}],"version-history":[{"count":5,"href":"https:\/\/esztar.hu\/index.php?rest_route=\/wp\/v2\/pages\/17820\/revisions"}],"predecessor-version":[{"id":17939,"href":"https:\/\/esztar.hu\/index.php?rest_route=\/wp\/v2\/pages\/17820\/revisions\/17939"}],"wp:attachment":[{"href":"https:\/\/esztar.hu\/index.php?rest_route=%2Fwp%2Fv2%2Fmedia&parent=17820"}],"curies":[{"name":"wp","href":"https:\/\/api.w.org\/{rel}","templated":true}]}}