{"id":17814,"date":"2023-02-06T16:58:58","date_gmt":"2023-02-06T15:58:58","guid":{"rendered":"https:\/\/esztar.hu\/?page_id=17814"},"modified":"2023-02-07T10:34:32","modified_gmt":"2023-02-07T09:34:32","slug":"tarsadalmi-tevekenysegek","status":"publish","type":"page","link":"https:\/\/esztar.hu\/?page_id=17814","title":{"rendered":"T\u00e1rsadalmi tev\u00e9kenys\u00e9gek"},"content":{"rendered":"<p><strong>\u00d6nkorm\u00e1nyzatunk az al\u00e1bbi szervezeteknek ny\u00fajtott t\u00e1mogat\u00e1st:<\/strong><\/p>\n<ul>\n<li>Arany J\u00e1nos Tehets\u00e9ggondoz\u00f3 Program<\/li>\n<li>Blondy Fc Eszt\u00e1r<\/li>\n<li>Bursa Hungarica<\/li>\n<li>Eszt\u00e1ri B\u0171nmegel\u0151z\u00e9si Egyes\u00fclet Polg\u00e1r\u0151rs\u00e9g<\/li>\n<li>Eszt\u00e1ri Citera Zenekar<\/li>\n<li>Eszt\u00e1r Fejl\u0151d\u00e9s\u00e9\u00e9rt Alap\u00edtv\u00e1ny<\/li>\n<li>Eszt\u00e1ri Id\u0151sek Klubja<\/li>\n<li>Eszt\u00e1ri K\u00e9zlabda Csapat<\/li>\n<li>Irinyi Alap\u00edtv\u00e1ny<\/li>\n<li>L\u00e9tav\u00e9rtesi T\u0171zolt\u00f3s\u00e1g<\/li>\n<\/ul>\n","protected":false},"excerpt":{"rendered":"<p>\u00d6nkorm\u00e1nyzatunk az al\u00e1bbi szervezeteknek ny\u00fajtott t\u00e1mogat\u00e1st: Arany J\u00e1nos Tehets\u00e9ggondoz\u00f3 Program Blondy Fc Eszt\u00e1r Bursa Hungarica Eszt\u00e1ri B\u0171nmegel\u0151z\u00e9si Egyes\u00fclet Polg\u00e1r\u0151rs\u00e9g Eszt\u00e1ri Citera Zenekar Eszt\u00e1r Fejl\u0151d\u00e9s\u00e9\u00e9rt Alap\u00edtv\u00e1ny Eszt\u00e1ri Id\u0151sek Klubja Eszt\u00e1ri K\u00e9zlabda Csapat Irinyi Alap\u00edtv\u00e1ny L\u00e9tav\u00e9rtesi T\u0171zolt\u00f3s\u00e1g<\/p>\n","protected":false},"author":2,"featured_media":0,"parent":17781,"menu_order":0,"comment_status":"closed","ping_status":"closed","template":"","meta":{"_sitemap_exclude":false,"_sitemap_priority":"","_sitemap_frequency":"","footnotes":""},"class_list":["post-17814","page","type-page","status-publish","hentry"],"_links":{"self":[{"href":"https:\/\/esztar.hu\/index.php?rest_route=\/wp\/v2\/pages\/17814","targetHints":{"allow":["GET"]}}],"collection":[{"href":"https:\/\/esztar.hu\/index.php?rest_route=\/wp\/v2\/pages"}],"about":[{"href":"https:\/\/esztar.hu\/index.php?rest_route=\/wp\/v2\/types\/page"}],"author":[{"embeddable":true,"href":"https:\/\/esztar.hu\/index.php?rest_route=\/wp\/v2\/users\/2"}],"replies":[{"embeddable":true,"href":"https:\/\/esztar.hu\/index.php?rest_route=%2Fwp%2Fv2%2Fcomments&post=17814"}],"version-history":[{"count":2,"href":"https:\/\/esztar.hu\/index.php?rest_route=\/wp\/v2\/pages\/17814\/revisions"}],"predecessor-version":[{"id":17818,"href":"https:\/\/esztar.hu\/index.php?rest_route=\/wp\/v2\/pages\/17814\/revisions\/17818"}],"up":[{"embeddable":true,"href":"https:\/\/esztar.hu\/index.php?rest_route=\/wp\/v2\/pages\/17781"}],"wp:attachment":[{"href":"https:\/\/esztar.hu\/index.php?rest_route=%2Fwp%2Fv2%2Fmedia&parent=17814"}],"curies":[{"name":"wp","href":"https:\/\/api.w.org\/{rel}","templated":true}]}}