{"id":17797,"date":"2023-02-06T16:40:53","date_gmt":"2023-02-06T15:40:53","guid":{"rendered":"https:\/\/esztar.hu\/?page_id=17797"},"modified":"2025-03-31T09:05:37","modified_gmt":"2025-03-31T07:05:37","slug":"kepviselo-testulet","status":"publish","type":"page","link":"https:\/\/esztar.hu\/?page_id=17797","title":{"rendered":"K\u00e9pvisel\u0151 test\u00fclet"},"content":{"rendered":"<h3><strong>Eszt\u00e1r K\u00f6zs\u00e9g \u00d6nkorm\u00e1nyzata<\/strong><\/h3>\n<p>A telep\u00fcl\u00e9s 1990. okt\u00f3ber 12-\u00e9n v\u00e1lt sz\u00e9t Pocsaj nagyk\u00f6zs\u00e9gt\u0151l, az\u00f3ta \u00f6n\u00e1ll\u00f3 \u00d6nkorm\u00e1nyzatk\u00e9nt l\u00e1tja el a feladatait.<\/p>\n<p><strong>A K\u00e9pvisel\u0151-test\u00fclet 2024. j\u00fanius 9-\u00e9n megv\u00e1lasztott, \u00e9s tiszts\u00e9g\u00fcket 2024. okt\u00f3ber 1-t\u0151l bet\u00f6lt\u0151 tagjai: <\/strong><\/p>\n<ul>\n<li>Sz\u00e9csi Tam\u00e1s polg\u00e1rmester<\/li>\n<li>Cs\u00f6rsz Gyula alpolg\u00e1rmester<\/li>\n<li>Farkas Zolt\u00e1nn\u00e9 k\u00e9pvisel\u0151<\/li>\n<li>Vajas Vera k\u00e9pvisel\u0151<\/li>\n<li>N\u00e9meth Zsolt k\u00e9pvisel\u0151<\/li>\n<li>Sz\u00e9les Tam\u00e1s K\u00e1lm\u00e1n k\u00e9pvisel\u0151<\/li>\n<li>T\u00f3th J\u00f3zsef k\u00e9pvisel\u0151<\/li>\n<\/ul>\n","protected":false},"excerpt":{"rendered":"<p>Eszt\u00e1r K\u00f6zs\u00e9g \u00d6nkorm\u00e1nyzata A telep\u00fcl\u00e9s 1990. okt\u00f3ber 12-\u00e9n v\u00e1lt sz\u00e9t Pocsaj nagyk\u00f6zs\u00e9gt\u0151l, az\u00f3ta \u00f6n\u00e1ll\u00f3 \u00d6nkorm\u00e1nyzatk\u00e9nt l\u00e1tja el a feladatait. A K\u00e9pvisel\u0151-test\u00fclet 2024. j\u00fanius 9-\u00e9n megv\u00e1lasztott, \u00e9s tiszts\u00e9g\u00fcket 2024. okt\u00f3ber 1-t\u0151l bet\u00f6lt\u0151 tagjai: Sz\u00e9csi Tam\u00e1s polg\u00e1rmester Cs\u00f6rsz Gyula alpolg\u00e1rmester Farkas Zolt\u00e1nn\u00e9 k\u00e9pvisel\u0151 Vajas Vera k\u00e9pvisel\u0151 N\u00e9meth Zsolt k\u00e9pvisel\u0151 Sz\u00e9les Tam\u00e1s K\u00e1lm\u00e1n k\u00e9pvisel\u0151 T\u00f3th J\u00f3zsef k\u00e9pvisel\u0151<\/p>\n","protected":false},"author":2,"featured_media":0,"parent":17781,"menu_order":0,"comment_status":"closed","ping_status":"closed","template":"","meta":{"_sitemap_exclude":false,"_sitemap_priority":"","_sitemap_frequency":"","footnotes":""},"class_list":["post-17797","page","type-page","status-publish","hentry"],"_links":{"self":[{"href":"https:\/\/esztar.hu\/index.php?rest_route=\/wp\/v2\/pages\/17797","targetHints":{"allow":["GET"]}}],"collection":[{"href":"https:\/\/esztar.hu\/index.php?rest_route=\/wp\/v2\/pages"}],"about":[{"href":"https:\/\/esztar.hu\/index.php?rest_route=\/wp\/v2\/types\/page"}],"author":[{"embeddable":true,"href":"https:\/\/esztar.hu\/index.php?rest_route=\/wp\/v2\/users\/2"}],"replies":[{"embeddable":true,"href":"https:\/\/esztar.hu\/index.php?rest_route=%2Fwp%2Fv2%2Fcomments&post=17797"}],"version-history":[{"count":13,"href":"https:\/\/esztar.hu\/index.php?rest_route=\/wp\/v2\/pages\/17797\/revisions"}],"predecessor-version":[{"id":23556,"href":"https:\/\/esztar.hu\/index.php?rest_route=\/wp\/v2\/pages\/17797\/revisions\/23556"}],"up":[{"embeddable":true,"href":"https:\/\/esztar.hu\/index.php?rest_route=\/wp\/v2\/pages\/17781"}],"wp:attachment":[{"href":"https:\/\/esztar.hu\/index.php?rest_route=%2Fwp%2Fv2%2Fmedia&parent=17797"}],"curies":[{"name":"wp","href":"https:\/\/api.w.org\/{rel}","templated":true}]}}