{"id":12435,"date":"2019-10-31T09:52:01","date_gmt":"2019-10-31T09:52:01","guid":{"rendered":"https:\/\/elementor.zozothemes.com\/egovenz\/?page_id=12435"},"modified":"2019-10-31T09:52:01","modified_gmt":"2019-10-31T09:52:01","slug":"town-gallery","status":"publish","type":"page","link":"https:\/\/esztar.hu\/?page_id=12435","title":{"rendered":"Town Gallery"},"content":{"rendered":"\t\t<div data-elementor-type=\"wp-page\" data-elementor-id=\"12435\" class=\"elementor elementor-12435\">\n\t\t\t\t\t\t<section class=\"elementor-section elementor-top-section elementor-element elementor-element-a58767b elementor-section-boxed elementor-section-height-default elementor-section-height-default\" data-id=\"a58767b\" data-element_type=\"section\">\n\t\t\t\t\t\t<div class=\"elementor-container elementor-column-gap-default\">\n\t\t\t\t\t<div class=\"elementor-column elementor-col-100 elementor-top-column elementor-element elementor-element-7e1cd11\" data-id=\"7e1cd11\" data-element_type=\"column\">\n\t\t\t<div class=\"elementor-widget-wrap elementor-element-populated\">\n\t\t\t\t\t\t<div class=\"elementor-element elementor-element-2b82d20 elementor-widget elementor-widget-egovenzportfolio\" data-id=\"2b82d20\" data-element_type=\"widget\" data-widget_type=\"egovenzportfolio.default\">\n\t\t\t\t\r\n\t\t<div class=\"elementor-widget-container portfolio-wrapper image-gallery portfolio-style-modern text-center portfolio-light portfolio-isotope-model shortcode-rand-1 egovenz-inline-css\" data-css=\"&quot;.shortcode-rand-1.portfolio-wrapper .portfolio-inner &gt; *:nth-child(1) { margin-bottom: 0px; }&quot;\">\r\n\t\t\r\n\t\t\t<div class=\"isotope isotope-col-3\" data-cols=\"3\" data-gutter=\"30\" data-layout=\"fitRows\" data-infinite=\"\" data-lazyload=\"\" data-loadmsg=\"Loading..\" data-loadend=\"No more portfolios..\" data-loadimg=\"https:\/\/esztar.hu\/wp-content\/plugins\/egovenz-core\/elementor-supports\/assets\/images\/infinite-loader.gif\"><div class=\"isotope-item\"><div class=\"portfolio-inner\"><div class=\"post-thumb post-overlay-active\"><img fetchpriority=\"high\" decoding=\"async\" height=\"600\" width=\"555\" class=\"img-fluid\" alt=\"II. Hajd\u00fa-Bihar V\u00e1rmegyei Pajtasz\u00ednh\u00e1zi Tal\u00e1lkoz\u00f3\" src=\"https:\/\/esztar.hu\/wp-content\/uploads\/2025\/10\/Esztar_Pajta_2025-2-scaled-555x600.jpg\"\/><div class=\"post-overlay-items overlay-bottom-left\"><div class=\"entry-title\"><h5 class=\"post-title-head\"><a href=\"https:\/\/esztar.hu\/?egovenz-portfolio=ii-hajdu-bihar-varmegyei-pajtaszinhazi-talalkozo\" class=\"post-title\">II. Hajd\u00fa-Bihar V\u00e1rmegyei Pajtasz\u00ednh\u00e1zi Tal\u00e1lkoz\u00f3<\/a><\/h5><\/div><!-- .entry-title --><div class=\"post-more\"><a class=\"read-more\" href=\"https:\/\/esztar.hu\/?egovenz-portfolio=ii-hajdu-bihar-varmegyei-pajtaszinhazi-talalkozo\">Read More<\/a><\/div><\/div><\/div><!-- .post-thumb --><\/div><!-- .portfolio-inner --><\/div><!-- .col \/ .owl-carousel-item \/ .isotope --><div class=\"isotope-item\"><div class=\"portfolio-inner\"><div class=\"post-thumb post-overlay-active\"><img decoding=\"async\" height=\"600\" width=\"555\" class=\"img-fluid\" alt=\"Sz\u00fcret 2025\" src=\"https:\/\/esztar.hu\/wp-content\/uploads\/2025\/10\/IMG_0025-scaled-555x600.jpg\"\/><div class=\"post-overlay-items overlay-bottom-left\"><div class=\"entry-title\"><h5 class=\"post-title-head\"><a href=\"https:\/\/esztar.hu\/?egovenz-portfolio=szuret-2025\" class=\"post-title\">Sz\u00fcret 2025<\/a><\/h5><\/div><!-- .entry-title --><div class=\"post-more\"><a class=\"read-more\" href=\"https:\/\/esztar.hu\/?egovenz-portfolio=szuret-2025\">Read More<\/a><\/div><\/div><\/div><!-- .post-thumb --><\/div><!-- .portfolio-inner --><\/div><!-- .col \/ .owl-carousel-item \/ .isotope --><div class=\"isotope-item\"><div class=\"portfolio-inner\"><div class=\"post-thumb post-overlay-active\"><img decoding=\"async\" height=\"410\" width=\"503\" class=\"img-fluid\" alt=\"Magyar N\u00e9pmese Napja\" src=\"https:\/\/esztar.hu\/wp-content\/uploads\/2025\/10\/A-magyar-nepmese-napja-605x410-1.jpg\"\/><div class=\"post-overlay-items overlay-bottom-left\"><div class=\"entry-title\"><h5 class=\"post-title-head\"><a href=\"https:\/\/esztar.hu\/?egovenz-portfolio=magyar-nepmese-napja\" class=\"post-title\">Magyar N\u00e9pmese Napja<\/a><\/h5><\/div><!-- .entry-title --><div class=\"post-more\"><a class=\"read-more\" href=\"https:\/\/esztar.hu\/?egovenz-portfolio=magyar-nepmese-napja\">Read More<\/a><\/div><\/div><\/div><!-- .post-thumb --><\/div><!-- .portfolio-inner --><\/div><!-- .col \/ .owl-carousel-item \/ .isotope --><div class=\"isotope-item\"><div class=\"portfolio-inner\"><div class=\"post-thumb post-overlay-active\"><img loading=\"lazy\" decoding=\"async\" height=\"600\" width=\"555\" class=\"img-fluid\" alt=\"Bolhapiac\" src=\"https:\/\/esztar.hu\/wp-content\/uploads\/2023\/02\/img_8736-1-scaled-555x600.jpg\"\/><div class=\"post-overlay-items overlay-bottom-left\"><div class=\"entry-title\"><h5 class=\"post-title-head\"><a href=\"https:\/\/esztar.hu\/?egovenz-portfolio=bolhapiac\" class=\"post-title\">Bolhapiac<\/a><\/h5><\/div><!-- .entry-title --><div class=\"post-more\"><a class=\"read-more\" href=\"https:\/\/esztar.hu\/?egovenz-portfolio=bolhapiac\">Read More<\/a><\/div><\/div><\/div><!-- .post-thumb --><\/div><!-- .portfolio-inner --><\/div><!-- .col \/ .owl-carousel-item \/ .isotope --><div class=\"isotope-item\"><div class=\"portfolio-inner\"><div class=\"post-thumb post-overlay-active\"><img loading=\"lazy\" decoding=\"async\" height=\"600\" width=\"555\" class=\"img-fluid\" alt=\"2016 T\u00e9l\" src=\"https:\/\/esztar.hu\/wp-content\/uploads\/2023\/02\/tel-1-555x600.jpg\"\/><div class=\"post-overlay-items overlay-bottom-left\"><div class=\"entry-title\"><h5 class=\"post-title-head\"><a href=\"https:\/\/esztar.hu\/?egovenz-portfolio=2016-tel\" class=\"post-title\">2016 T\u00e9l<\/a><\/h5><\/div><!-- .entry-title --><div class=\"post-more\"><a class=\"read-more\" href=\"https:\/\/esztar.hu\/?egovenz-portfolio=2016-tel\">Read More<\/a><\/div><\/div><\/div><!-- .post-thumb --><\/div><!-- .portfolio-inner --><\/div><!-- .col \/ .owl-carousel-item \/ .isotope --><div class=\"isotope-item\"><div class=\"portfolio-inner\"><div class=\"post-thumb post-overlay-active\"><img loading=\"lazy\" decoding=\"async\" height=\"600\" width=\"555\" class=\"img-fluid\" alt=\"2016 Kult\u00fara Napja\" src=\"https:\/\/esztar.hu\/wp-content\/uploads\/2023\/02\/kultnap-31-555x600.jpg\"\/><div class=\"post-overlay-items overlay-bottom-left\"><div class=\"entry-title\"><h5 class=\"post-title-head\"><a href=\"https:\/\/esztar.hu\/?egovenz-portfolio=2016-kultura-napja\" class=\"post-title\">2016 Kult\u00fara Napja<\/a><\/h5><\/div><!-- .entry-title --><div class=\"post-more\"><a class=\"read-more\" href=\"https:\/\/esztar.hu\/?egovenz-portfolio=2016-kultura-napja\">Read More<\/a><\/div><\/div><\/div><!-- .post-thumb --><\/div><!-- .portfolio-inner --><\/div><!-- .col \/ .owl-carousel-item \/ .isotope --><div class=\"isotope-item\"><div class=\"portfolio-inner\"><div class=\"post-thumb post-overlay-active\"><img loading=\"lazy\" decoding=\"async\" height=\"600\" width=\"555\" class=\"img-fluid\" alt=\"2015 Sz\u00fcreti nap\" src=\"https:\/\/esztar.hu\/wp-content\/uploads\/2023\/02\/2015szuret-98-scaled-555x600.jpg\"\/><div class=\"post-overlay-items overlay-bottom-left\"><div class=\"entry-title\"><h5 class=\"post-title-head\"><a href=\"https:\/\/esztar.hu\/?egovenz-portfolio=2015-szureti-nap\" class=\"post-title\">2015 Sz\u00fcreti nap<\/a><\/h5><\/div><!-- .entry-title --><div class=\"post-more\"><a class=\"read-more\" href=\"https:\/\/esztar.hu\/?egovenz-portfolio=2015-szureti-nap\">Read More<\/a><\/div><\/div><\/div><!-- .post-thumb --><\/div><!-- .portfolio-inner --><\/div><!-- .col \/ .owl-carousel-item \/ .isotope --><div class=\"isotope-item\"><div class=\"portfolio-inner\"><div class=\"post-thumb post-overlay-active\"><img loading=\"lazy\" decoding=\"async\" height=\"600\" width=\"555\" class=\"img-fluid\" alt=\"2015 Romanap\" src=\"https:\/\/esztar.hu\/wp-content\/uploads\/2023\/02\/2015romanap-1-scaled-555x600.jpg\"\/><div class=\"post-overlay-items overlay-bottom-left\"><div class=\"entry-title\"><h5 class=\"post-title-head\"><a href=\"https:\/\/esztar.hu\/?egovenz-portfolio=2015-romanap\" class=\"post-title\">2015 Romanap<\/a><\/h5><\/div><!-- .entry-title --><div class=\"post-more\"><a class=\"read-more\" href=\"https:\/\/esztar.hu\/?egovenz-portfolio=2015-romanap\">Read More<\/a><\/div><\/div><\/div><!-- .post-thumb --><\/div><!-- .portfolio-inner --><\/div><!-- .col \/ .owl-carousel-item \/ .isotope --><div class=\"isotope-item\"><div class=\"portfolio-inner\"><div class=\"post-thumb post-overlay-active\"><img loading=\"lazy\" decoding=\"async\" height=\"600\" width=\"555\" class=\"img-fluid\" alt=\"2015 Pog\u00e1csafesztiv\u00e1l\" src=\"https:\/\/esztar.hu\/wp-content\/uploads\/2023\/02\/a-59-scaled-555x600.jpg\"\/><div class=\"post-overlay-items overlay-bottom-left\"><div class=\"entry-title\"><h5 class=\"post-title-head\"><a href=\"https:\/\/esztar.hu\/?egovenz-portfolio=2015-pogacsafesztival\" class=\"post-title\">2015 Pog\u00e1csafesztiv\u00e1l<\/a><\/h5><\/div><!-- .entry-title --><div class=\"post-more\"><a class=\"read-more\" href=\"https:\/\/esztar.hu\/?egovenz-portfolio=2015-pogacsafesztival\">Read More<\/a><\/div><\/div><\/div><!-- .post-thumb --><\/div><!-- .portfolio-inner --><\/div><!-- .col \/ .owl-carousel-item \/ .isotope --><\/div><!-- .isotope -->\t\t\t\r\n\t\t<\/div>\r\n\t\t\t\t<\/div>\n\t\t\t\t\t<\/div>\n\t\t<\/div>\n\t\t\t\t\t<\/div>\n\t\t<\/section>\n\t\t\t\t<\/div>\n\t\t","protected":false},"excerpt":{"rendered":"<p>All Building Business Goverment sight seeing Town Read More Historical Building Read More Parks Read More Summer Celebration Read More Industrial Business Read More Office Building Read More School &amp; Collages Read More Bus and Train stations Read More Beach Read More<\/p>\n","protected":false},"author":2,"featured_media":0,"parent":0,"menu_order":0,"comment_status":"closed","ping_status":"closed","template":"","meta":{"_sitemap_exclude":false,"_sitemap_priority":"","_sitemap_frequency":"","footnotes":""},"class_list":["post-12435","page","type-page","status-publish","hentry"],"_links":{"self":[{"href":"https:\/\/esztar.hu\/index.php?rest_route=\/wp\/v2\/pages\/12435","targetHints":{"allow":["GET"]}}],"collection":[{"href":"https:\/\/esztar.hu\/index.php?rest_route=\/wp\/v2\/pages"}],"about":[{"href":"https:\/\/esztar.hu\/index.php?rest_route=\/wp\/v2\/types\/page"}],"author":[{"embeddable":true,"href":"https:\/\/esztar.hu\/index.php?rest_route=\/wp\/v2\/users\/2"}],"replies":[{"embeddable":true,"href":"https:\/\/esztar.hu\/index.php?rest_route=%2Fwp%2Fv2%2Fcomments&post=12435"}],"version-history":[{"count":0,"href":"https:\/\/esztar.hu\/index.php?rest_route=\/wp\/v2\/pages\/12435\/revisions"}],"wp:attachment":[{"href":"https:\/\/esztar.hu\/index.php?rest_route=%2Fwp%2Fv2%2Fmedia&parent=12435"}],"curies":[{"name":"wp","href":"https:\/\/api.w.org\/{rel}","templated":true}]}}