{"id":12433,"date":"2019-10-31T09:51:22","date_gmt":"2019-10-31T09:51:22","guid":{"rendered":"https:\/\/elementor.zozothemes.com\/egovenz\/?page_id=12433"},"modified":"2019-10-31T09:51:22","modified_gmt":"2019-10-31T09:51:22","slug":"blog-default-with-sidebar","status":"publish","type":"page","link":"https:\/\/esztar.hu\/?page_id=12433","title":{"rendered":"Blog Default with Sidebar"},"content":{"rendered":"\t\t<div data-elementor-type=\"wp-page\" data-elementor-id=\"12433\" class=\"elementor elementor-12433\">\n\t\t\t\t\t\t<section class=\"elementor-section elementor-top-section elementor-element elementor-element-617656c elementor-section-boxed elementor-section-height-default elementor-section-height-default\" data-id=\"617656c\" data-element_type=\"section\">\n\t\t\t\t\t\t<div class=\"elementor-container elementor-column-gap-default\">\n\t\t\t\t\t<div class=\"elementor-column elementor-col-100 elementor-top-column elementor-element elementor-element-cb81745\" data-id=\"cb81745\" data-element_type=\"column\">\n\t\t\t<div class=\"elementor-widget-wrap elementor-element-populated\">\n\t\t\t\t\t\t<section class=\"elementor-section elementor-inner-section elementor-element elementor-element-05762e9 elementor-section-boxed elementor-section-height-default elementor-section-height-default\" data-id=\"05762e9\" data-element_type=\"section\">\n\t\t\t\t\t\t<div class=\"elementor-container elementor-column-gap-default\">\n\t\t\t\t\t<div class=\"elementor-column elementor-col-100 elementor-inner-column elementor-element elementor-element-84e94c2\" data-id=\"84e94c2\" data-element_type=\"column\">\n\t\t\t<div class=\"elementor-widget-wrap elementor-element-populated\">\n\t\t\t\t\t\t<div class=\"elementor-element elementor-element-25b1360 elementor-widget elementor-widget-egovenzblog\" data-id=\"25b1360\" data-element_type=\"widget\" data-widget_type=\"egovenzblog.default\">\n\t\t\t\t\r\n\t\t<div class=\"elementor-widget-container blog-wrapper blog-style-default blog-light blog-isotope-model shortcode-rand-1 egovenz-inline-css\" data-css=\"&quot;.shortcode-rand-1.blog-wrapper .blog-inner &gt; *:nth-child(1) { margin-bottom: 30px; }.shortcode-rand-1.blog-wrapper .blog-inner &gt; *:nth-child(2) { margin-bottom: 5px; }.shortcode-rand-1.blog-wrapper .blog-inner &gt; *:nth-child(3) { margin-bottom: 60px; }.shortcode-rand-1.blog-wrapper .blog-inner &gt; *:nth-child(4) { margin-bottom: 40px; }.shortcode-rand-1.blog-wrapper .blog-inner &gt; *:nth-child(5) { margin-bottom: 25px; }&quot;\">\r\n\t\t\r\n\t\t\t<div class=\"isotope isotope-col-2\" data-cols=\"2\" data-gutter=\"30\" data-layout=\"fitRows\" data-infinite=\"\" data-lazyload=\"1\" data-loadmsg=\"Loading..\" data-loadend=\"No more posts..\" data-loadimg=\"https:\/\/esztar.hu\/wp-content\/plugins\/egovenz-core\/elementor-supports\/assets\/images\/infinite-loader.gif\"><div class=\"isotope-item egovenz-animate\"><div class=\"blog-inner\"><div class=\"top-meta clearfix\"><ul class=\"nav top-meta-list meta-left\"><li><div class=\"post-date\"><a href=\"https:\/\/esztar.hu\/?m=20260421\" ><i class=\"ti-calendar\"><\/i> 2026.04.21.<\/a><\/div><\/li><\/ul><\/div><div class=\"entry-title\"><h4 class=\"post-title-head\"><a href=\"https:\/\/esztar.hu\/?p=24709\" class=\"post-title\">Lomtalan\u00edt\u00e1s<\/a><\/h4><\/div><!-- .entry-title --><div class=\"bottom-meta clearfix\"><ul class=\"nav bottom-meta-list meta-left\"><li><div class=\"post-more\"><a class=\"read-more\" href=\"https:\/\/esztar.hu\/?p=24709\">Read More<\/a><\/div><\/li><\/ul><\/div><\/div><!-- .blog-inner --><\/div><!-- .col \/ .owl-carousel-item \/ .isotope --><div class=\"isotope-item egovenz-animate\"><div class=\"blog-inner\"><div class=\"top-meta clearfix\"><ul class=\"nav top-meta-list meta-left\"><li><div class=\"post-date\"><a href=\"https:\/\/esztar.hu\/?m=20260414\" ><i class=\"ti-calendar\"><\/i> 2026.04.14.<\/a><\/div><\/li><\/ul><\/div><div class=\"entry-title\"><h4 class=\"post-title-head\"><a href=\"https:\/\/esztar.hu\/?p=24705\" class=\"post-title\">\u00c9tlap 2026.04.13.-2026.04.17.<\/a><\/h4><\/div><!-- .entry-title --><div class=\"bottom-meta clearfix\"><ul class=\"nav bottom-meta-list meta-left\"><li><div class=\"post-more\"><a class=\"read-more\" href=\"https:\/\/esztar.hu\/?p=24705\">Read More<\/a><\/div><\/li><\/ul><\/div><\/div><!-- .blog-inner --><\/div><!-- .col \/ .owl-carousel-item \/ .isotope --><div class=\"isotope-item egovenz-animate\"><div class=\"blog-inner\"><div class=\"post-thumb\"><img fetchpriority=\"high\" decoding=\"async\" height=\"700\" width=\"767\" class=\"img-fluid\" alt=\"V\u00e1laszt\u00e1si eredm\u00e9nyek\" src=\"https:\/\/esztar.hu\/wp-content\/uploads\/2026\/04\/a8aa3b67-cdbe-4004-a64b-dbfe9252e5f4-0-scaled-767x700.jpg\"\/><\/div><!-- .post-thumb --><div class=\"top-meta clearfix\"><ul class=\"nav top-meta-list meta-left\"><li><div class=\"post-date\"><a href=\"https:\/\/esztar.hu\/?m=20260414\" ><i class=\"ti-calendar\"><\/i> 2026.04.14.<\/a><\/div><\/li><\/ul><\/div><div class=\"entry-title\"><h4 class=\"post-title-head\"><a href=\"https:\/\/esztar.hu\/?p=24699\" class=\"post-title\">V\u00e1laszt\u00e1si eredm\u00e9nyek<\/a><\/h4><\/div><!-- .entry-title --><div class=\"bottom-meta clearfix\"><ul class=\"nav bottom-meta-list meta-left\"><li><div class=\"post-more\"><a class=\"read-more\" href=\"https:\/\/esztar.hu\/?p=24699\">Read More<\/a><\/div><\/li><\/ul><\/div><\/div><!-- .blog-inner --><\/div><!-- .col \/ .owl-carousel-item \/ .isotope --><div class=\"isotope-item egovenz-animate\"><div class=\"blog-inner\"><div class=\"top-meta clearfix\"><ul class=\"nav top-meta-list meta-left\"><li><div class=\"post-date\"><a href=\"https:\/\/esztar.hu\/?m=20260327\" ><i class=\"ti-calendar\"><\/i> 2026.03.27.<\/a><\/div><\/li><\/ul><\/div><div class=\"entry-title\"><h4 class=\"post-title-head\"><a href=\"https:\/\/esztar.hu\/?p=24687\" class=\"post-title\">Versenyk\u00e9pes J\u00e1r\u00e1sok Program &#8211; Z\u00e1r\u00f3 Rendezv\u00e9ny<\/a><\/h4><\/div><!-- .entry-title --><div class=\"bottom-meta clearfix\"><ul class=\"nav bottom-meta-list meta-left\"><li><div class=\"post-more\"><a class=\"read-more\" href=\"https:\/\/esztar.hu\/?p=24687\">Read More<\/a><\/div><\/li><\/ul><\/div><\/div><!-- .blog-inner --><\/div><!-- .col \/ .owl-carousel-item \/ .isotope --><div class=\"isotope-item egovenz-animate\"><div class=\"blog-inner\"><div class=\"post-thumb\"><img decoding=\"async\" height=\"700\" width=\"767\" class=\"img-fluid\" alt=\"1848-49\" src=\"https:\/\/esztar.hu\/wp-content\/uploads\/2026\/03\/20260313_095735-scaled-767x700.jpg\"\/><\/div><!-- .post-thumb --><div class=\"top-meta clearfix\"><ul class=\"nav top-meta-list meta-left\"><li><div class=\"post-date\"><a href=\"https:\/\/esztar.hu\/?m=20260313\" ><i class=\"ti-calendar\"><\/i> 2026.03.13.<\/a><\/div><\/li><\/ul><\/div><div class=\"entry-title\"><h4 class=\"post-title-head\"><a href=\"https:\/\/esztar.hu\/?p=24665\" class=\"post-title\">1848-49<\/a><\/h4><\/div><!-- .entry-title --><div class=\"bottom-meta clearfix\"><ul class=\"nav bottom-meta-list meta-left\"><li><div class=\"post-more\"><a class=\"read-more\" href=\"https:\/\/esztar.hu\/?p=24665\">Read More<\/a><\/div><\/li><\/ul><\/div><\/div><!-- .blog-inner --><\/div><!-- .col \/ .owl-carousel-item \/ .isotope --><div class=\"isotope-item egovenz-animate\"><div class=\"blog-inner\"><div class=\"top-meta clearfix\"><ul class=\"nav top-meta-list meta-left\"><li><div class=\"post-date\"><a href=\"https:\/\/esztar.hu\/?m=20260309\" ><i class=\"ti-calendar\"><\/i> 2026.03.09.<\/a><\/div><\/li><\/ul><\/div><div class=\"entry-title\"><h4 class=\"post-title-head\"><a href=\"https:\/\/esztar.hu\/?p=24655\" class=\"post-title\">\u00c9tkez\u00e9si t\u00e9r\u00edt\u00e9si d\u00edj v\u00e1ltoz\u00e1s!<\/a><\/h4><\/div><!-- .entry-title --><div class=\"bottom-meta clearfix\"><ul class=\"nav bottom-meta-list meta-left\"><li><div class=\"post-more\"><a class=\"read-more\" href=\"https:\/\/esztar.hu\/?p=24655\">Read More<\/a><\/div><\/li><\/ul><\/div><\/div><!-- .blog-inner --><\/div><!-- .col \/ .owl-carousel-item \/ .isotope --><div class=\"isotope-item egovenz-animate\"><div class=\"blog-inner\"><div class=\"post-thumb\"><img decoding=\"async\" height=\"700\" width=\"767\" class=\"img-fluid\" alt=\"K\u00f6zlem\u00e9ny!\" src=\"https:\/\/esztar.hu\/wp-content\/uploads\/2026\/03\/Messenger_creation_BF2F83D9-7590-4EB2-B91F-045C064C2B28-2-767x700.jpeg\"\/><\/div><!-- .post-thumb --><div class=\"top-meta clearfix\"><ul class=\"nav top-meta-list meta-left\"><li><div class=\"post-date\"><a href=\"https:\/\/esztar.hu\/?m=20260306\" ><i class=\"ti-calendar\"><\/i> 2026.03.06.<\/a><\/div><\/li><\/ul><\/div><div class=\"entry-title\"><h4 class=\"post-title-head\"><a href=\"https:\/\/esztar.hu\/?p=24649\" class=\"post-title\">K\u00f6zlem\u00e9ny!<\/a><\/h4><\/div><!-- .entry-title --><div class=\"bottom-meta clearfix\"><ul class=\"nav bottom-meta-list meta-left\"><li><div class=\"post-more\"><a class=\"read-more\" href=\"https:\/\/esztar.hu\/?p=24649\">Read More<\/a><\/div><\/li><\/ul><\/div><\/div><!-- .blog-inner --><\/div><!-- .col \/ .owl-carousel-item \/ .isotope --><div class=\"isotope-item egovenz-animate\"><div class=\"blog-inner\"><div class=\"post-thumb\"><img loading=\"lazy\" decoding=\"async\" height=\"700\" width=\"767\" class=\"img-fluid\" alt=\"Eszt\u00e1r N\u0151nap\" src=\"https:\/\/esztar.hu\/wp-content\/uploads\/2026\/03\/Brown-and-Beige-Elegant-Flower-Shop-Instagram-Post-4-767x700.png\"\/><\/div><!-- .post-thumb --><div class=\"top-meta clearfix\"><ul class=\"nav top-meta-list meta-left\"><li><div class=\"post-date\"><a href=\"https:\/\/esztar.hu\/?m=20260304\" ><i class=\"ti-calendar\"><\/i> 2026.03.04.<\/a><\/div><\/li><\/ul><\/div><div class=\"entry-title\"><h4 class=\"post-title-head\"><a href=\"https:\/\/esztar.hu\/?p=24641\" class=\"post-title\">Eszt\u00e1r N\u0151nap<\/a><\/h4><\/div><!-- .entry-title --><div class=\"bottom-meta clearfix\"><ul class=\"nav bottom-meta-list meta-left\"><li><div class=\"post-more\"><a class=\"read-more\" href=\"https:\/\/esztar.hu\/?p=24641\">Read More<\/a><\/div><\/li><\/ul><\/div><\/div><!-- .blog-inner --><\/div><!-- .col \/ .owl-carousel-item \/ .isotope --><div class=\"isotope-item egovenz-animate\"><div class=\"blog-inner\"><div class=\"post-thumb\"><img loading=\"lazy\" decoding=\"async\" height=\"700\" width=\"767\" class=\"img-fluid\" alt=\"M\u00e1rcius 15.\" src=\"https:\/\/esztar.hu\/wp-content\/uploads\/2026\/03\/Alcimsor-hozzaadasa-7-767x700.png\"\/><\/div><!-- .post-thumb --><div class=\"top-meta clearfix\"><ul class=\"nav top-meta-list meta-left\"><li><div class=\"post-date\"><a href=\"https:\/\/esztar.hu\/?m=20260304\" ><i class=\"ti-calendar\"><\/i> 2026.03.04.<\/a><\/div><\/li><\/ul><\/div><div class=\"entry-title\"><h4 class=\"post-title-head\"><a href=\"https:\/\/esztar.hu\/?p=24637\" class=\"post-title\">M\u00e1rcius 15.<\/a><\/h4><\/div><!-- .entry-title --><div class=\"bottom-meta clearfix\"><ul class=\"nav bottom-meta-list meta-left\"><li><div class=\"post-more\"><a class=\"read-more\" href=\"https:\/\/esztar.hu\/?p=24637\">Read More<\/a><\/div><\/li><\/ul><\/div><\/div><!-- .blog-inner --><\/div><!-- .col \/ .owl-carousel-item \/ .isotope --><div class=\"isotope-item egovenz-animate\"><div class=\"blog-inner\"><div class=\"post-thumb\"><img loading=\"lazy\" decoding=\"async\" height=\"700\" width=\"767\" class=\"img-fluid\" alt=\"Dr. G\u00f6mbk\u00f6t\u0151 P\u00e9ter\" src=\"https:\/\/esztar.hu\/wp-content\/uploads\/2026\/02\/20260210_084830-767x700.jpg\"\/><\/div><!-- .post-thumb --><div class=\"top-meta clearfix\"><ul class=\"nav top-meta-list meta-left\"><li><div class=\"post-date\"><a href=\"https:\/\/esztar.hu\/?m=20260210\" ><i class=\"ti-calendar\"><\/i> 2026.02.10.<\/a><\/div><\/li><\/ul><\/div><div class=\"entry-title\"><h4 class=\"post-title-head\"><a href=\"https:\/\/esztar.hu\/?p=24632\" class=\"post-title\">Dr. G\u00f6mbk\u00f6t\u0151 P\u00e9ter<\/a><\/h4><\/div><!-- .entry-title --><div class=\"bottom-meta clearfix\"><ul class=\"nav bottom-meta-list meta-left\"><li><div class=\"post-more\"><a class=\"read-more\" href=\"https:\/\/esztar.hu\/?p=24632\">Read More<\/a><\/div><\/li><\/ul><\/div><\/div><!-- .blog-inner --><\/div><!-- .col \/ .owl-carousel-item \/ .isotope --><\/div><!-- .isotope -->\t\t\t\r\n\t\t<\/div>\r\n\t\t\t\t<\/div>\n\t\t\t\t\t<\/div>\n\t\t<\/div>\n\t\t\t\t\t<\/div>\n\t\t<\/section>\n\t\t\t\t\t<\/div>\n\t\t<\/div>\n\t\t\t\t\t<\/div>\n\t\t<\/section>\n\t\t\t\t<\/div>\n\t\t","protected":false},"excerpt":{"rendered":"<p>November 8, 2019 Summer Festival Tickets on Sale! Read More November 8, 2019 Upcoming Meetings in Our Town Read More November 8, 2019 Traffic Safety Notice of Egovenz Read More November 8, 2019 Soccer Tournament Timetable Read More November 8, 2019 Annual Marathon Registration Read More October 25, 2019 Urban&#8217;s Dream Act &#8211; How can<\/p>\n","protected":false},"author":2,"featured_media":0,"parent":0,"menu_order":0,"comment_status":"closed","ping_status":"closed","template":"","meta":{"_sitemap_exclude":false,"_sitemap_priority":"","_sitemap_frequency":"","footnotes":""},"class_list":["post-12433","page","type-page","status-publish","hentry"],"_links":{"self":[{"href":"https:\/\/esztar.hu\/index.php?rest_route=\/wp\/v2\/pages\/12433","targetHints":{"allow":["GET"]}}],"collection":[{"href":"https:\/\/esztar.hu\/index.php?rest_route=\/wp\/v2\/pages"}],"about":[{"href":"https:\/\/esztar.hu\/index.php?rest_route=\/wp\/v2\/types\/page"}],"author":[{"embeddable":true,"href":"https:\/\/esztar.hu\/index.php?rest_route=\/wp\/v2\/users\/2"}],"replies":[{"embeddable":true,"href":"https:\/\/esztar.hu\/index.php?rest_route=%2Fwp%2Fv2%2Fcomments&post=12433"}],"version-history":[{"count":0,"href":"https:\/\/esztar.hu\/index.php?rest_route=\/wp\/v2\/pages\/12433\/revisions"}],"wp:attachment":[{"href":"https:\/\/esztar.hu\/index.php?rest_route=%2Fwp%2Fv2%2Fmedia&parent=12433"}],"curies":[{"name":"wp","href":"https:\/\/api.w.org\/{rel}","templated":true}]}}