{"id":12411,"date":"2019-10-31T09:42:58","date_gmt":"2019-10-31T09:42:58","guid":{"rendered":"https:\/\/elementor.zozothemes.com\/egovenz\/?page_id=12411"},"modified":"2019-10-31T09:42:58","modified_gmt":"2019-10-31T09:42:58","slug":"notices","status":"publish","type":"page","link":"https:\/\/esztar.hu\/?page_id=12411","title":{"rendered":"Notices"},"content":{"rendered":"\t\t<div data-elementor-type=\"wp-page\" data-elementor-id=\"12411\" class=\"elementor elementor-12411\">\n\t\t\t\t\t\t<section class=\"elementor-section elementor-inner-section elementor-element elementor-element-4e9f9c5 elementor-section-boxed elementor-section-height-default elementor-section-height-default\" data-id=\"4e9f9c5\" data-element_type=\"section\">\n\t\t\t\t\t\t<div class=\"elementor-container elementor-column-gap-default\">\n\t\t\t\t\t<div class=\"elementor-column elementor-col-100 elementor-inner-column elementor-element elementor-element-bf1eaf9\" data-id=\"bf1eaf9\" data-element_type=\"column\">\n\t\t\t<div class=\"elementor-widget-wrap elementor-element-populated\">\n\t\t\t\t\t\t<div class=\"elementor-element elementor-element-0975571 elementor-widget elementor-widget-egovenzsectiontitle\" data-id=\"0975571\" data-element_type=\"widget\" data-widget_type=\"egovenzsectiontitle.default\">\n\t\t\t\t<div class=\"elementor-widget-container\">\n\t\t\t<div class=\"section-title-wrapper margin-bottom-0\"><div class=\"title-wrap\"><h3 class=\"section-title\">Latest Notices From Goverment<\/h3><span class=\"title-separator separator-border theme-color-bg\"><\/span><\/div><!-- .title-wrap --><div class=\"section-description\"><\/div><!-- .section-description --><\/div><!-- .section-title-wrapper -->\t\t<\/div>\n\t\t\t\t<\/div>\n\t\t\t\t\t<\/div>\n\t\t<\/div>\n\t\t\t\t\t<\/div>\n\t\t<\/section>\n\t\t\t\t<section class=\"elementor-section elementor-top-section elementor-element elementor-element-2761d68 elementor-section-boxed elementor-section-height-default elementor-section-height-default\" data-id=\"2761d68\" data-element_type=\"section\">\n\t\t\t\t\t\t<div class=\"elementor-container elementor-column-gap-default\">\n\t\t\t\t\t<div class=\"elementor-column elementor-col-100 elementor-top-column elementor-element elementor-element-53c8f90\" data-id=\"53c8f90\" data-element_type=\"column\">\n\t\t\t<div class=\"elementor-widget-wrap elementor-element-populated\">\n\t\t\t\t\t\t<section class=\"elementor-section elementor-inner-section elementor-element elementor-element-362f0d2 elementor-section-boxed elementor-section-height-default elementor-section-height-default\" data-id=\"362f0d2\" data-element_type=\"section\">\n\t\t\t\t\t\t<div class=\"elementor-container elementor-column-gap-default\">\n\t\t\t\t\t<div class=\"elementor-column elementor-col-100 elementor-inner-column elementor-element elementor-element-d104db5\" data-id=\"d104db5\" data-element_type=\"column\">\n\t\t\t<div class=\"elementor-widget-wrap elementor-element-populated\">\n\t\t\t\t\t\t<div class=\"elementor-element elementor-element-be9cf58 elementor-widget elementor-widget-egovenzblog\" data-id=\"be9cf58\" data-element_type=\"widget\" data-widget_type=\"egovenzblog.default\">\n\t\t\t\t\r\n\t\t<div class=\"elementor-widget-container blog-wrapper blog-style-list blog-light blog-normal-model shortcode-rand-1 egovenz-inline-css\" data-css=\"&quot;.shortcode-rand-1.blog-wrapper .blog-inner .media &gt; .media-body &gt; *:nth-child(1) { margin-bottom: 18px; }.shortcode-rand-1.blog-wrapper .blog-inner .media &gt; .media-body &gt; *:nth-child(2) { margin-bottom: 10px; }.shortcode-rand-1.blog-wrapper .blog-inner .media &gt; .media-body &gt; *:nth-child(3) { margin-bottom: 20px; }&quot;\">\r\n\t\t\r\n\t\t\t<div class=\"row\"><div class=\"col-lg-12 col-md-12\"><div class=\"blog-inner\"><div class=\"media\"><div class=\"media-body\"><div class=\"top-meta clearfix\"><ul class=\"nav top-meta-list meta-left\"><li><div class=\"post-date\"><a href=\"https:\/\/esztar.hu\/?m=20260414\" ><i class=\"ti-calendar\"><\/i> 2026.04.14.<\/a><\/div><\/li><\/ul><\/div><div class=\"entry-title\"><h5 class=\"post-title-head\"><a href=\"https:\/\/esztar.hu\/?p=24705\" class=\"post-title\">\u00c9tlap 2026.04.13.-2026.04.17.<\/a><\/h5><\/div><!-- .entry-title --><div class=\"post-excerpt\"><\/div><!-- .post-excerpt --><div class=\"bottom-meta clearfix\"><ul class=\"nav bottom-meta-list meta-left\"><li><div class=\"post-more\"><a class=\"read-more\" href=\"https:\/\/esztar.hu\/?p=24705\">Read More<\/a><\/div><\/li><\/ul><\/div><\/div><!-- .media-body --><\/div><!-- .media --><\/div><!-- .blog-inner --><\/div><!-- .col \/ .owl-carousel-item \/ .isotope --><\/div><!-- .row --><div class=\"row\"><div class=\"col-lg-12 col-md-12\"><div class=\"blog-inner\"><div class=\"media\"><div class=\"post-thumb post-overlay-active\"><img fetchpriority=\"high\" decoding=\"async\" height=\"548\" width=\"767\" class=\"img-fluid\" alt=\"V\u00e1laszt\u00e1si eredm\u00e9nyek\" src=\"https:\/\/esztar.hu\/wp-content\/uploads\/2026\/04\/a8aa3b67-cdbe-4004-a64b-dbfe9252e5f4-0-scaled-767x548.jpg\"\/><div class=\"post-overlay-items\"><div class=\"post-category\"><span class=\"before-icon ti-folder\"><\/span><a href=\"https:\/\/esztar.hu\/?cat=82\">Civil kur\u00e1zsi<\/a>,<a href=\"https:\/\/esztar.hu\/?cat=54\">Civil oldal<\/a>,<a href=\"https:\/\/esztar.hu\/?cat=81\">Eszt\u00e1r inf\u00f3<\/a>,<a href=\"https:\/\/esztar.hu\/?cat=46\">Felh\u00edv\u00e1sok<\/a>,<a href=\"https:\/\/esztar.hu\/?cat=41\">H\u00edrek<\/a>,<a href=\"https:\/\/esztar.hu\/?cat=48\">\u00d6nkorm\u00e1nyzat<\/a><\/div><\/div><\/div><!-- .post-thumb --><div class=\"media-body\"><div class=\"top-meta clearfix\"><ul class=\"nav top-meta-list meta-left\"><li><div class=\"post-date\"><a href=\"https:\/\/esztar.hu\/?m=20260414\" ><i class=\"ti-calendar\"><\/i> 2026.04.14.<\/a><\/div><\/li><\/ul><\/div><div class=\"entry-title\"><h5 class=\"post-title-head\"><a href=\"https:\/\/esztar.hu\/?p=24699\" class=\"post-title\">V\u00e1laszt\u00e1si eredm\u00e9nyek<\/a><\/h5><\/div><!-- .entry-title --><div class=\"post-excerpt\"><\/div><!-- .post-excerpt --><div class=\"bottom-meta clearfix\"><ul class=\"nav bottom-meta-list meta-left\"><li><div class=\"post-more\"><a class=\"read-more\" href=\"https:\/\/esztar.hu\/?p=24699\">Read More<\/a><\/div><\/li><\/ul><\/div><\/div><!-- .media-body --><\/div><!-- .media --><\/div><!-- .blog-inner --><\/div><!-- .col \/ .owl-carousel-item \/ .isotope --><\/div><!-- .row --><div class=\"row\"><div class=\"col-lg-12 col-md-12\"><div class=\"blog-inner\"><div class=\"media\"><div class=\"media-body\"><div class=\"top-meta clearfix\"><ul class=\"nav top-meta-list meta-left\"><li><div class=\"post-date\"><a href=\"https:\/\/esztar.hu\/?m=20260327\" ><i class=\"ti-calendar\"><\/i> 2026.03.27.<\/a><\/div><\/li><\/ul><\/div><div class=\"entry-title\"><h5 class=\"post-title-head\"><a href=\"https:\/\/esztar.hu\/?p=24687\" class=\"post-title\">Versenyk\u00e9pes J\u00e1r\u00e1sok Program &#8211; Z\u00e1r\u00f3 Rendezv\u00e9ny<\/a><\/h5><\/div><!-- .entry-title --><div class=\"post-excerpt\"><p>2026. m\u00e1rcius 26-\u00e1n sikeresen lez\u00e1rultak Eszt\u00e1r K\u00f6zs\u00e9g \u00d6nkorm\u00e1nyzat\u00e1nak fejleszt\u00e9si projektjei a Versenyk\u00e9pes<\/p>\n<\/div><!-- .post-excerpt --><div class=\"bottom-meta clearfix\"><ul class=\"nav bottom-meta-list meta-left\"><li><div class=\"post-more\"><a class=\"read-more\" href=\"https:\/\/esztar.hu\/?p=24687\">Read More<\/a><\/div><\/li><\/ul><\/div><\/div><!-- .media-body --><\/div><!-- .media --><\/div><!-- .blog-inner --><\/div><!-- .col \/ .owl-carousel-item \/ .isotope --><\/div><!-- .row --><div class=\"row\"><div class=\"col-lg-12 col-md-12\"><div class=\"blog-inner\"><div class=\"media\"><div class=\"post-thumb post-overlay-active\"><img decoding=\"async\" height=\"548\" width=\"767\" class=\"img-fluid\" alt=\"1848-49\" src=\"https:\/\/esztar.hu\/wp-content\/uploads\/2026\/03\/20260313_095735-scaled-767x548.jpg\"\/><div class=\"post-overlay-items\"><div class=\"post-category\"><span class=\"before-icon ti-folder\"><\/span><a href=\"https:\/\/esztar.hu\/?cat=82\">Civil kur\u00e1zsi<\/a>,<a href=\"https:\/\/esztar.hu\/?cat=54\">Civil oldal<\/a>,<a href=\"https:\/\/esztar.hu\/?cat=1\">Egy\u00e9b kateg\u00f3ria<\/a>,<a href=\"https:\/\/esztar.hu\/?cat=81\">Eszt\u00e1r inf\u00f3<\/a>,<a href=\"https:\/\/esztar.hu\/?cat=41\">H\u00edrek<\/a>,<a href=\"https:\/\/esztar.hu\/?cat=90\">L\u00e1tnival\u00f3k<\/a><\/div><\/div><\/div><!-- .post-thumb --><div class=\"media-body\"><div class=\"top-meta clearfix\"><ul class=\"nav top-meta-list meta-left\"><li><div class=\"post-date\"><a href=\"https:\/\/esztar.hu\/?m=20260313\" ><i class=\"ti-calendar\"><\/i> 2026.03.13.<\/a><\/div><\/li><\/ul><\/div><div class=\"entry-title\"><h5 class=\"post-title-head\"><a href=\"https:\/\/esztar.hu\/?p=24665\" class=\"post-title\">1848-49<\/a><\/h5><\/div><!-- .entry-title --><div class=\"post-excerpt\"><p>A K\u00f6z\u00f6ss\u00e9gi Sz\u00ednt\u00e9r is \u00fcnnepi k\u00fcls\u0151t kapott a m\u00e1rciusi ifjak tisztelet\u00e9re. \ud83c\udded\ud83c\uddfa<\/p>\n<\/div><!-- .post-excerpt --><div class=\"bottom-meta clearfix\"><ul class=\"nav bottom-meta-list meta-left\"><li><div class=\"post-more\"><a class=\"read-more\" href=\"https:\/\/esztar.hu\/?p=24665\">Read More<\/a><\/div><\/li><\/ul><\/div><\/div><!-- .media-body --><\/div><!-- .media --><\/div><!-- .blog-inner --><\/div><!-- .col \/ .owl-carousel-item \/ .isotope --><\/div><!-- .row --><div class=\"row\"><div class=\"col-lg-12 col-md-12\"><div class=\"blog-inner\"><div class=\"media\"><div class=\"media-body\"><div class=\"top-meta clearfix\"><ul class=\"nav top-meta-list meta-left\"><li><div class=\"post-date\"><a href=\"https:\/\/esztar.hu\/?m=20260309\" ><i class=\"ti-calendar\"><\/i> 2026.03.09.<\/a><\/div><\/li><\/ul><\/div><div class=\"entry-title\"><h5 class=\"post-title-head\"><a href=\"https:\/\/esztar.hu\/?p=24655\" class=\"post-title\">\u00c9tkez\u00e9si t\u00e9r\u00edt\u00e9si d\u00edj v\u00e1ltoz\u00e1s!<\/a><\/h5><\/div><!-- .entry-title --><div class=\"post-excerpt\"><\/div><!-- .post-excerpt --><div class=\"bottom-meta clearfix\"><ul class=\"nav bottom-meta-list meta-left\"><li><div class=\"post-more\"><a class=\"read-more\" href=\"https:\/\/esztar.hu\/?p=24655\">Read More<\/a><\/div><\/li><\/ul><\/div><\/div><!-- .media-body --><\/div><!-- .media --><\/div><!-- .blog-inner --><\/div><!-- .col \/ .owl-carousel-item \/ .isotope --><\/div><!-- .row --><div class=\"row\"><div class=\"col-lg-12 col-md-12\"><div class=\"blog-inner\"><div class=\"media\"><div class=\"post-thumb post-overlay-active\"><img decoding=\"async\" height=\"548\" width=\"767\" class=\"img-fluid\" alt=\"K\u00f6zlem\u00e9ny!\" src=\"https:\/\/esztar.hu\/wp-content\/uploads\/2026\/03\/Messenger_creation_BF2F83D9-7590-4EB2-B91F-045C064C2B28-2-767x548.jpeg\"\/><div class=\"post-overlay-items\"><div class=\"post-category\"><span class=\"before-icon ti-folder\"><\/span><a href=\"https:\/\/esztar.hu\/?cat=54\">Civil oldal<\/a>,<a href=\"https:\/\/esztar.hu\/?cat=81\">Eszt\u00e1r inf\u00f3<\/a>,<a href=\"https:\/\/esztar.hu\/?cat=46\">Felh\u00edv\u00e1sok<\/a>,<a href=\"https:\/\/esztar.hu\/?cat=41\">H\u00edrek<\/a>,<a href=\"https:\/\/esztar.hu\/?cat=48\">\u00d6nkorm\u00e1nyzat<\/a><\/div><\/div><\/div><!-- .post-thumb --><div class=\"media-body\"><div class=\"top-meta clearfix\"><ul class=\"nav top-meta-list meta-left\"><li><div class=\"post-date\"><a href=\"https:\/\/esztar.hu\/?m=20260306\" ><i class=\"ti-calendar\"><\/i> 2026.03.06.<\/a><\/div><\/li><\/ul><\/div><div class=\"entry-title\"><h5 class=\"post-title-head\"><a href=\"https:\/\/esztar.hu\/?p=24649\" class=\"post-title\">K\u00f6zlem\u00e9ny!<\/a><\/h5><\/div><!-- .entry-title --><div class=\"post-excerpt\"><p>K\u00d6ZLEM\u00c9NY KEDVES LAKOSAINK! \u00d6r\u00f6mmel t\u00e1j\u00e9koztatjuk \u00d6n\u00f6ket, hogy hosszas tervez\u00e9si el\u0151k\u00e9sz\u00fcletek ut\u00e1n ma<\/p>\n<\/div><!-- .post-excerpt --><div class=\"bottom-meta clearfix\"><ul class=\"nav bottom-meta-list meta-left\"><li><div class=\"post-more\"><a class=\"read-more\" href=\"https:\/\/esztar.hu\/?p=24649\">Read More<\/a><\/div><\/li><\/ul><\/div><\/div><!-- .media-body --><\/div><!-- .media --><\/div><!-- .blog-inner --><\/div><!-- .col \/ .owl-carousel-item \/ .isotope --><\/div><!-- .row --><div class=\"row\"><div class=\"col-lg-12 col-md-12\"><div class=\"blog-inner\"><div class=\"media\"><div class=\"post-thumb post-overlay-active\"><img loading=\"lazy\" decoding=\"async\" height=\"548\" width=\"767\" class=\"img-fluid\" alt=\"Eszt\u00e1r N\u0151nap\" src=\"https:\/\/esztar.hu\/wp-content\/uploads\/2026\/03\/Brown-and-Beige-Elegant-Flower-Shop-Instagram-Post-4-767x548.png\"\/><div class=\"post-overlay-items\"><div class=\"post-category\"><span class=\"before-icon ti-folder\"><\/span><a href=\"https:\/\/esztar.hu\/?cat=54\">Civil oldal<\/a>,<a href=\"https:\/\/esztar.hu\/?cat=1\">Egy\u00e9b kateg\u00f3ria<\/a>,<a href=\"https:\/\/esztar.hu\/?cat=81\">Eszt\u00e1r inf\u00f3<\/a>,<a href=\"https:\/\/esztar.hu\/?cat=41\">H\u00edrek<\/a>,<a href=\"https:\/\/esztar.hu\/?cat=64\">K\u00f6z\u00f6ss\u00e9gi \u00e9let<\/a>,<a href=\"https:\/\/esztar.hu\/?cat=87\">Kult\u00fara<\/a><\/div><\/div><\/div><!-- .post-thumb --><div class=\"media-body\"><div class=\"top-meta clearfix\"><ul class=\"nav top-meta-list meta-left\"><li><div class=\"post-date\"><a href=\"https:\/\/esztar.hu\/?m=20260304\" ><i class=\"ti-calendar\"><\/i> 2026.03.04.<\/a><\/div><\/li><\/ul><\/div><div class=\"entry-title\"><h5 class=\"post-title-head\"><a href=\"https:\/\/esztar.hu\/?p=24641\" class=\"post-title\">Eszt\u00e1r N\u0151nap<\/a><\/h5><\/div><!-- .entry-title --><div class=\"post-excerpt\"><p>\ud83c\udf37 \u201eA n\u0151 nemcsak az \u00e9let forr\u00e1sa, hanem a szeretet, az er\u0151<\/p>\n<\/div><!-- .post-excerpt --><div class=\"bottom-meta clearfix\"><ul class=\"nav bottom-meta-list meta-left\"><li><div class=\"post-more\"><a class=\"read-more\" href=\"https:\/\/esztar.hu\/?p=24641\">Read More<\/a><\/div><\/li><\/ul><\/div><\/div><!-- .media-body --><\/div><!-- .media --><\/div><!-- .blog-inner --><\/div><!-- .col \/ .owl-carousel-item \/ .isotope --><\/div><!-- .row --><div class=\"row\"><div class=\"col-lg-12 col-md-12\"><div class=\"blog-inner\"><div class=\"media\"><div class=\"post-thumb post-overlay-active\"><img loading=\"lazy\" decoding=\"async\" height=\"548\" width=\"767\" class=\"img-fluid\" alt=\"M\u00e1rcius 15.\" src=\"https:\/\/esztar.hu\/wp-content\/uploads\/2026\/03\/Alcimsor-hozzaadasa-7-767x548.png\"\/><div class=\"post-overlay-items\"><div class=\"post-category\"><span class=\"before-icon ti-folder\"><\/span><a href=\"https:\/\/esztar.hu\/?cat=54\">Civil oldal<\/a>,<a href=\"https:\/\/esztar.hu\/?cat=1\">Egy\u00e9b kateg\u00f3ria<\/a>,<a href=\"https:\/\/esztar.hu\/?cat=81\">Eszt\u00e1r inf\u00f3<\/a>,<a href=\"https:\/\/esztar.hu\/?cat=46\">Felh\u00edv\u00e1sok<\/a>,<a href=\"https:\/\/esztar.hu\/?cat=41\">H\u00edrek<\/a>,<a href=\"https:\/\/esztar.hu\/?cat=64\">K\u00f6z\u00f6ss\u00e9gi \u00e9let<\/a>,<a href=\"https:\/\/esztar.hu\/?cat=87\">Kult\u00fara<\/a><\/div><\/div><\/div><!-- .post-thumb --><div class=\"media-body\"><div class=\"top-meta clearfix\"><ul class=\"nav top-meta-list meta-left\"><li><div class=\"post-date\"><a href=\"https:\/\/esztar.hu\/?m=20260304\" ><i class=\"ti-calendar\"><\/i> 2026.03.04.<\/a><\/div><\/li><\/ul><\/div><div class=\"entry-title\"><h5 class=\"post-title-head\"><a href=\"https:\/\/esztar.hu\/?p=24637\" class=\"post-title\">M\u00e1rcius 15.<\/a><\/h5><\/div><!-- .entry-title --><div class=\"post-excerpt\"><p>\u00dcnnepi megeml\u00e9kez\u00e9s \u2013 M\u00e1rcius 15. Tisztelettel \u00e9s szeretettel h\u00edvjuk a k\u00f6zs\u00e9g lak\u00f3it\u00a0m\u00e1rcius<\/p>\n<\/div><!-- .post-excerpt --><div class=\"bottom-meta clearfix\"><ul class=\"nav bottom-meta-list meta-left\"><li><div class=\"post-more\"><a class=\"read-more\" href=\"https:\/\/esztar.hu\/?p=24637\">Read More<\/a><\/div><\/li><\/ul><\/div><\/div><!-- .media-body --><\/div><!-- .media --><\/div><!-- .blog-inner --><\/div><!-- .col \/ .owl-carousel-item \/ .isotope --><\/div><!-- .row --><div class=\"row\"><div class=\"col-lg-12 col-md-12\"><div class=\"blog-inner\"><div class=\"media\"><div class=\"post-thumb post-overlay-active\"><img loading=\"lazy\" decoding=\"async\" height=\"548\" width=\"767\" class=\"img-fluid\" alt=\"Dr. G\u00f6mbk\u00f6t\u0151 P\u00e9ter\" src=\"https:\/\/esztar.hu\/wp-content\/uploads\/2026\/02\/20260210_084830-767x548.jpg\"\/><div class=\"post-overlay-items\"><div class=\"post-category\"><span class=\"before-icon ti-folder\"><\/span><a href=\"https:\/\/esztar.hu\/?cat=54\">Civil oldal<\/a>,<a href=\"https:\/\/esztar.hu\/?cat=62\">Eml\u00e9khelyek<\/a>,<a href=\"https:\/\/esztar.hu\/?cat=81\">Eszt\u00e1r inf\u00f3<\/a>,<a href=\"https:\/\/esztar.hu\/?cat=41\">H\u00edrek<\/a>,<a href=\"https:\/\/esztar.hu\/?cat=48\">\u00d6nkorm\u00e1nyzat<\/a><\/div><\/div><\/div><!-- .post-thumb --><div class=\"media-body\"><div class=\"top-meta clearfix\"><ul class=\"nav top-meta-list meta-left\"><li><div class=\"post-date\"><a href=\"https:\/\/esztar.hu\/?m=20260210\" ><i class=\"ti-calendar\"><\/i> 2026.02.10.<\/a><\/div><\/li><\/ul><\/div><div class=\"entry-title\"><h5 class=\"post-title-head\"><a href=\"https:\/\/esztar.hu\/?p=24632\" class=\"post-title\">Dr. G\u00f6mbk\u00f6t\u0151 P\u00e9ter<\/a><\/h5><\/div><!-- .entry-title --><div class=\"post-excerpt\"><p>Tisztelt Eszt\u00e1riak! M\u00e9ly f\u00e1jdalommal \u00e9s megd\u00f6bbeness\u00e9l \u00e9rtes\u00fclt\u00fcnk Dr. Gombk\u00f6t\u0151 P\u00e9ter h\u00e1ziorvos tragikus<\/p>\n<\/div><!-- .post-excerpt --><div class=\"bottom-meta clearfix\"><ul class=\"nav bottom-meta-list meta-left\"><li><div class=\"post-more\"><a class=\"read-more\" href=\"https:\/\/esztar.hu\/?p=24632\">Read More<\/a><\/div><\/li><\/ul><\/div><\/div><!-- .media-body --><\/div><!-- .media --><\/div><!-- .blog-inner --><\/div><!-- .col \/ .owl-carousel-item \/ .isotope --><\/div><!-- .row --><div class=\"row\"><div class=\"col-lg-12 col-md-12\"><div class=\"blog-inner\"><div class=\"media\"><div class=\"post-thumb post-overlay-active\"><img loading=\"lazy\" decoding=\"async\" height=\"548\" width=\"767\" class=\"img-fluid\" alt=\"Tor-M\u00e1mor Eszt\u00e1r avagy a Kocsonyamustra\" src=\"https:\/\/esztar.hu\/wp-content\/uploads\/2026\/01\/TOR-MAMO-2-767x548.png\"\/><div class=\"post-overlay-items\"><div class=\"post-category\"><span class=\"before-icon ti-folder\"><\/span><a href=\"https:\/\/esztar.hu\/?cat=82\">Civil kur\u00e1zsi<\/a>,<a href=\"https:\/\/esztar.hu\/?cat=54\">Civil oldal<\/a>,<a href=\"https:\/\/esztar.hu\/?cat=1\">Egy\u00e9b kateg\u00f3ria<\/a>,<a href=\"https:\/\/esztar.hu\/?cat=81\">Eszt\u00e1r inf\u00f3<\/a>,<a href=\"https:\/\/esztar.hu\/?cat=46\">Felh\u00edv\u00e1sok<\/a>,<a href=\"https:\/\/esztar.hu\/?cat=92\">Gasztro<\/a>,<a href=\"https:\/\/esztar.hu\/?cat=64\">K\u00f6z\u00f6ss\u00e9gi \u00e9let<\/a>,<a href=\"https:\/\/esztar.hu\/?cat=87\">Kult\u00fara<\/a><\/div><\/div><\/div><!-- .post-thumb --><div class=\"media-body\"><div class=\"top-meta clearfix\"><ul class=\"nav top-meta-list meta-left\"><li><div class=\"post-date\"><a href=\"https:\/\/esztar.hu\/?m=20260130\" ><i class=\"ti-calendar\"><\/i> 2026.01.30.<\/a><\/div><\/li><\/ul><\/div><div class=\"entry-title\"><h5 class=\"post-title-head\"><a href=\"https:\/\/esztar.hu\/?p=24625\" class=\"post-title\">Tor-M\u00e1mor Eszt\u00e1r avagy a Kocsonyamustra<\/a><\/h5><\/div><!-- .entry-title --><div class=\"post-excerpt\"><p>A jelentkez\u00e9si lap az al\u00e1bbi linken el\u00e9rhet\u0151: https:\/\/docs.google.com\/document\/d\/1ljvL6HJbS430nT8toSDdM9y18L6M7d1Y\/edit?usp=sharing&#038;ouid=101934976923895279872&#038;rtpof=true&#038;sd=true<\/p>\n<\/div><!-- .post-excerpt --><div class=\"bottom-meta clearfix\"><ul class=\"nav bottom-meta-list meta-left\"><li><div class=\"post-more\"><a class=\"read-more\" href=\"https:\/\/esztar.hu\/?p=24625\">Read More<\/a><\/div><\/li><\/ul><\/div><\/div><!-- .media-body --><\/div><!-- .media --><\/div><!-- .blog-inner --><\/div><!-- .col \/ .owl-carousel-item \/ .isotope --><\/div><!-- .row -->\t\t\t\r\n\t\t<\/div>\r\n\t\t\t\t<\/div>\n\t\t\t\t\t<\/div>\n\t\t<\/div>\n\t\t\t\t\t<\/div>\n\t\t<\/section>\n\t\t\t\t\t<\/div>\n\t\t<\/div>\n\t\t\t\t\t<\/div>\n\t\t<\/section>\n\t\t\t\t<\/div>\n\t\t","protected":false},"excerpt":{"rendered":"<p>Latest Notices From Goverment Notices November 8, 2019 Upcoming Meetings in Our<\/p>\n","protected":false},"author":2,"featured_media":0,"parent":0,"menu_order":0,"comment_status":"closed","ping_status":"closed","template":"","meta":{"_sitemap_exclude":false,"_sitemap_priority":"","_sitemap_frequency":"","footnotes":""},"class_list":["post-12411","page","type-page","status-publish","hentry"],"_links":{"self":[{"href":"https:\/\/esztar.hu\/index.php?rest_route=\/wp\/v2\/pages\/12411","targetHints":{"allow":["GET"]}}],"collection":[{"href":"https:\/\/esztar.hu\/index.php?rest_route=\/wp\/v2\/pages"}],"about":[{"href":"https:\/\/esztar.hu\/index.php?rest_route=\/wp\/v2\/types\/page"}],"author":[{"embeddable":true,"href":"https:\/\/esztar.hu\/index.php?rest_route=\/wp\/v2\/users\/2"}],"replies":[{"embeddable":true,"href":"https:\/\/esztar.hu\/index.php?rest_route=%2Fwp%2Fv2%2Fcomments&post=12411"}],"version-history":[{"count":0,"href":"https:\/\/esztar.hu\/index.php?rest_route=\/wp\/v2\/pages\/12411\/revisions"}],"wp:attachment":[{"href":"https:\/\/esztar.hu\/index.php?rest_route=%2Fwp%2Fv2%2Fmedia&parent=12411"}],"curies":[{"name":"wp","href":"https:\/\/api.w.org\/{rel}","templated":true}]}}